{"id":139,"date":"2021-04-22T08:52:40","date_gmt":"2021-04-22T06:52:40","guid":{"rendered":"https:\/\/dryamd.eu\/?page_id=139"},"modified":"2022-05-12T16:51:54","modified_gmt":"2022-05-12T14:51:54","slug":"sitemap","status":"publish","type":"page","link":"https:\/\/dryamd.eu\/de\/sitemap\/","title":{"rendered":"Sitemap"},"content":{"rendered":"\n<h1 class=\"bgcolor-seperate mt-5\"><strong>Sitemap<\/strong><\/h1>\n\n\n\n<p><\/p>\n\n\n\n<p><strong><strong>Hauptnavigation<\/strong><\/strong><\/p>\n\n\n\n<p><a href=\"https:\/\/dryamd.eu\/de\/\" title=\"Home\"><strong><strong>Homepage: Fortgeschrittene trockene AMD<\/strong><\/strong><\/a><\/p>\n\n\n\n<p> Vorstellung der Website f\u00fcr Betroffene mit fortgeschrittener trockener AMD oder geographischer Atrophie<\/p>\n\n\n\n<p><strong><strong><a href=\"https:\/\/dryamd.eu\/de\/ueber-amd\/\" title=\"\u00dcber die altersabh\u00e4ngige Makuladegeneration\">Seite: \u00dcber die altersabh\u00e4ngige Makuladegeneration<\/a><\/strong><\/strong><\/p>\n\n\n\n<p> Hier finden Sie Informationen \u00fcber fortgeschrittene Formen der altersabh\u00e4ngigen Makuladegeneration \u2013 trockene und feuchte AMD<\/p>\n\n\n\n<p><strong><strong><a href=\"https:\/\/dryamd.eu\/de\/leben-mit-ga\/\" title=\"Leben mit geographischer Atrophie\">Seite: Leben mit geographischer Atrophie<\/a><\/strong><\/strong><\/p>\n\n\n\n<p>  Download von Infografiken zum Thema fortgeschrittene trockene AMD in verschiedenen Formaten f\u00fcr Sehbehinderte und ihre Angeh\u00f6rigen<\/p>\n\n\n\n<p><strong><strong><a href=\"https:\/\/dryamd.eu\/de\/wissenschaft-von-ga\/\" title=\"Die Wissenschaft der geographischen Atrophie\">Seite: Die Wissenschaft der geographischen Atrophie<\/a><\/strong><\/strong><\/p>\n\n\n\n<p>  Hier k\u00f6nnen Sie sich Videos ansehen und finden weiterf\u00fchrende Informationen \u00fcber die fortgeschrittene trockene AMD und die Forschung in Bezug auf Behandlungsm\u00f6glichkeiten<\/p>\n\n\n\n<p><\/p>\n\n\n\n<p>    <\/p>\n\n\n\n<div style=\"height:100px\" aria-hidden=\"true\" class=\"wp-block-spacer\"><\/div>\n\n\n\n<p>    <\/p>\n\n\n\n<p><strong><strong>Navigationsunterst\u00fctzung<\/strong><\/strong><\/p>\n\n\n\n<p><a href=\"https:\/\/dryamd.eu\/de\/sitemap\" title=\"Sitemap\">Sitemap<\/a><\/p>\n\n\n\n<p><a href=\"https:\/\/dryamd.eu\/de\/glossar\/\" title=\"Glossar\">Glossar<\/a><\/p>\n\n\n\n<p><a href=\"https:\/\/dryamd.eu\/de\/impressum\/\" title=\"Impressum\">Impressum<\/a><\/p>\n\n\n\n<p><a href=\"https:\/\/dryamd.eu\/de\/rechtshinweise\" title=\"Rechtliche Hinweise\">Rechtliche Hinweise<\/a><\/p>\n\n\n\n<p><a href=\"https:\/\/dryamd.eu\/de\/datenschutzerklaerung\" title=\"Datenschutzerkl\u00e4rung\">Datenschutzerkl\u00e4rung<\/a><\/p>\n\n\n\n<div style=\"height:100px\" aria-hidden=\"true\" class=\"wp-block-spacer\"><\/div>\n\n\n\n<p>EU-GA-2100004<\/p>\n","protected":false},"excerpt":{"rendered":"<p>Sitemap Hauptnavigation Homepage: Fortgeschrittene trockene AMD Vorstellung der Website f\u00fcr Betroffene mit fortgeschrittener trockener AMD oder geographischer Atrophie Seite: \u00dcber die altersabh\u00e4ngige Makuladegeneration Hier finden Sie Informationen \u00fcber fortgeschrittene Formen der altersabh\u00e4ngigen Makuladegeneration \u2013 trockene und feuchte AMD Seite: Leben mit geographischer Atrophie Download von Infografiken zum Thema fortgeschrittene trockene AMD in verschiedenen Formaten f\u00fcr [&hellip;]<\/p>\n","protected":false},"author":1,"featured_media":0,"parent":0,"menu_order":0,"comment_status":"closed","ping_status":"closed","template":"","meta":[],"_links":{"self":[{"href":"https:\/\/dryamd.eu\/de\/wp-json\/wp\/v2\/pages\/139"}],"collection":[{"href":"https:\/\/dryamd.eu\/de\/wp-json\/wp\/v2\/pages"}],"about":[{"href":"https:\/\/dryamd.eu\/de\/wp-json\/wp\/v2\/types\/page"}],"author":[{"embeddable":true,"href":"https:\/\/dryamd.eu\/de\/wp-json\/wp\/v2\/users\/1"}],"replies":[{"embeddable":true,"href":"https:\/\/dryamd.eu\/de\/wp-json\/wp\/v2\/comments?post=139"}],"version-history":[{"count":8,"href":"https:\/\/dryamd.eu\/de\/wp-json\/wp\/v2\/pages\/139\/revisions"}],"predecessor-version":[{"id":1045,"href":"https:\/\/dryamd.eu\/de\/wp-json\/wp\/v2\/pages\/139\/revisions\/1045"}],"wp:attachment":[{"href":"https:\/\/dryamd.eu\/de\/wp-json\/wp\/v2\/media?parent=139"}],"curies":[{"name":"wp","href":"https:\/\/api.w.org\/{rel}","templated":true}]}}