{"id":141,"date":"2021-04-22T08:53:29","date_gmt":"2021-04-22T06:53:29","guid":{"rendered":"https:\/\/dryamd.eu\/?page_id=141"},"modified":"2023-05-16T17:24:23","modified_gmt":"2023-05-16T15:24:23","slug":"rechtshinweise","status":"publish","type":"page","link":"https:\/\/dryamd.eu\/de\/rechtshinweise\/","title":{"rendered":"Rechtliche Erkl\u00e4rung"},"content":{"rendered":"\n<h1 class=\"bgcolor-seperate mt-5\"><strong>Rechtliche Erkl\u00e4rung<\/strong><\/h1>\n\n\n\n<p><strong>Apellis International GmbH<\/strong>\u00a0<\/p>\n\n\n\n<p>Willkommen auf der Website dryamd.com (\u201edryamd.com\u201c).<\/p>\n\n\n\n<p>Wir beziehen uns auf diese Website, die sich im Besitz und unter der Kontrolle der Apellis (\u201eApellis\u201c) International GmbH mit Sitz in Z\u00e4hlerweg 10, 6300 Zug, Schweiz, befindet.<\/p>\n\n\n\n<p>Sie k\u00f6nnen diese Website nutzen, sofern Sie diese Gesch\u00e4ftsbedingungen einhalten.<\/p>\n\n\n\n<p>Apellis respektiert die Privatsph\u00e4re der Nutzer dieser Website.<\/p>\n\n\n\n<p>Bitte lesen und beachten Sie daher auch die Bestimmungen unserer Datenschutzerkl\u00e4rung, in der die Praktiken von Apellis in Bezug auf die Erfassung und Verwendung Ihrer personenbezogenen Daten offengelegt werden, sowie andere Richtlinien, die andere Teile dieser Website regeln.<\/p>\n\n\n\n<p><strong>Art der Informationen<\/strong><\/p>\n\n\n\n<p>Apellis hat diese Website nur f\u00fcr allgemeine Informations- und Bildungszwecke erstellt und pflegt sie.<\/p>\n\n\n\n<p>Diese Website bietet keinen medizinischen Rat.<\/p>\n\n\n\n<p>Die bereitgestellten Informationen ersetzen nicht die tats\u00e4chliche medizinische Versorgung.<\/p>\n\n\n\n<p>Sie sollten die hierin enthaltenen Informationen nicht zur Diagnose einer Krankheit oder eines k\u00f6rperlichen Problems oder zur Verschreibung oder Anwendung von Medikamenten, die am Pr\u00fcfzentrum vorgestellt werden, verwenden.<\/p>\n\n\n\n<p>Personen, die eine Diagnose oder Behandlung ben\u00f6tigen oder spezifische Fragen zu ihrer Erkrankung oder Versorgung haben, werden dringend gebeten, sich an ihren Gesundheitsdienstleister zu wenden.<\/p>\n\n\n\n<p>Die Informationen auf der Website k\u00f6nnen direkte oder indirekte Verweise auf Produkte, Programme oder Dienstleistungen von Apellis enthalten, die in bestimmten L\u00e4ndern oder Regionen m\u00f6glicherweise nicht verf\u00fcgbar sind und die je nach Land unterschiedlichen Vorschriften und Nutzungsbedingungen unterliegen k\u00f6nnen.<\/p>\n\n\n\n<p>Diese Verweise sind von Apellis nicht dazu bestimmt, diese Produkte, Programme oder Dienstleistungen zu verkaufen.<\/p>\n\n\n\n<p>Die auf dieser Website pr\u00e4sentierten Informationen sind oder waren zum Datum der \u201eletzten Aktualisierung\u201c auf jeder Seite aktuell.<\/p>\n\n\n\n<p>Apellis kann jederzeit Verbesserungen und\/oder \u00c4nderungen an dieser Website vornehmen.<\/p>\n\n\n\n<p>Obwohl Apellis versucht, Informationen auf dieser Website regelm\u00e4\u00dfig zu aktualisieren, k\u00f6nnen die auf oder \u00fcber diese Website bereitgestellten Informationen, Materialien und Dienstleistungen gelegentlich ungenau, unvollst\u00e4ndig oder veraltet sein oder Tippfehler enthalten.<\/p>\n\n\n\n<p>Apellis lehnt ausdr\u00fccklich jede Pflicht zur Aktualisierung der auf dieser Website enthaltenen Informationen ab, und Apellis haftet nicht f\u00fcr das Vers\u00e4umnis, diese Informationen zu aktualisieren oder zu \u00fcberarbeiten, sei es aufgrund neuer Informationen, zuk\u00fcnftiger Ereignisse oder Umst\u00e4nde oder anderweitig.<\/p>\n\n\n\n<p>Es liegt in Ihrer Verantwortung, alle auf dieser Website enthaltenen Informationen zu \u00fcberpr\u00fcfen, bevor Sie sich darauf verlassen.<\/p>\n\n\n\n<p><strong>Links<\/strong><\/p>\n\n\n\n<p>Diese Website kann Links zu Websites enthalten, die von anderen Parteien betrieben werden.<\/p>\n\n\n\n<p>Die verlinkten Websites unterliegen nicht der Kontrolle von Apellis, und Apellis ist nicht f\u00fcr die Inhalte verantwortlich, die auf anderen Websites verf\u00fcgbar sind, die mit dieser Website verlinkt sind.<\/p>\n\n\n\n<p>Solche Links bedeuten nicht, dass Apellis Materialien auf einer anderen Website unterst\u00fctzt, und Apellis lehnt jegliche Haftung in Bezug auf Ihren Zugriff auf solche verlinkten Websites ab.<\/p>\n\n\n\n<p>Apellis stellt Links zu anderen Websites als Annehmlichkeit f\u00fcr Benutzer bereit, und der Zugriff auf andere Websites, die mit dieser Website verlinkt sind, erfolgt auf Ihr eigenes Risiko.<\/p>\n\n\n\n<p>Wir \u00fcbernehmen keine Verantwortung f\u00fcr externe Websites und deren Inhalte, die sich auf unsere Website beziehen oder auf die \u00fcber Links von dieser Website verwiesen wird.<\/p>\n\n\n\n<p><strong>Haftungsbeschr\u00e4nkung und Gew\u00e4hrleistungsausschluss<\/strong><\/p>\n\n\n\n<p>Ihre Nutzung dieser Website und der Materialien erfolgt auf Ihr eigenes Risiko.<\/p>\n\n\n\n<p>\u00c4nderungen an dieser Website und den Materialien k\u00f6nnen und werden jederzeit vorgenommen.<\/p>\n\n\n\n<p>Es liegt in Ihrer Verantwortung, solche \u00c4nderungen zu \u00fcberwachen.<\/p>\n\n\n\n<p>Der Zugang zu den Materialien ist f\u00fcr bestimmte Personen oder in bestimmten L\u00e4ndern m\u00f6glicherweise nicht angemessen.<\/p>\n\n\n\n<p>Wenn Sie auf diese Website zugreifen, tun Sie dies auf Ihr eigenes Risiko und sind f\u00fcr die Einhaltung der Gesetze Ihrer Gerichtsbarkeit verantwortlich.<\/p>\n\n\n\n<p>Soweit gesetzlich zul\u00e4ssig, schlie\u00dfen wir die Haftung f\u00fcr Fehler oder Auslassungen und die Folgen der Nutzung der Informationen oder der Website aus.<\/p>\n\n\n\n<p>Apellis garantiert nicht, dass die Website fehlerfrei funktioniert oder dass diese Website und ihr Server frei von Computerviren und anderen sch\u00e4dlichen G\u00fctern sind.<\/p>\n\n\n\n<p>Wenn Ihre Nutzung dieser Website dazu f\u00fchrt, dass Ger\u00e4te oder Daten gewartet oder ersetzt werden m\u00fcssen, ist Apellis nicht f\u00fcr diese Kosten verantwortlich.<\/p>\n\n\n\n<p>Diese Website und Materialien werden ohne ausdr\u00fcckliche oder stillschweigende Gew\u00e4hrleistung jeglicher Art im Ist-Zustand bereitgestellt.<\/p>\n\n\n\n<p>Apellis und seine Lieferanten lehnen im gr\u00f6\u00dftm\u00f6glichen gesetzlich zul\u00e4ssigen Umfang alle ausdr\u00fccklichen und stillschweigenden Garantien ab, einschlie\u00dflich der Gew\u00e4hrleistung der Marktg\u00e4ngigkeit, der Nichtverletzung von Rechten Dritter und der Eignung f\u00fcr einen bestimmten Zweck.<\/p>\n\n\n\n<p>Apellis und seine Lieferanten \u00fcbernehmen keine Gew\u00e4hrleistung f\u00fcr die Richtigkeit, Zuverl\u00e4ssigkeit, Vollst\u00e4ndigkeit oder Aktualit\u00e4t der Materialien, Dienstleistungen, Softwaretexte, Grafiken und Links oder f\u00fcr die Ergebnisse, die durch die Nutzung dieser Website erzielt werden sollen.<\/p>\n\n\n\n<p>In einigen Rechtsordnungen ist der Ausschluss bestimmter Garantien nicht zul\u00e4ssig.<\/p>\n\n\n\n<p>Dementsprechend trifft der oben genannte Ausschluss m\u00f6glicherweise nicht auf Sie zu.<\/p>\n\n\n\n<p>In keinem Fall haften Apellis, ihre verbundenen Unternehmen, Lieferanten oder Dritte, die auf dieser Website erw\u00e4hnt werden oder an der Erstellung, Produktion oder Lieferung dieser Website beteiligt sind, f\u00fcr Sch\u00e4den jeglicher Art (einschlie\u00dflich, aber nicht beschr\u00e4nkt auf Neben- und Folgesch\u00e4den, entgangene Gewinne oder Sch\u00e4den aufgrund von Datenverlusten oder Gesch\u00e4ftsunterbrechungen), die sich aus dem Zugriff auf, der Nutzung oder der Unf\u00e4higkeit zur Nutzung dieser Website und der Materialien oder einer verlinkten Website ergeben, unabh\u00e4ngig davon, ob sie auf einer Garantie, einem Vertrag, einer unerlaubten Handlung oder einer anderen Rechtstheorie beruhen und auch unabh\u00e4ngig davon, ob Apellis auf die M\u00f6glichkeit solcher Sch\u00e4den hingewiesen wurde oder nicht. In keinem Fall \u00fcbersteigt die Gesamthaftung von Apellis Ihnen gegen\u00fcber f\u00fcr alle Sch\u00e4den, Verluste und Klagegr\u00fcnde (ob aus Vertrag, unerlaubter Handlung, einschlie\u00dflich und ohne Einschr\u00e4nkung Fahrl\u00e4ssigkeit, oder anderweitig) den Betrag, den Sie gegebenenfalls f\u00fcr den Zugriff auf diese Website bezahlt haben.<\/p>\n\n\n\n<p><strong>Urheberrechte und Marken<\/strong><\/p>\n\n\n\n<p>Diese Website und die darin enthaltenen Informationen sind Eigentum von Apellis und seinen verbundenen Unternehmen und Lizenzgebern und sind durch das Urheberrecht der Vereinigten Staaten, internationale Konventionen und andere Gesetze zum geistigen Eigentum vor unbefugtem Kopieren und Verbreitung gesch\u00fctzt.<\/p>\n\n\n\n<p>Die auf dieser Website angezeigten Marken und Logos sind Marken von Apellis, sofern nicht anders angegeben.<\/p>\n\n\n\n<p>Nichts auf dieser Website sollte so ausgelegt werden, dass eine Lizenz oder ein Recht an oder auf Marken, Logos oder anderen geistigen Eigentumsrechten gew\u00e4hrt wird.<\/p>\n\n\n\n<p>Alle Rechte sind den Inhabern jeder Marke, Dienstleistungsmarke, jedes Logos oder sonstigen geistigen Eigentums vorbehalten, sofern in dieser Erkl\u00e4rung nichts anderes beschrieben ist.<\/p>\n\n\n\n<p>Es ist nicht gestattet, ohne die vorherige schriftliche Zustimmung von Apellis auf unseren Namen oder das Apellis-Logo mit Links auf digitalen Kan\u00e4len oder anderweitig zu verweisen.<\/p>\n\n\n\n<p>Die folgende Mitteilung muss auf allen Kopien erscheinen, die ganz oder teilweise vom Inhalt der Website autorisiert wurden:<\/p>\n\n\n\n<p>\u201eCOPYRIGHT Apellis Pharmaceuticals, Inc. 2021<\/p>\n\n\n\n<p>ALLE RECHTE VORBEHALTEN.\u201c<\/p>\n\n\n\n<p><strong>Schadloshaltung<\/strong><\/p>\n\n\n\n<p>Sie erkl\u00e4ren sich damit einverstanden, Apellis gegen alle Anspr\u00fcche, Klagen oder Forderungen zu verteidigen, zu entsch\u00e4digen und schadlos zu halten, einschlie\u00dflich, aber nicht beschr\u00e4nkt auf angemessene Rechts- und Buchhaltungsgeb\u00fchren, die sich aus Ihrem Versto\u00df gegen diese Gesch\u00e4ftsbedingungen oder Ihrem Zugriff auf, Ihrer Nutzung oder Ihrem Missbrauch dieser Website oder der Materialien ergeben oder daraus resultieren.<\/p>\n\n\n\n<p>Apellis wird Sie \u00fcber solche Anspr\u00fcche, Klagen oder Verfahren informieren.<\/p>\n\n\n\n<p>Apellis beh\u00e4lt sich das Recht vor, die ausschlie\u00dfliche Verteidigung und Kontrolle \u00fcber alle Angelegenheiten zu \u00fcbernehmen, die gem\u00e4\u00df diesem Abschnitt einer Schadloshaltung unterliegen.<\/p>\n\n\n\n<p>In diesem Fall erkl\u00e4ren Sie sich damit einverstanden, bei allen angemessenen Anfragen zu kooperieren, die Apellis bei der Verteidigung gegen diese Angelegenheit unterst\u00fctzen.<\/p>\n\n\n\n<p><strong>Zukunftsgerichtete Aussagen<\/strong><\/p>\n\n\n\n<p>Diese Website enth\u00e4lt zukunftsgerichtete Aussagen im Sinne des Private Securities Litigation Reform Act von 1995 in der jeweils g\u00fcltigen Fassung, einschlie\u00dflich Aussagen \u00fcber unsere zuk\u00fcnftigen Erwartungen, Pl\u00e4ne, Aussichten, Ziele und Strategien.<\/p>\n\n\n\n<p>Ohne Einschr\u00e4nkung des Vorstehenden sollen die W\u00f6rter \u201ekann\u201c, \u201ewird\u201c, \u201ek\u00f6nnte\u201c, \u201ew\u00fcrde\u201c, \u201esollte\u201c, \u201eerwarten\u201c, \u201eplanen\u201c, \u201eantizipieren\u201c, \u201ebeabsichtigen\u201c, \u201eglauben\u201c, \u201esch\u00e4tzen\u201c, \u201eprognostizieren\u201c, \u201epotenziell\u201c, \u201efortsetzen\u201c, \u201eZiel\u201c und \u00e4hnliche Ausdr\u00fccke zukunftsgerichtete Aussagen identifizieren, obwohl nicht alle zukunftsgerichteten Aussagen diese identifizierenden W\u00f6rter enthalten.<\/p>\n\n\n\n<p>Es gibt eine Reihe bekannter und unbekannter Risiken, Unsicherheiten und anderer wichtiger Faktoren, die dazu f\u00fchren k\u00f6nnten, dass die tats\u00e4chlichen Ergebnisse, Leistungen oder Errungenschaften von Apellis wesentlich von denen abweichen, die in zukunftsgerichteten Aussagen ausgedr\u00fcckt oder impliziert werden.<\/p>\n\n\n\n<p>Zu diesen Risiken und Unsicherheiten geh\u00f6ren unter anderem die Risiken und Unsicherheiten im Zusammenhang mit dem Zeitpunkt und den Ergebnissen aktueller oder geplanter klinischer Studien und pr\u00e4klinischer Studien, einschlie\u00dflich der nachfolgenden Analyse bestehender und neuer Daten aus laufenden und zuk\u00fcnftigen Studien; Apellis\u2018 Fortschritte bei mehreren Bem\u00fchungen im Fr\u00fchstadium; den Inhalt und Zeitpunkt von Entscheidungen, die von der US-amerikanischen Food and Drug Administration und anderen Aufsichtsbeh\u00f6rden getroffen wurden, Pr\u00fcfgremien an klinischen Pr\u00fcfzentren und Publikationsgremien; die F\u00e4higkeit von Apellis, die erforderlichen beh\u00f6rdlichen Genehmigungen einzuholen und aufrechtzuerhalten und Patienten in seine aktuellen oder geplanten klinischen Studien aufzunehmen; die F\u00e4higkeit von Apellis, Patent- und anderen Schutz des geistigen Eigentums f\u00fcr alle Produktkandidaten, die es entwickelt, aufrecht zu erhalten und durchzusetzen; und die F\u00e4higkeit von Apellis, wichtige Zusammenarbeiten und den Erfolg dieser Zusammenarbeiten aufrechtzuerhalten; sowie andere Risiken, die im Jahresbericht, Quartalsberichten und andere Einreichungen von Apellis unter \u201eRisikofaktoren\u201c aufgef\u00fchrt sind, die sie von Zeit zu Zeit bei der Securities and Exchange Commission einreicht, allesamt \u00fcber diese Website und unter www.sec.gov errreichbar.<\/p>\n\n\n\n<p>Apellis \u00fcbernimmt keine Verpflichtung, zukunftsgerichtete Aussagen auf dieser Website aufgrund neuer Informationen, zuk\u00fcnftiger Ereignisse oder Umst\u00e4nde oder anderweitig zu aktualisieren.<\/p>\n\n\n\n<p>Keine der auf dieser Website enthaltenen Informationen soll in die Einreichungen von Apellis bei der Securities and Exchange Commission aufgenommen werden und darf nicht als solches angesehen werden.<\/p>\n\n\n\n<p><strong>Geltendes Recht<\/strong><\/p>\n\n\n\n<p>Diese Allgemeinen Gesch\u00e4ftsbedingungen unterliegen dem Recht der Schweiz ohne Ber\u00fccksichtigung der kollisionsrechtlichen Grunds\u00e4tze.<\/p>\n\n\n\n<p>Alle Klagen oder Verfahren, die auf diesen allgemeinen Gesch\u00e4ftsbedingungen oder Ihrer Nutzung dieser Website beruhen, sich daraus ergeben oder damit in Zusammenhang stehen (einschlie\u00dflich aller darin enthaltenen Informationen), werden ausschlie\u00dflich bei den Gerichten in Zug erhoben, und alle Parteien verzichten auf jegliche Einw\u00e4nde gegen die pers\u00f6nliche Zust\u00e4ndigkeit und den Gerichtsstand dieser Gerichte.<\/p>\n\n\n\n<p><strong>Sonstiges<\/strong><\/p>\n\n\n\n<p>Sollte eine Bestimmung dieser Gesch\u00e4ftsbedingungen von einem zust\u00e4ndigen Gericht f\u00fcr ung\u00fcltig befunden werden, ber\u00fchrt die Ung\u00fcltigkeit dieser Bestimmung nicht die G\u00fcltigkeit der \u00fcbrigen Bestimmungen dieser Gesch\u00e4ftsbedingungen, die in vollem Umfang in Kraft bleiben.<\/p>\n\n\n\n<p>Das Vers\u00e4umnis von Apellis, eine Bestimmung der Vereinbarung zu befolgen oder durchzusetzen, darf nicht als Verzicht auf diese Bestimmung oder eine andere Bestimmung in diesen Gesch\u00e4ftsbedingungen ausgelegt werden.<\/p>\n\n\n\n<p>Eine Verzichtserkl\u00e4rung ist nur dann gegen\u00fcber Apellis wirksam, wenn sie schriftlich erfolgt; solche Verzichtserkl\u00e4rungen k\u00f6nnen nicht als Verzicht in einem anderen oder sp\u00e4teren Fall ausgelegt werden.<\/p>\n\n\n\n<p>Sofern nicht ausdr\u00fccklich von Apellis und Ihnen vereinbart, stellen diese Bedingungen (zusammen mit der Datenschutzerkl\u00e4rung) die gesamte Vereinbarung zwischen Ihnen und Apellis in Bezug auf den Gegenstand dar und ersetzen alle fr\u00fcheren oder gleichzeitigen Vereinbarungen, ob schriftlich oder m\u00fcndlich, zwischen den Parteien in Bezug auf den Gegenstand.<\/p>\n\n\n\n<p>Die \u00dcberschriften der Abschnitte dienen lediglich der \u00dcbersichtlichkeit und sind rechtlich unbedeutend.<\/p>\n\n\n\n<p>Diese allgemeinen Gesch\u00e4ftsbedingungen kommen unseren Rechtsnachfolgern, Abtretungsempf\u00e4ngern, Lizenznehmern und Unterlizenznehmern zugute.<\/p>\n\n\n\n<p><strong>Ihre Zustimmung zu diesen Allgemeinen Gesch\u00e4ftsbedingungen<\/strong><\/p>\n\n\n\n<p>Bitte nehmen Sie sich ein paar Minuten Zeit, um diese allgemeinen Gesch\u00e4ftsbedingungen sorgf\u00e4ltig durchzulesen.<\/p>\n\n\n\n<p>Durch den Zugriff auf und die Nutzung dieser Website erkl\u00e4ren Sie sich damit einverstanden, diese Allgemeinen Gesch\u00e4ftsbedingungen zu befolgen und an diese gebunden zu sein.<\/p>\n\n\n\n<p>Wenn Sie sich nicht einverstanden erkl\u00e4ren, diese Gesch\u00e4ftsbedingungen zu befolgen und an diese gebunden sind, d\u00fcrfen Sie nicht auf Materialien von dieser Website zugreifen, diese verwenden oder herunterladen.<\/p>\n\n\n\n<p><strong>Diese Allgemeinen Gesch\u00e4ftsbedingungen k\u00f6nnen sich \u00e4ndern<\/strong><\/p>\n\n\n\n<p>Apellis beh\u00e4lt sich das Recht vor, diese Gesch\u00e4ftsbedingungen jederzeit ohne vorherige Ank\u00fcndigung zu aktualisieren oder zu \u00e4ndern.<\/p>\n\n\n\n<p>Durch Ihre Nutzung dieser Website nach einer solchen \u00c4nderung erkl\u00e4ren Sie sich damit einverstanden, die ge\u00e4nderten Gesch\u00e4ftsbedingungen zu befolgen und an diese gebunden zu sein.<\/p>\n\n\n\n<p>Aus diesem Grund empfiehlt Apellis Ihnen, diese allgemeinen Gesch\u00e4ftsbedingungen jedes Mal zu lesen, wenn Sie diese Website nutzen.<\/p>\n\n\n\n<p>Diese Gesch\u00e4ftsbedingungen wurden zuletzt am 1. September 2022 \u00fcberarbeitet.<\/p>\n\n\n\n<p>EU-GA-2200013<\/p>\n","protected":false},"excerpt":{"rendered":"<p>Rechtliche Erkl\u00e4rung Apellis International GmbH\u00a0 Willkommen auf der Website dryamd.com (\u201edryamd.com\u201c). Wir beziehen uns auf diese Website, die sich im Besitz und unter der Kontrolle der Apellis (\u201eApellis\u201c) International GmbH mit Sitz in Z\u00e4hlerweg 10, 6300 Zug, Schweiz, befindet. Sie k\u00f6nnen diese Website nutzen, sofern Sie diese Gesch\u00e4ftsbedingungen einhalten. Apellis respektiert die Privatsph\u00e4re der Nutzer [&hellip;]<\/p>\n","protected":false},"author":1,"featured_media":0,"parent":0,"menu_order":0,"comment_status":"closed","ping_status":"closed","template":"","meta":[],"_links":{"self":[{"href":"https:\/\/dryamd.eu\/de\/wp-json\/wp\/v2\/pages\/141"}],"collection":[{"href":"https:\/\/dryamd.eu\/de\/wp-json\/wp\/v2\/pages"}],"about":[{"href":"https:\/\/dryamd.eu\/de\/wp-json\/wp\/v2\/types\/page"}],"author":[{"embeddable":true,"href":"https:\/\/dryamd.eu\/de\/wp-json\/wp\/v2\/users\/1"}],"replies":[{"embeddable":true,"href":"https:\/\/dryamd.eu\/de\/wp-json\/wp\/v2\/comments?post=141"}],"version-history":[{"count":6,"href":"https:\/\/dryamd.eu\/de\/wp-json\/wp\/v2\/pages\/141\/revisions"}],"predecessor-version":[{"id":1432,"href":"https:\/\/dryamd.eu\/de\/wp-json\/wp\/v2\/pages\/141\/revisions\/1432"}],"wp:attachment":[{"href":"https:\/\/dryamd.eu\/de\/wp-json\/wp\/v2\/media?parent=141"}],"curies":[{"name":"wp","href":"https:\/\/api.w.org\/{rel}","templated":true}]}}