{"id":143,"date":"2021-04-22T08:53:43","date_gmt":"2021-04-22T06:53:43","guid":{"rendered":"https:\/\/dryamd.eu\/?page_id=143"},"modified":"2023-05-16T17:24:35","modified_gmt":"2023-05-16T15:24:35","slug":"datenschutzerklaerung","status":"publish","type":"page","link":"https:\/\/dryamd.eu\/de\/datenschutzerklaerung\/","title":{"rendered":"Datenschutzerkl\u00e4rung"},"content":{"rendered":"\n<h1 class=\"bgcolor-seperate mt-5\"><strong>Datenschutzerkl\u00e4rung<\/strong><\/h1>\n\n\n\n<p><strong>Apellis International GmbH<\/strong>\u00a0<\/p>\n\n\n\n<p>Datiert: 1. September 2022<\/p>\n\n\n\n<p>Die Apellis International GmbH mit Sitz in Z\u00e4hlerweg 10, 6300 Zug, Schweiz (\u201ewir\u201c, \u201euns\u201c und \u201eunser\u201c) als f\u00fcr diese Website verantwortlicher Datenverantwortlicher erkennt die Bedeutung Ihrer Privatsph\u00e4re an und verpflichtet sich, diese zu respektieren und zu sch\u00fctzen.<\/p>\n\n\n\n<p>Diese Datenschutzerkl\u00e4rung gilt f\u00fcr unsere Erhebung und Verwendung personenbezogener Daten \u00fcber unsere Website dryamd.com (die \u201eWebsite\u201c) und \u00fcber unsere Offline-Gesch\u00e4ftsinteraktionen mit Ihnen.<\/p>\n\n\n\n<p><strong>Die Zwecke, f\u00fcr die wir personenbezogene Daten erheben, und unsere Rechtsgrundlage<\/strong><\/p>\n\n\n\n<p>In der folgenden Tabelle sind die Kategorien Ihrer personenbezogenen Daten, die wir erheben und verarbeiten, die Quelle der Erhebung, die Rechtsgrundlage der Verarbeitung, die Aufbewahrungsfrist und die Empf\u00e4nger Ihrer personenbezogenen Daten im Einzelfall aufgef\u00fchrt.<\/p>\n\n\n\n<p><strong>Um Ihnen die Informationen zur Verf\u00fcgung zu stellen, die Sie \u00fcber das Online-Formular anfordern<\/strong><\/p>\n\n\n\n<p>Die Website kann Informationen \u00fcber Ihre Besuche erfassen, anhand derer Sie m\u00f6glicherweise pers\u00f6nlich identifizierbar sind, ohne dass Sie diese Informationen aktiv einreichen.<\/p>\n\n\n\n<p>Nicht identifizierte Informationen k\u00f6nnen unter Verwendung verschiedener Technologien, wie z. B. Cookies, erfasst werden.<\/p>\n\n\n\n<p>Cookies sind kleine Textdateien, die von Websites, die Sie besuchen, auf Computerfestplatten gespeichert werden.<\/p>\n\n\n\n<p>Weitere Informationen zu Cookies, einschlie\u00dflich der Frage, welche Cookies gesetzt wurden und wie diese verwaltet und gel\u00f6scht werden, finden Sie unten im n\u00e4chsten Abschnitt \u201eCookie-Erkl\u00e4rung\u201c.<\/p>\n\n\n\n<p><strong>Wir erheben die folgenden personenbezogenen Daten \u00fcber Sie:<\/strong><\/p>\n\n\n\n<p>Ihre personenbezogenen Daten:<\/p>\n\n\n\n<p>E-Mail-Adresse (*)<\/p>\n\n\n\n<p>Vor- und Nachname<\/p>\n\n\n\n<p>Land<\/p>\n\n\n\n<p>Einrichtung<\/p>\n\n\n\n<p>IP-Adresse<\/p>\n\n\n\n<p>Ihr Hintergrund\/Benutzerprofil (*): (z. B. HCP, Nicht-HCP)<\/p>\n\n\n\n<p>Gegenstand (*).<\/p>\n\n\n\n<p>Wenn Sie die personenbezogenen Daten nicht mit einem (*) versehen, kann Apellis nicht angemessen auf Ihre Anfrage antworten.<\/p>\n\n\n\n<p><strong>Wir erheben diese Daten von:<\/strong><\/p>\n\n\n\n<p>Ihnen.<\/p>\n\n\n\n<p><strong>Wir st\u00fctzen uns auf die folgende Rechtsgrundlage gem\u00e4\u00df DSGVO:<\/strong><\/p>\n\n\n\n<p>Ihre Einwilligung.<\/p>\n\n\n\n<p><strong>Wir speichern Ihre personenbezogenen Daten f\u00fcr:<\/strong><\/p>\n\n\n\n<p>Die Dauer der Leistungserbringung.<\/p>\n\n\n\n<p><strong>Wir geben Ihre personenbezogenen Daten an folgende Personen weiter:<\/strong><\/p>\n\n\n\n<p>Tochtergesellschaften\/verbundene Unternehmen\/externe Auftragsverarbeiter wie IT-Dienste und Website-Hosting-Unternehmen, (Internet-)Konnektivit\u00e4tsanbieter.<\/p>\n\n\n\n<p><strong>Ihre Rechte<\/strong><\/p>\n\n\n\n<p>Sie k\u00f6nnen auf alle Ihre personenbezogenen Daten zugreifen, die wir online erfassen.<\/p>\n\n\n\n<p>Sie k\u00f6nnen auch die L\u00f6schung Ihrer personenbezogenen Daten verlangen, es sei denn, die geltenden Gesetze und Vorschriften verpflichten uns zur Speicherung Ihrer personenbezogenen Daten.<\/p>\n\n\n\n<p>Sie k\u00f6nnen verlangen, Informationen \u00fcber Daten zu erhalten, die wir \u00fcber Sie speichern\/verarbeiten.<\/p>\n\n\n\n<p>Dar\u00fcber hinaus haben Sie das Recht, personenbezogene Daten sperren oder l\u00f6schen zu lassen, der Verarbeitung Ihrer Daten zu widersprechen, falsche Daten korrigieren zu lassen und Ihre Daten an Dritte \u00fcbertragen zu lassen.<\/p>\n\n\n\n<p>Sie k\u00f6nnen sachliche Fehler in Ihren pers\u00f6nlich identifizierbaren Informationen korrigieren, indem Sie uns eine E-Mail senden, die den Fehler glaubw\u00fcrdig anzeigt.<\/p>\n\n\n\n<p>Sie haben ebenfalls das Recht, die Berichtigung unrichtiger personenbezogener Daten zu verlangen.<\/p>\n\n\n\n<p>Zum Schutz Ihrer Privatsph\u00e4re und Sicherheit werden wir auch angemessene Schritte unternehmen, um Ihre Identit\u00e4t zu \u00fcberpr\u00fcfen, bevor wir Korrekturen vornehmen.<\/p>\n\n\n\n<p>Sollten Sie weitere Fragen oder Bedenken zu dieser Datenschutzerkl\u00e4rung haben oder m\u00f6chten, dass Ihre Daten aus unserer Datenbank gel\u00f6scht werden, senden Sie bitte eine E-Mail an privacy@apellis.com.<\/p>\n\n\n\n<p>Sie haben auch das Recht, gegebenenfalls eine Beschwerde bei einer Aufsichtsbeh\u00f6rde einzureichen.<\/p>\n\n\n\n<p>Eine Liste der Aufsichtsbeh\u00f6rden der Europ\u00e4ischen Union finden Sie hier: https:\/\/edpb.europa.eu\/about-edpb\/board\/members_en.<\/p>\n\n\n\n<p>Wir k\u00f6nnen diese Erkl\u00e4rung jederzeit aktualisieren oder \u00e4ndern, indem wir die ge\u00e4nderte Erkl\u00e4rung auf der Website ver\u00f6ffentlichen.<\/p>\n\n\n\n<p><strong>Internationale Daten\u00fcbertragungen<\/strong><\/p>\n\n\n\n<p>Apellis verwendet Server und andere Speichereinrichtungen in den Vereinigten Staaten und der EU.<\/p>\n\n\n\n<p>Apellis kann personenbezogene Daten f\u00fcr die Zwecke und auf die in dieser Datenschutzerkl\u00e4rung dargelegte Weise, einschlie\u00dflich f\u00fcr die Verarbeitung und Speicherung durch Dienstleister und verbundene Unternehmen in Verbindung mit diesen Zwecken, au\u00dferhalb seines Herkunftslandes \u00fcbermitteln.<\/p>\n\n\n\n<p>In allen Situationen ergreift Apellis angemessene Schritte, um sicherzustellen, dass Ihre Privatsph\u00e4re gesch\u00fctzt wird.<\/p>\n\n\n\n<p>Zu diesen Schritten geh\u00f6ren unter anderem die Implementierung von Datenschutz-, Sicherheits- und vertraglichen Kontrollen sowie die in dieser Datenschutzerkl\u00e4rung genannten Schritte, wie es das geltende Recht vorschreibt.<\/p>\n\n\n\n<p>Apellis ist bestrebt, von seinen Dienstleistern und verbundenen Unternehmen Zusicherungen zu erhalten, dass sie personenbezogene Daten in \u00dcbereinstimmung mit dieser Datenschutzerkl\u00e4rung sch\u00fctzen werden.<\/p>\n\n\n\n<p>Ein Beispiel f\u00fcr angemessene Zusicherungen, die von Dienstleistern und verbundenen Unternehmen bereitgestellt werden k\u00f6nnen, umfasst eine vertragliche Verpflichtung, dass sie mindestens das gleiche Schutzniveau bieten, das von den in dieser Datenschutzerkl\u00e4rung dargelegten Datenschutzgrunds\u00e4tzen von Apellis gefordert wird.<\/p>\n\n\n\n<p>Wenn Apellis Kenntnis davon hat, dass ein Dienstleister oder ein verbundenes Unternehmen personenbezogene Daten in einer Weise verwendet oder offenlegt, die dieser Datenschutzerkl\u00e4rung widerspricht, wird Apellis angemessene Schritte unternehmen, um die Nutzung oder Offenlegung zu verhindern oder zu stoppen.<\/p>\n\n\n\n<p><strong>Sicherheit Ihrer personenbezogenen Daten<\/strong><\/p>\n\n\n\n<p>Die Sicherheit Ihrer personenbezogenen Daten ist uns wichtig.<\/p>\n\n\n\n<p>Wir ergreifen angemessene Ma\u00dfnahmen, einschlie\u00dflich technischer, administrativer und physischer Sicherheitsvorkehrungen, um die uns \u00fcbermittelten personenbezogenen Daten vor Verlust, Missbrauch und unbefugtem Zugriff, Offenlegung, \u00c4nderung und Vernichtung zu sch\u00fctzen.<\/p>\n\n\n\n<p>Solche Ma\u00dfnahmen k\u00f6nnen unter anderem Folgendes umfassen: die Verschl\u00fcsselung von Kommunikationen \u00fcber SSL, die Verschl\u00fcsselung von Informationen w\u00e4hrend der Speicherung, Firewalls, Zugriffskontrollen, Aufgabentrennung und \u00e4hnliche Sicherheitsprotokolle.<\/p>\n\n\n\n<p>Keine Sicherheitsmethode oder \u00dcbertragungsmethode \u00fcber das Internet ist jedoch vollkommen sicher.<\/p>\n\n\n\n<p>Bei der \u00dcbermittlung personenbezogener Daten \u00fcber das Internet sollten Sie stets Vorsicht walten lassen.<\/p>\n\n\n\n<p><strong>EU-Erg\u00e4nzung<\/strong><\/p>\n\n\n\n<p>F\u00fcr Personen im Europ\u00e4ischen Wirtschaftsraum, in der Schweiz oder im Vereinigten K\u00f6nigreich kann dieser Nachtrag zus\u00e4tzlich zu den oben genannten gelten.<\/p>\n\n\n\n<p>Die \u00dcbermittlung Ihrer personenbezogenen Daten kann an Unternehmen au\u00dferhalb des Europ\u00e4ischen Wirtschaftsraums, der Schweiz oder des Vereinigten K\u00f6nigreichs, einschlie\u00dflich Unternehmen in den Vereinigten Staaten, zur Verarbeitung im Einklang mit den oben genannten Zwecken erfolgen.<\/p>\n\n\n\n<p>Apellis wird angemessene vertragliche Ma\u00dfnahmen ergreifen, um sicherzustellen, dass die relevanten Apellis-Unternehmen und Dritte au\u00dferhalb des Europ\u00e4ischen Wirtschaftsraums, der Schweiz oder des Vereinigten K\u00f6nigreichs ein angemessenes Schutzniveau f\u00fcr Ihre personenbezogenen Daten bieten, wie in dieser Datenschutzerkl\u00e4rung dargelegt und gem\u00e4\u00df geltendem Recht erforderlich.<\/p>\n\n\n\n<p>F\u00fcr die Verarbeitung personenbezogener Daten in Bezug auf den Europ\u00e4ischen Wirtschaftsraum, die Schweiz oder das Vereinigte K\u00f6nigreich hat Apellis einen Datenschutzbeauftragten beauftragt, der f\u00fcr die \u00dcberwachung unserer Einhaltung der EU-Datenschutzgesetze verantwortlich ist. Sie k\u00f6nnen sich bei Fragen oder Bedenken bez\u00fcglich der Verarbeitung Ihrer personenbezogenen Daten an <a href=\"mailto:privacy@apellis.com\">privacy@apellis.com<\/a> wenden.<\/p>\n\n\n\n<p>Wenn die Verarbeitung Ihrer personenbezogenen Daten durch Apellis unter das Recht der EU und des Vereinigten K\u00f6nigreichs f\u00e4llt, k\u00f6nnen Sie auch eine Beschwerde bei der entsprechenden Datenschutzaufsichtsbeh\u00f6rde in Ihrem Wohnsitzland einreichen.<\/p>\n\n\n\n<p>Den Namen und die Kontaktdaten der zust\u00e4ndigen Aufsichtsbeh\u00f6rde finden Sie unter http:\/\/ec.europa.eu\/justice\/data-protection\/bodies\/authorities\/index_en.htm<\/p>\n\n\n\n<p><strong>Kontakt<\/strong><\/p>\n\n\n\n<p>Bevor Sie eine E-Mail senden, beachten Sie bitte Folgendes:<\/p>\n\n\n\n<p>Bitte melden Sie KEINE Informationen zur Arzneimittelsicherheit, wie z. B. Nebenwirkungen, indem Sie eine E-Mail an info@apellis.com senden.<\/p>\n\n\n\n<p>Wenn Sie ein Patient sind, wenden Sie sich bitte im Falle von Nebenwirkungen an Ihren Arzt.<\/p>\n\n\n\n<p>Bitte beachten Sie die Datenschutzerkl\u00e4rung der Arzneimittel\u00fcberwachung, wenn Sie arzneimittelsicherheitsrelevante Ereignisse melden.<\/p>\n\n\n\n<p>Wenn Sie Fragen zu dieser Datenschutzerkl\u00e4rung oder Bedenken bez\u00fcglich der Art und Weise haben, wie Apellis Ihre personenbezogenen Daten verarbeitet, oder Hilfe bei der Verwaltung Ihrer Datenschutzentscheidungen ben\u00f6tigen, wenden Sie sich bitte an uns unter:<\/p>\n\n\n\n<p><strong>Apellis International GmbH<\/strong><\/p>\n\n\n\n<p>Z\u00e4hlerweg 10, 6300 Zug<\/p>\n\n\n\n<p>Schweiz CH-6302<\/p>\n\n\n\n<p>E-Mail: info@apellis.com<\/p>\n\n\n\n<p>Unser Datenschutzbeauftragter kann wie folgt kontaktiert werden:<\/p>\n\n\n\n<p>E-Mail: privacy@apellis.com<\/p>\n\n\n\n<p>Unser EU-Datenschutzbeauftragter kann wie folgt kontaktiert werden:<\/p>\n\n\n\n<p>ALG Manousakis Anwaltskanzlei,<\/p>\n\n\n\n<p>16, Laodikias Str., Athen<\/p>\n\n\n\n<p>P.O. 11528, Griechenland<\/p>\n\n\n\n<p>E-Mail: <a href=\"mailto:dataprivacy@alg.gr\">dataprivacy@alg.gr<\/a><\/p>\n\n\n\n<p>EU-GA-2200013<\/p>\n","protected":false},"excerpt":{"rendered":"<p>Datenschutzerkl\u00e4rung Apellis International GmbH\u00a0 Datiert: 1. September 2022 Die Apellis International GmbH mit Sitz in Z\u00e4hlerweg 10, 6300 Zug, Schweiz (\u201ewir\u201c, \u201euns\u201c und \u201eunser\u201c) als f\u00fcr diese Website verantwortlicher Datenverantwortlicher erkennt die Bedeutung Ihrer Privatsph\u00e4re an und verpflichtet sich, diese zu respektieren und zu sch\u00fctzen. Diese Datenschutzerkl\u00e4rung gilt f\u00fcr unsere Erhebung und Verwendung personenbezogener Daten [&hellip;]<\/p>\n","protected":false},"author":1,"featured_media":0,"parent":0,"menu_order":0,"comment_status":"closed","ping_status":"closed","template":"","meta":[],"_links":{"self":[{"href":"https:\/\/dryamd.eu\/de\/wp-json\/wp\/v2\/pages\/143"}],"collection":[{"href":"https:\/\/dryamd.eu\/de\/wp-json\/wp\/v2\/pages"}],"about":[{"href":"https:\/\/dryamd.eu\/de\/wp-json\/wp\/v2\/types\/page"}],"author":[{"embeddable":true,"href":"https:\/\/dryamd.eu\/de\/wp-json\/wp\/v2\/users\/1"}],"replies":[{"embeddable":true,"href":"https:\/\/dryamd.eu\/de\/wp-json\/wp\/v2\/comments?post=143"}],"version-history":[{"count":10,"href":"https:\/\/dryamd.eu\/de\/wp-json\/wp\/v2\/pages\/143\/revisions"}],"predecessor-version":[{"id":1433,"href":"https:\/\/dryamd.eu\/de\/wp-json\/wp\/v2\/pages\/143\/revisions\/1433"}],"wp:attachment":[{"href":"https:\/\/dryamd.eu\/de\/wp-json\/wp\/v2\/media?parent=143"}],"curies":[{"name":"wp","href":"https:\/\/api.w.org\/{rel}","templated":true}]}}