{"id":384,"date":"2021-05-03T06:45:54","date_gmt":"2021-05-03T04:45:54","guid":{"rendered":"https:\/\/dryamd.eu\/?page_id=384"},"modified":"2023-05-16T17:24:14","modified_gmt":"2023-05-16T15:24:14","slug":"impressum","status":"publish","type":"page","link":"https:\/\/dryamd.eu\/de\/impressum\/","title":{"rendered":"Impressum"},"content":{"rendered":"\n<h1 class=\"bgcolor-seperate mt-5\"><strong>Impressum<\/strong><\/h1>\n\n\n\n<p>Ver\u00f6ffentlicht von:<br>Apellis International GmbH<br>Z\u00e4hlerweg 10<br>CH-6300 Zug<br>Schweiz<\/p>\n\n\n\n<p>Firmennummer: CHE-200.662.403<br>E-Mail: Anfragen k\u00f6nnen gesendet werden an:&nbsp;<a href=\"mailto:info@apellis.com\">info@apellis.com<\/a><\/p>\n\n\n\n<p>      <\/p>\n\n\n\n<p>EU-GA-2200016<\/p>\n","protected":false},"excerpt":{"rendered":"<p>Impressum Ver\u00f6ffentlicht von:Apellis International GmbHZ\u00e4hlerweg 10CH-6300 ZugSchweiz Firmennummer: CHE-200.662.403E-Mail: Anfragen k\u00f6nnen gesendet werden an:&nbsp;info@apellis.com EU-GA-2200016<\/p>\n","protected":false},"author":1,"featured_media":0,"parent":0,"menu_order":0,"comment_status":"closed","ping_status":"closed","template":"","meta":[],"_links":{"self":[{"href":"https:\/\/dryamd.eu\/de\/wp-json\/wp\/v2\/pages\/384"}],"collection":[{"href":"https:\/\/dryamd.eu\/de\/wp-json\/wp\/v2\/pages"}],"about":[{"href":"https:\/\/dryamd.eu\/de\/wp-json\/wp\/v2\/types\/page"}],"author":[{"embeddable":true,"href":"https:\/\/dryamd.eu\/de\/wp-json\/wp\/v2\/users\/1"}],"replies":[{"embeddable":true,"href":"https:\/\/dryamd.eu\/de\/wp-json\/wp\/v2\/comments?post=384"}],"version-history":[{"count":4,"href":"https:\/\/dryamd.eu\/de\/wp-json\/wp\/v2\/pages\/384\/revisions"}],"predecessor-version":[{"id":1431,"href":"https:\/\/dryamd.eu\/de\/wp-json\/wp\/v2\/pages\/384\/revisions\/1431"}],"wp:attachment":[{"href":"https:\/\/dryamd.eu\/de\/wp-json\/wp\/v2\/media?parent=384"}],"curies":[{"name":"wp","href":"https:\/\/api.w.org\/{rel}","templated":true}]}}