{"id":1131,"date":"2021-04-16T10:22:04","date_gmt":"2021-04-16T10:22:04","guid":{"rendered":"https:\/\/dryamd.eu\/?page_id=2"},"modified":"2022-04-07T19:12:23","modified_gmt":"2022-04-07T19:12:23","slug":"home","status":"publish","type":"page","link":"https:\/\/dryamd.eu\/es\/","title":{"rendered":"Home"},"content":{"rendered":"<figure class=\"wp-block-video video-fullsize\"><video loop muted poster=\"http:\/\/dryamd.eu\/es\/wp-content\/uploads\/sites\/5\/2021\/05\/home_header_placeholder.jpg\" src=\"http:\/\/dryamd.eu\/es\/wp-content\/uploads\/sites\/5\/2021\/05\/home_header_placeholder.jpg\" playsinline><\/video><\/figure>\n\n\n\n<h1 class=\"h1-inside-video\"><strong>UNA MIRADA M\u00c1S DE CERCA <\/strong><br><strong>A LA DMAE AVANZADA SECA <\/strong><br><strong>O ATROFIA GEOGR\u00c1FICA<\/strong><\/h1>\n\n\n\n<p class=\"mt-5\"><strong>DMAE avanzada seca y atrofia geogr\u00e1fica (AG) son t\u00e9rminos sin\u00f3nimos utilizados para describir la forma avanzada de la degeneraci\u00f3n macular asociada a la edad (DMAE), que es una de las principales causas de ceguera en todo el<\/strong> <strong>mundo.<sup>1,2<\/sup><\/strong><\/p>\n\n\n\n<p><strong>Si usted o alg\u00fan ser querido tiene DMAE, en particular DMAE avanzada seca o AG, este sitio est\u00e1 dise\u00f1ado para proporcionarle m\u00e1s informaci\u00f3n y<\/strong> <strong>apoyo.<\/strong><\/p>\n\n\n\n<br>\n\n\n\n<p>Este sitio es solo para fines informativos; no debe utilizarse para diagnosticar o tratar un problema de salud o una enfermedad. Por favor, consulte a su proveedor de atenci\u00f3n m\u00e9dica para obtener m\u00e1s consejos.<\/p>\n\n\n\n<div class=\"wp-container-1 wp-block-buttons my-5\">\n<div class=\"wp-block-button\"><a class=\"wp-block-button__link\" href=\"https:\/\/dryamd.eu\/es\/acerca-de-la-dmae\/\">OBTENER M\u00c1S INFORMACI\u00d3N \u00daTIL<\/a><\/div>\n<\/div>\n\n\n\n<h2>Seguiremos a\u00f1adiendo nuevos contenidos con el tiempo. Aseg\u00farese de visitarnos regularmente para obtener nueva informaci\u00f3n y herramientas de apoyo.<\/h2>\n\n\n\n<div class=\"wp-container-5 wp-block-columns row mb-5\">\n<div class=\"wp-container-3 wp-block-column col-12 col-lg-6\">\n<h3><strong>Vivir con DMAE avanzada <meta charset=\"utf-8\"><strong>seca<\/strong> o atrofia geogr\u00e1fica<\/strong><\/h3>\n\n\n\n<p>La DMAE seca avanzada es una enfermedad ocular progresiva e irreversible que repercute en la vida cotidiana.<sup>2<\/sup><\/p>\n\n\n\n<div class=\"wp-container-2 wp-block-buttons\">\n<div class=\"wp-block-button has-custom-width wp-block-button__width-100\"><a class=\"wp-block-button__link\" href=\"https:\/\/dryamd.eu\/es\/vivir-con-ag\/\">LEER M\u00c1S SOBRE C\u00d3MO VIVIR CON DMAE AVANZADA <meta charset=\"utf-8\">SECA<\/a><\/div>\n<\/div>\n<\/div>\n\n\n\n<div class=\"wp-container-4 wp-block-column col-12 col-lg-6\">\n<figure class=\"wp-block-image size-large\"><noscript><img width=\"864\" height=\"596\" src=\"http:\/\/dryamd.eu\/es\/wp-content\/uploads\/sites\/5\/2021\/05\/desk_home_image1_@2x.jpg\" alt=\"dryAMD.eu Hombre mayor sentado en un banco.\" class=\"wp-image-808\" srcset=\"https:\/\/dryamd.eu\/es\/wp-content\/uploads\/sites\/5\/2021\/05\/desk_home_image1_@2x.jpg 864w, https:\/\/dryamd.eu\/es\/wp-content\/uploads\/sites\/5\/2021\/05\/desk_home_image1_@2x-300x207.jpg 300w, https:\/\/dryamd.eu\/es\/wp-content\/uploads\/sites\/5\/2021\/05\/desk_home_image1_@2x-768x530.jpg 768w\" sizes=\"(max-width: 864px) 100vw, 864px\"><\/noscript><img width=\"864\" height=\"596\" src=\"data:image\/svg+xml,%3Csvg%20xmlns%3D%22http%3A%2F%2Fwww.w3.org%2F2000%2Fsvg%22%20viewBox%3D%220%200%20864%20596%22%3E%3C%2Fsvg%3E\" alt=\"dryAMD.eu Hombre mayor sentado en un banco.\" class=\"wp-image-808 lazyload\" srcset=\"data:image\/svg+xml,%3Csvg%20xmlns%3D%22http%3A%2F%2Fwww.w3.org%2F2000%2Fsvg%22%20viewBox%3D%220%200%20864%20596%22%3E%3C%2Fsvg%3E 864w\" sizes=\"(max-width: 864px) 100vw, 864px\" data-srcset=\"https:\/\/dryamd.eu\/es\/wp-content\/uploads\/sites\/5\/2021\/05\/desk_home_image1_@2x.jpg 864w, https:\/\/dryamd.eu\/es\/wp-content\/uploads\/sites\/5\/2021\/05\/desk_home_image1_@2x-300x207.jpg 300w, https:\/\/dryamd.eu\/es\/wp-content\/uploads\/sites\/5\/2021\/05\/desk_home_image1_@2x-768x530.jpg 768w\" data-src=\"http:\/\/dryamd.eu\/es\/wp-content\/uploads\/sites\/5\/2021\/05\/desk_home_image1_@2x.jpg\"><\/figure>\n<\/div>\n<\/div>\n\n\n\n<div class=\"wp-container-9 wp-block-columns row mb-5\">\n<div class=\"wp-container-7 wp-block-column col-12 col-lg-6\">\n<h3><strong>Conocimiento sobre la DMAE avanzada<\/strong> <meta charset=\"utf-8\"><strong>seca<\/strong><\/h3>\n\n\n\n<p>La DMAE seca avanzada se caracteriza por una p\u00e9rdida progresiva de la visi\u00f3n que conduce a la ceguera.<\/p>\n\n\n\n<div class=\"wp-container-6 wp-block-buttons\">\n<div class=\"wp-block-button has-custom-width wp-block-button__width-100\"><a class=\"wp-block-button__link\" href=\"https:\/\/dryamd.eu\/es\/vivir-con-ag\/\">M\u00c1S INFORMACI\u00d3N SOBRE DMAE AVANZADA <meta charset=\"utf-8\">SECA<\/a><\/div>\n<\/div>\n<\/div>\n\n\n\n<div class=\"wp-container-8 wp-block-column col-12 col-lg-6\">\n<figure class=\"wp-block-image size-large\"><noscript><img width=\"864\" height=\"596\" src=\"http:\/\/dryamd.eu\/es\/wp-content\/uploads\/sites\/5\/2021\/05\/desk_home_image2_@2x.jpg\" alt=\"dryAMD.eu DMAE seca avanzada - Campo de visi\u00f3n limitado en carretera.\" class=\"wp-image-809\" srcset=\"https:\/\/dryamd.eu\/es\/wp-content\/uploads\/sites\/5\/2021\/05\/desk_home_image2_@2x.jpg 864w, https:\/\/dryamd.eu\/es\/wp-content\/uploads\/sites\/5\/2021\/05\/desk_home_image2_@2x-300x207.jpg 300w, https:\/\/dryamd.eu\/es\/wp-content\/uploads\/sites\/5\/2021\/05\/desk_home_image2_@2x-768x530.jpg 768w\" sizes=\"(max-width: 864px) 100vw, 864px\"><\/noscript><img width=\"864\" height=\"596\" src=\"data:image\/svg+xml,%3Csvg%20xmlns%3D%22http%3A%2F%2Fwww.w3.org%2F2000%2Fsvg%22%20viewBox%3D%220%200%20864%20596%22%3E%3C%2Fsvg%3E\" alt=\"dryAMD.eu DMAE seca avanzada - Campo de visi\u00f3n limitado en carretera.\" class=\"wp-image-809 lazyload\" srcset=\"data:image\/svg+xml,%3Csvg%20xmlns%3D%22http%3A%2F%2Fwww.w3.org%2F2000%2Fsvg%22%20viewBox%3D%220%200%20864%20596%22%3E%3C%2Fsvg%3E 864w\" sizes=\"(max-width: 864px) 100vw, 864px\" data-srcset=\"https:\/\/dryamd.eu\/es\/wp-content\/uploads\/sites\/5\/2021\/05\/desk_home_image2_@2x.jpg 864w, https:\/\/dryamd.eu\/es\/wp-content\/uploads\/sites\/5\/2021\/05\/desk_home_image2_@2x-300x207.jpg 300w, https:\/\/dryamd.eu\/es\/wp-content\/uploads\/sites\/5\/2021\/05\/desk_home_image2_@2x-768x530.jpg 768w\" data-src=\"http:\/\/dryamd.eu\/es\/wp-content\/uploads\/sites\/5\/2021\/05\/desk_home_image2_@2x.jpg\"><\/figure>\n<\/div>\n<\/div>\n\n\n\n<div class=\"wp-container-13 wp-block-columns row mb-5\">\n<div class=\"wp-container-11 wp-block-column col-12 col-lg-6\">\n<h3><strong>Sobre las enfermedades maculares asociadas a la edad<\/strong><\/h3>\n\n\n\n<p>La retina es una fina capa de tejido situada en la pared posterior interna del ojo. Pueden afectarle diferentes enfermedades de la retina, como la DMAE avanzada <meta charset=\"utf-8\">seca.<\/p>\n\n\n\n<div class=\"wp-container-10 wp-block-buttons\">\n<div class=\"wp-block-button\"><a class=\"wp-block-button__link\" href=\"https:\/\/dryamd.eu\/es\/acerca-de-la-dmae\/\">LEER M\u00c1S SOBRE LAS ENFERMEDADES MACULARES ASOCIADAS A LA EDAD<\/a><\/div>\n<\/div>\n<\/div>\n\n\n\n<div class=\"wp-container-12 wp-block-column col-12 col-lg-6\">\n<figure class=\"wp-block-image size-large\"><noscript><img width=\"864\" height=\"596\" src=\"http:\/\/dryamd.eu\/es\/wp-content\/uploads\/sites\/5\/2021\/05\/desk_home_image3_@2x.jpg\" alt=\"dryAMD.eu Vista detallada de las enfermedades de la retina.\" class=\"wp-image-810\" srcset=\"https:\/\/dryamd.eu\/es\/wp-content\/uploads\/sites\/5\/2021\/05\/desk_home_image3_@2x.jpg 864w, https:\/\/dryamd.eu\/es\/wp-content\/uploads\/sites\/5\/2021\/05\/desk_home_image3_@2x-300x207.jpg 300w, https:\/\/dryamd.eu\/es\/wp-content\/uploads\/sites\/5\/2021\/05\/desk_home_image3_@2x-768x530.jpg 768w\" sizes=\"(max-width: 864px) 100vw, 864px\"><\/noscript><img width=\"864\" height=\"596\" src=\"data:image\/svg+xml,%3Csvg%20xmlns%3D%22http%3A%2F%2Fwww.w3.org%2F2000%2Fsvg%22%20viewBox%3D%220%200%20864%20596%22%3E%3C%2Fsvg%3E\" alt=\"dryAMD.eu Vista detallada de las enfermedades de la retina.\" class=\"wp-image-810 lazyload\" srcset=\"data:image\/svg+xml,%3Csvg%20xmlns%3D%22http%3A%2F%2Fwww.w3.org%2F2000%2Fsvg%22%20viewBox%3D%220%200%20864%20596%22%3E%3C%2Fsvg%3E 864w\" sizes=\"(max-width: 864px) 100vw, 864px\" data-srcset=\"https:\/\/dryamd.eu\/es\/wp-content\/uploads\/sites\/5\/2021\/05\/desk_home_image3_@2x.jpg 864w, https:\/\/dryamd.eu\/es\/wp-content\/uploads\/sites\/5\/2021\/05\/desk_home_image3_@2x-300x207.jpg 300w, https:\/\/dryamd.eu\/es\/wp-content\/uploads\/sites\/5\/2021\/05\/desk_home_image3_@2x-768x530.jpg 768w\" data-src=\"http:\/\/dryamd.eu\/es\/wp-content\/uploads\/sites\/5\/2021\/05\/desk_home_image3_@2x.jpg\"><\/figure>\n<\/div>\n<\/div>\n\n\n\n<h2>\u00bfQu\u00e9 es la DMAE avanzada seca o atrofia geogr\u00e1fica?<\/h2>\n\n\n\n<p><strong>Un breve resumen<\/strong><br><br>La degeneraci\u00f3n macular seca asociada a la edad es una enfermedad de la retina incurable que provoca una La degeneraci\u00f3n macular asociada a la edad avanzada seca es una enfermedad de la retina incurable que provoca una p\u00e9rdida de visi\u00f3n progresiva e irreversible.<sup>2,5<\/sup> En las personas con DMAE avanzada seca, las c\u00e9lulas sensibles a la luz llamadas fotorreceptores se deterioran en la m\u00e1cula, una parte central de la retina responsable de la visi\u00f3n y la percepci\u00f3n del color.<sup>5<\/sup> Este da\u00f1o comienza en forma de peque\u00f1as manchas que van creciendo hasta convertirse en parches m\u00e1s grandes. A medida que las c\u00e9lulas de la m\u00e1cula mueren, la persona empieza a perder visi\u00f3n.<sup>6<\/sup> Las personas con DMAE avanzada seca pueden sufrir una reducci\u00f3n de su calidad de vida, incluidos varios aspectos de la movilidad y la independencia.<sup>15,16<\/sup><\/p>\n\n\n\n<div class=\"wp-container-14 wp-block-buttons my-5\">\n<div class=\"wp-block-button\"><a class=\"wp-block-button__link\" href=\"https:\/\/dryamd.eu\/es\/acerca-de-la-dmae\/\">CONOZCA M\u00c1S SOBRE EL FUNCIONAMIENTO DE LA VISI\u00d3N<\/a><\/div>\n<\/div>\n\n\n\n<h2>Organizaciones de pacientes que apoyan a dryAMD.eu<\/h2>\n\n\n\n<p class=\"mb-5\">Esta plataforma se ha desarrollado en colaboraci\u00f3n con las siguientes organizaciones de pacientes para garantizar que realmente responda a las necesidades de las personas con degeneraci\u00f3n macular asociada a la edad, as\u00ed como de quienes las cuidan. Nos gustar\u00eda agradecerles su inestimable aportaci\u00f3n y su continuo apoyo.<\/p>\n\n\n\n<p>Haga clic en los siguientes enlaces para visitar los sitios web de las organizaciones de pacientes.<\/p>\n\n\n\n<br>\n\n\n\n<div class=\"wp-container-16 wp-block-columns row mb-5\">\n<div class=\"wp-container-15 wp-block-column col-12 col-lg-6\"><\/div>\n<\/div>\n\n\n\n<div class=\"wp-container-19 wp-block-columns row mb-5\">\n<div class=\"wp-container-17 wp-block-column col-12 col-lg-6\">\n<p><strong>La Asociaci\u00f3n Sueca Retinitis Pigmentosa<\/strong> es una asociaci\u00f3n no gubernamental, basada en recursos provenientes de contribuciones voluntarias, para y por personas con retinosis pigmentaria (RP) y enfermedades hereditarias de la retina relacionadas.<\/p>\n\n\n\n<p><a href=\"https:\/\/retinanytt.se\/\" target=\"_blank\" rel=\"noreferrer noopener\" title=\"Svenska RP-f\u00f6reningen Website\">Sitio web de \u00a8Svenska RP-foreningen\u00a8<\/a><\/p>\n<\/div>\n\n\n\n<div class=\"wp-container-18 wp-block-column col-12 col-lg-6\">\n<figure class=\"wp-block-image size-large is-resized\"><noscript><img src=\"http:\/\/dryamd.eu\/es\/wp-content\/uploads\/sites\/5\/2021\/05\/logo_swedisch_retina_@2x.jpg\" alt=\"dryAMD.eu Logotipo de la &quot;Asociaci\u00f3n Sueca de Retinosis Pigmentaria&quot;.\" class=\"wp-image-811\" width=\"190\" height=\"125\" srcset=\"https:\/\/dryamd.eu\/es\/wp-content\/uploads\/sites\/5\/2021\/05\/logo_swedisch_retina_@2x.jpg 760w, https:\/\/dryamd.eu\/es\/wp-content\/uploads\/sites\/5\/2021\/05\/logo_swedisch_retina_@2x-300x197.jpg 300w\" sizes=\"(max-width: 190px) 100vw, 190px\"><\/noscript><img src=\"data:image\/svg+xml,%3Csvg%20xmlns%3D%22http%3A%2F%2Fwww.w3.org%2F2000%2Fsvg%22%20viewBox%3D%220%200%20190%20125%22%3E%3C%2Fsvg%3E\" alt=\"dryAMD.eu Logotipo de la &quot;Asociaci\u00f3n Sueca de Retinosis Pigmentaria&quot;.\" class=\"wp-image-811 lazyload\" width=\"190\" height=\"125\" srcset=\"data:image\/svg+xml,%3Csvg%20xmlns%3D%22http%3A%2F%2Fwww.w3.org%2F2000%2Fsvg%22%20viewBox%3D%220%200%20190%20125%22%3E%3C%2Fsvg%3E 190w\" sizes=\"(max-width: 190px) 100vw, 190px\" data-srcset=\"https:\/\/dryamd.eu\/es\/wp-content\/uploads\/sites\/5\/2021\/05\/logo_swedisch_retina_@2x.jpg 760w, https:\/\/dryamd.eu\/es\/wp-content\/uploads\/sites\/5\/2021\/05\/logo_swedisch_retina_@2x-300x197.jpg 300w\" data-src=\"http:\/\/dryamd.eu\/es\/wp-content\/uploads\/sites\/5\/2021\/05\/logo_swedisch_retina_@2x.jpg\"><\/figure>\n<\/div>\n<\/div>\n\n\n\n<div class=\"wp-container-22 wp-block-columns row mb-5\">\n<div class=\"wp-container-20 wp-block-column col-12 col-lg-6\">\n<p><strong>El prop\u00f3sito de \u00a8The Macular Society\u00a8<\/strong> es vencer la enfermedad macular. Para ello, trabaja en la b\u00fasqueda de una cura mediante investigaci\u00f3n de primera categor\u00eda, proporcionando el mejor asesoramiento y apoyo a las personas afectadas por la enfermedad macular y dando a conocer la importancia de la salud ocular.<\/p>\n\n\n\n<p><a href=\"https:\/\/www.macularsociety.org\/\" target=\"_blank\" rel=\"noreferrer noopener\" title=\"Macular Society Website\">Sitio web de \u00a8Macular Society\u00a8<\/a><\/p>\n<\/div>\n\n\n\n<div class=\"wp-container-21 wp-block-column col-12 col-lg-6\">\n<figure class=\"wp-block-image size-large is-resized\"><noscript><img src=\"http:\/\/dryamd.eu\/es\/wp-content\/uploads\/sites\/5\/2021\/05\/logo_macular_society_@2x.jpg\" alt=\"dryAMD.eu Logotipo de la &quot;Sociedad Macular&quot;.\" class=\"wp-image-812\" width=\"190\" height=\"125\" srcset=\"https:\/\/dryamd.eu\/es\/wp-content\/uploads\/sites\/5\/2021\/05\/logo_macular_society_@2x.jpg 760w, https:\/\/dryamd.eu\/es\/wp-content\/uploads\/sites\/5\/2021\/05\/logo_macular_society_@2x-300x197.jpg 300w\" sizes=\"(max-width: 190px) 100vw, 190px\"><\/noscript><img src=\"data:image\/svg+xml,%3Csvg%20xmlns%3D%22http%3A%2F%2Fwww.w3.org%2F2000%2Fsvg%22%20viewBox%3D%220%200%20190%20125%22%3E%3C%2Fsvg%3E\" alt=\"dryAMD.eu Logotipo de la &quot;Sociedad Macular&quot;.\" class=\"wp-image-812 lazyload\" width=\"190\" height=\"125\" srcset=\"data:image\/svg+xml,%3Csvg%20xmlns%3D%22http%3A%2F%2Fwww.w3.org%2F2000%2Fsvg%22%20viewBox%3D%220%200%20190%20125%22%3E%3C%2Fsvg%3E 190w\" sizes=\"(max-width: 190px) 100vw, 190px\" data-srcset=\"https:\/\/dryamd.eu\/es\/wp-content\/uploads\/sites\/5\/2021\/05\/logo_macular_society_@2x.jpg 760w, https:\/\/dryamd.eu\/es\/wp-content\/uploads\/sites\/5\/2021\/05\/logo_macular_society_@2x-300x197.jpg 300w\" data-src=\"http:\/\/dryamd.eu\/es\/wp-content\/uploads\/sites\/5\/2021\/05\/logo_macular_society_@2x.jpg\"><\/figure>\n<\/div>\n<\/div>\n\n\n\n<div class=\"wp-container-25 wp-block-columns row mb-5\">\n<div class=\"wp-container-23 wp-block-column col-12 col-lg-6\">\n<p><strong>PRO RETINA<\/strong> es una organizaci\u00f3n de pacientes de toda Alemania de y para personas con iRD y DMAE. Fundada en 1977, cuenta ahora con m\u00e1s de 6000 miembros que reciben apoyo y asesoramiento para vivir con la p\u00e9rdida visual de manera aut\u00f3noma. PRO RETINA apoya la investigaci\u00f3n, sensibiliza al p\u00fablico y ejerce influencia pol\u00edtica.<\/p>\n\n\n\n<p><a href=\"https:\/\/www.pro-retina.de\/\" target=\"_blank\" rel=\"noreferrer noopener\" title=\"PRO RETINA Deutschland Website\">Sitio web de \u00a8PRO RETINA Deutschland\u00a8<\/a><\/p>\n<\/div>\n\n\n\n<div class=\"wp-container-24 wp-block-column col-12 col-lg-6\">\n<figure class=\"wp-block-image size-large is-resized\"><noscript><img src=\"http:\/\/dryamd.eu\/es\/wp-content\/uploads\/sites\/5\/2021\/05\/logo_pro_retina_@2x.jpg\" alt=\"dryAMD.eu Logotipo de la &quot;PRO RETINA&quot;.\" class=\"wp-image-813\" width=\"190\" height=\"125\" srcset=\"https:\/\/dryamd.eu\/es\/wp-content\/uploads\/sites\/5\/2021\/05\/logo_pro_retina_@2x.jpg 760w, https:\/\/dryamd.eu\/es\/wp-content\/uploads\/sites\/5\/2021\/05\/logo_pro_retina_@2x-300x197.jpg 300w\" sizes=\"(max-width: 190px) 100vw, 190px\"><\/noscript><img src=\"data:image\/svg+xml,%3Csvg%20xmlns%3D%22http%3A%2F%2Fwww.w3.org%2F2000%2Fsvg%22%20viewBox%3D%220%200%20190%20125%22%3E%3C%2Fsvg%3E\" alt=\"dryAMD.eu Logotipo de la &quot;PRO RETINA&quot;.\" class=\"wp-image-813 lazyload\" width=\"190\" height=\"125\" srcset=\"data:image\/svg+xml,%3Csvg%20xmlns%3D%22http%3A%2F%2Fwww.w3.org%2F2000%2Fsvg%22%20viewBox%3D%220%200%20190%20125%22%3E%3C%2Fsvg%3E 190w\" sizes=\"(max-width: 190px) 100vw, 190px\" data-srcset=\"https:\/\/dryamd.eu\/es\/wp-content\/uploads\/sites\/5\/2021\/05\/logo_pro_retina_@2x.jpg 760w, https:\/\/dryamd.eu\/es\/wp-content\/uploads\/sites\/5\/2021\/05\/logo_pro_retina_@2x-300x197.jpg 300w\" data-src=\"http:\/\/dryamd.eu\/es\/wp-content\/uploads\/sites\/5\/2021\/05\/logo_pro_retina_@2x.jpg\"><\/figure>\n<\/div>\n<\/div>\n\n\n\n<p class=\"resources-title\">Referencias:<\/p>\n\n\n\n<ol><li>Gehrs KM, et al. Ann Med. 2006;38(7):450-471.<\/li><li>Fleckenstein, M. et al. The progression of geographic atrophy secondary to age-related macular degeneration. Ophthalmology 125, 369\u2013390 (2018).<\/li><li>Sivaprasad S, et al. Ophthalmol Ther. 2019;8:115-124<\/li><li>Kaszubski P, et al. Ophthalmic Res. 2016;55(4):185-193<\/li><li>Boyer, D. S., Schmidt-Erfurth, U., Van Lookeren Campagne, M., Henry, E. C. &amp; Brittain, C. The pathophysiology of geographic atrophy secondary to age-related macular degeneration and the complement pathway as a therapeutic target. Retina 37, 819\u2013835 (2017).<\/li><li>Young, R. W. Pathophysiology of age-related macular degeneration. Surv. Ophthalmol. 31, (1987).<\/li><li>EURETINA. Retinal Diseases in Europe. PDF file. Accessed Apr. 29, 2021.<br>https:\/\/www.euretina.org\/downloads\/EURETINA_Retinal_Diseases.pdf<\/li><li>Age-Related Macular Degeneration: Facts &amp; Figures. Bright Focus Foundation. Accessed Apr. 29, 2021. https:\/\/www.brightfocus.org\/macular\/article\/age-related-macular-facts-figures<\/li><li>Wong WL, et al. Lancet Glob Health. 2014;2:e106-116.<\/li><li>What is Geographic Atrophy? Bright Focus Foundation. Accessed Apr. 29, 2021. https:\/\/www.brightfocus.org\/macular\/article\/what-geographic-atrophy<\/li><li>Ardeljan, D. &amp; Chan, C. C. Aging is not a disease: Distinguishing age-related macular degeneration from aging. Progress in Retinal and Eye Research (2013) doi:10.1016\/j.preteyeres.2013.07.003.<\/li><li>Bear, M., Connors, B. &amp; Paradiso, M. Neuroscience: Exploring the Brain (Third Edition). Library (Lond). (2006) doi:10.1007\/BF02234670.<\/li><li>Bonnel, S., Mohand-Said, S. &amp; Sahel, J. A. The aging of the retina. Exp. Gerontol. (2003) doi:10.1016\/S0531-5565(03)00093-7.<\/li><li>Pennington, K. L. &amp; DeAngelis, M. M. Epidemiology of age-related macular degeneration (AMD): associations with cardiovascular disease phenotypes and lipid factors. Eye Vis. 3, (2016).<\/li><li>Patel PJ, et al. Clin Ophthalmol. 2020;15-28<\/li><\/ol>\n\n\n\n<p><\/p>\n\n\n\n<p>EU-GA-2100003<\/p>\n","protected":false},"excerpt":{"rendered":"<p>UNA MIRADA M\u00c1S DE CERCA A LA DMAE AVANZADA SECA O ATROFIA GEOGR\u00c1FICA DMAE avanzada seca y atrofia geogr\u00e1fica (AG) son t\u00e9rminos sin\u00f3nimos utilizados para describir la forma avanzada de la degeneraci\u00f3n macular asociada a la edad (DMAE), que es una de las principales causas de ceguera en todo el mundo.1,2 Si usted o alg\u00fan [&hellip;]<\/p>\n","protected":false},"author":1,"featured_media":0,"parent":0,"menu_order":0,"comment_status":"closed","ping_status":"closed","template":"","meta":[],"_links":{"self":[{"href":"https:\/\/dryamd.eu\/es\/wp-json\/wp\/v2\/pages\/1131"}],"collection":[{"href":"https:\/\/dryamd.eu\/es\/wp-json\/wp\/v2\/pages"}],"about":[{"href":"https:\/\/dryamd.eu\/es\/wp-json\/wp\/v2\/types\/page"}],"author":[{"embeddable":true,"href":"https:\/\/dryamd.eu\/es\/wp-json\/wp\/v2\/users\/1"}],"replies":[{"embeddable":true,"href":"https:\/\/dryamd.eu\/es\/wp-json\/wp\/v2\/comments?post=1131"}],"version-history":[{"count":14,"href":"https:\/\/dryamd.eu\/es\/wp-json\/wp\/v2\/pages\/1131\/revisions"}],"predecessor-version":[{"id":1552,"href":"https:\/\/dryamd.eu\/es\/wp-json\/wp\/v2\/pages\/1131\/revisions\/1552"}],"wp:attachment":[{"href":"https:\/\/dryamd.eu\/es\/wp-json\/wp\/v2\/media?parent=1131"}],"curies":[{"name":"wp","href":"https:\/\/api.w.org\/{rel}","templated":true}]}}