{"id":1339,"date":"2021-12-03T14:19:12","date_gmt":"2021-12-03T14:19:12","guid":{"rendered":"https:\/\/dryamd.eu\/?page_id=1339"},"modified":"2022-04-06T13:08:15","modified_gmt":"2022-04-06T13:08:15","slug":"herramientas-de-apoyo","status":"publish","type":"page","link":"https:\/\/dryamd.eu\/es\/herramientas-de-apoyo\/","title":{"rendered":"Herramientas de apoyo"},"content":{"rendered":"\n<h1 class=\"bgcolor-seperate mt-5\"><strong>HERRAMIENTAS DE APOYO<\/strong><\/h1>\n\n\n\n<div style=\"height:100px\" aria-hidden=\"true\" class=\"wp-block-spacer\"><\/div>\n\n\n\n<p>En esta p\u00e1gina encontrar\u00e1 \u00fatiles herramientas de apoyo para descargar.<\/p>\n\n\n\n<div class=\"wp-container-1 wp-block-buttons\">\n<div class=\"wp-block-button\"><a class=\"wp-block-button__link\" href=\"https:\/\/dryamd.eu\/es\/wp-content\/uploads\/sites\/5\/2022\/03\/dryAMD_Rejilla_Amsler_A4.pdf\" target=\"_blank\" rel=\"noreferrer noopener\">DESCARGAR LA REJILLA DE AMSLER<\/a><\/div>\n<\/div>\n\n\n\n<p>La rejilla de Amsler es una herramienta de autocomprobaci\u00f3n esencial<sup>1<\/sup>&nbsp;y f\u00e1cil de usar que sirve para detectar cambios tempranos en su visi\u00f3n.<\/p>\n\n\n\n<div style=\"height:100px\" aria-hidden=\"true\" class=\"wp-block-spacer\"><\/div>\n\n\n\n<div class=\"wp-container-2 wp-block-buttons\">\n<div class=\"wp-block-button\"><a class=\"wp-block-button__link\" href=\"https:\/\/dryamd.eu\/es\/glosario\/\">GLOSARIO<\/a><\/div>\n<\/div>\n\n\n\n<p><\/p>\n\n\n\n<p>Referencias:<\/p>\n\n\n\n<ol><li>\u00bfTiene DMAE? Save Your Sight with an Amsler Grid. Consultado el 15 de noviembre de 2021.<br>https:\/\/www.aao.org\/eye-health\/tips-prevention\/facts-about-amsler-grid-daily-vision-test<\/li><\/ol>\n","protected":false},"excerpt":{"rendered":"<p>HERRAMIENTAS DE APOYO En esta p\u00e1gina encontrar\u00e1 \u00fatiles herramientas de apoyo para descargar. La rejilla de Amsler es una herramienta de autocomprobaci\u00f3n esencial1&nbsp;y f\u00e1cil de usar que sirve para detectar cambios tempranos en su visi\u00f3n. Referencias: \u00bfTiene DMAE? Save Your Sight with an Amsler Grid. Consultado el 15 de noviembre de 2021.https:\/\/www.aao.org\/eye-health\/tips-prevention\/facts-about-amsler-grid-daily-vision-test<\/p>\n","protected":false},"author":1,"featured_media":0,"parent":0,"menu_order":0,"comment_status":"closed","ping_status":"closed","template":"","meta":[],"_links":{"self":[{"href":"https:\/\/dryamd.eu\/es\/wp-json\/wp\/v2\/pages\/1339"}],"collection":[{"href":"https:\/\/dryamd.eu\/es\/wp-json\/wp\/v2\/pages"}],"about":[{"href":"https:\/\/dryamd.eu\/es\/wp-json\/wp\/v2\/types\/page"}],"author":[{"embeddable":true,"href":"https:\/\/dryamd.eu\/es\/wp-json\/wp\/v2\/users\/1"}],"replies":[{"embeddable":true,"href":"https:\/\/dryamd.eu\/es\/wp-json\/wp\/v2\/comments?post=1339"}],"version-history":[{"count":7,"href":"https:\/\/dryamd.eu\/es\/wp-json\/wp\/v2\/pages\/1339\/revisions"}],"predecessor-version":[{"id":1444,"href":"https:\/\/dryamd.eu\/es\/wp-json\/wp\/v2\/pages\/1339\/revisions\/1444"}],"wp:attachment":[{"href":"https:\/\/dryamd.eu\/es\/wp-json\/wp\/v2\/media?parent=1339"}],"curies":[{"name":"wp","href":"https:\/\/api.w.org\/{rel}","templated":true}]}}