{"id":1597,"date":"2022-11-24T17:14:56","date_gmt":"2022-11-24T17:14:56","guid":{"rendered":"https:\/\/dryamd.eu\/es\/?page_id=1597"},"modified":"2022-11-24T17:14:56","modified_gmt":"2022-11-24T17:14:56","slug":"declaracion-sobre-cookies","status":"publish","type":"page","link":"https:\/\/dryamd.eu\/es\/declaracion-sobre-cookies\/","title":{"rendered":"Declaraci\u00f3n sobre cookies"},"content":{"rendered":"\n<h1><strong>Declaraci\u00f3n sobre cookies<\/strong><\/h1>\n\n\n\n<p>Las cookies son fragmentos de datos que un sitio web puede transferir al navegador web de un usuario.<\/p>\n\n\n\n<p>Las cookies pueden permanecer en su ordenador despu\u00e9s de salir del sitio web, pero puede eliminarlas manualmente con la mayor\u00eda de navegadores.<\/p>\n\n\n\n<p>La mayor\u00eda de navegadores web est\u00e1n preconfigurados para aceptar cookies.<\/p>\n\n\n\n<p>Algunas cookies almacenan datos solo durante el tiempo que el usuario est\u00e1 en el sitio web.<\/p>\n\n\n\n<p>Estas se denominan cookies de sesi\u00f3n y no se almacenan en su ordenador despu\u00e9s de que haya abandonado el sitio web.<\/p>\n\n\n\n<p>Si prefiere no recibir cookies, puede ajustar su navegador web para rechazarlas o para advertirle cuando se utilicen cookies.<\/p>\n\n\n\n<p>La mayor\u00eda de los elementos de este sitio seguir\u00e1 funcionando si desactiva las cookies en la configuraci\u00f3n de su navegador web.<\/p>\n\n\n\n<p>Cuando visita este Sitio, si su navegador utiliza la configuraci\u00f3n est\u00e1ndar y acepta cookies, est\u00e1 dando su consentimiento para que las cookies de este sitio se almacenen en su ordenador.<\/p>\n\n\n\n<p>Si no desea que esto suceda, puede desactivarlas en la configuraci\u00f3n de su navegador.<\/p>\n\n\n\n<p>En el Sitio se utilizan las siguientes cookies.<\/p>\n\n\n\n<p>De manera predeterminada, todas las cookies permitidas se almacenan durante un a\u00f1o.<\/p>\n\n\n\n<p><strong>Diferentes tipos de cookies<\/strong><\/p>\n\n\n\n<p><strong>Cookies de sesi\u00f3n y persistentes<\/strong><\/p>\n\n\n\n<p>Las cookies pueden caducar al final de una sesi\u00f3n del navegador (desde el momento en que un usuario abre la ventana del navegador hasta el momento en que sale del navegador) o se pueden almacenar durante periodos de tiempo m\u00e1s largos.<\/p>\n\n\n\n<p><strong>Cookies de sesi\u00f3n<\/strong>: permiten a los sitios web vincular las acciones de un usuario durante una sesi\u00f3n de navegador.<\/p>\n\n\n\n<p>Pueden utilizarse para diversos fines, como recordar lo que un usuario ha colocado en su cesta de la compra mientras navega por un sitio.<\/p>\n\n\n\n<p>Estas cookies de sesi\u00f3n caducan despu\u00e9s de una sesi\u00f3n de navegador.<\/p>\n\n\n\n<p>El uso de las denominadas cookies de sesi\u00f3n (que, en cualquier caso, no se almacenan de forma permanente en el ordenador del usuario y se eliminan autom\u00e1ticamente tan pronto como se apaga el navegador) se limita estrictamente al prop\u00f3sito de transmitir datos (formados por n\u00fameros aleatorios creados por el servidor) que identifiquen la sesi\u00f3n espec\u00edfica y sean necesarios para permitir una navegaci\u00f3n segura y eficiente del sitio web.<\/p>\n\n\n\n<p>Las denominadas cookies de sesi\u00f3n utilizadas en este sitio web evitan cualquier otro m\u00e9todo inform\u00e1tico que pueda comprometer potencialmente la privacidad de la navegaci\u00f3n web de los usuarios.<\/p>\n\n\n\n<p><strong>Cookies persistentes<\/strong>: se almacenan en el dispositivo de un usuario entre sesiones del navegador, lo que permite recordar las preferencias o acciones del usuario en un sitio (o en algunos casos en diferentes sitios web).<\/p>\n\n\n\n<p>Las cookies persistentes pueden utilizarse para diversos fines, incluido recordar las preferencias y opciones de los usuarios cuando visitan un sitio.<\/p>\n\n\n\n<p><strong>Cookies propias y de terceros<\/strong>: que una cookie sea \u201cpropia\u201d o \u201cde terceros\u201d viene determinado por el sitio web o dominio que instala la cookie.<\/p>\n\n\n\n<p>En t\u00e9rminos generales, las cookies propias son cookies instaladas por un sitio web visitado por el usuario: el sitio web que se muestra en la ventana de URL.<\/p>\n\n\n\n<p>Las cookies de terceros son cookies de un dominio diferente al dominio del sitio web que est\u00e1 visitando el usuario, utilizadas con fines de publicidad y marketing. Son cookies instaladas por un dominio distinto al que est\u00e1 visitando el usuario.<\/p>\n\n\n\n<p><strong>Cookies que utilizamos<\/strong><\/p>\n\n\n\n<p>Al visitar cualquier sitio web, Apellis utiliza cookies para mejorar la experiencia del usuario, para proteger su informaci\u00f3n, as\u00ed como para desarrollar estad\u00edsticas agregadas sobre los datos recogidos por diversos motivos.<\/p>\n\n\n\n<p>M\u00e1s espec\u00edficamente, utilizamos cookies y otras tecnolog\u00edas de seguimiento para los siguientes fines:<\/p>\n\n\n\n<p><strong>Cookies estrictamente necesarias<\/strong><\/p>\n\n\n\n<p>Estas cookies son necesarias para el funcionamiento del sitio web y no se pueden desactivar en nuestros sistemas.<\/p>\n\n\n\n<p>Por lo general, solo se instalan en respuesta a acciones realizadas por el usuario que equivalen a una solicitud de servicios, como establecer sus preferencias de privacidad o rellenar formularios.<\/p>\n\n\n\n<p>Puede configurar su navegador para que bloquee o le avise sobre estas cookies, pero si lo hace, algunas partes del sitio no funcionar\u00e1n.<\/p>\n\n\n\n<p>Estas cookies no almacenan ning\u00fan dato personal.<\/p>\n\n\n\n<figure class=\"wp-block-table\"><table class=\"has-fixed-layout\"><tbody><tr><td><strong><strong>Nombre de la cookie<\/strong><\/strong><\/td><td><strong>Fuente<\/strong><\/td><td><strong>Caducidad<\/strong><\/td><td><strong>Estado por defecto<\/strong><\/td><\/tr><tr><td>cookieBanner<\/td><td>P\u00e1gina web<\/td><td>1 a\u00f1o<\/td><td>Se utiliza para almacenar el permiso de uso d las cookies.<\/td><\/tr><tr><td>-disable-{ID<\/td><td>P\u00e1gina web<\/td><td>1 a\u00f1o<\/td><td>Gestiona Google Analytics<\/td><\/tr><\/tbody><\/table><\/figure>\n\n\n\n<p><strong>Optional cookies<\/strong><\/p>\n\n\n\n<p><strong>Functional cookies<\/strong><\/p>\n\n\n\n<label class=\"switch\" id=\"gaswitcher\">\n                <input type=\"checkbox\">\n                <span class=\"sliderSwitcher round\"><\/span>\n            <\/label>\n\n\n\n<p>Estas cookies permiten que el sitio web proporcione una funcionalidad y personalizaci\u00f3n mejoradas.<\/p>\n\n\n\n<p>Podemos establecerlas nosotros mismos o terceros proveedores cuyos servicios hayamos a\u00f1adido a nuestras p\u00e1ginas.<\/p>\n\n\n\n<p>Si no permite estas cookies, es posible que algunos o ninguno de estos servicios no funcionen correctamente.<\/p>\n\n\n\n<figure class=\"wp-block-table\"><table class=\"has-fixed-layout\"><tbody><tr><td><strong>Nombre de la cookie<\/strong><\/td><td><strong>Fuente<\/strong><\/td><td><strong>Caducidad<\/strong><\/td><td><strong>Estado por defecto<\/strong><\/td><\/tr><tr><td>PHPSESSID<\/td><td>WordPress<\/td><td>1 a\u00f1o<\/td><td>Utilizado por  WordPress<\/td><\/tr><tr><td>csrf_token<\/td><td>WordPress<\/td><td>24 horas<\/td><td>Utilizado por  WordPress<\/td><\/tr><\/tbody><\/table><\/figure>\n\n\n\n<p><strong>Performance cookies<\/strong><\/p>\n\n\n\n<label class=\"switch\" id=\"gaswitcher\">\n                <input type=\"checkbox\">\n                <span class=\"sliderSwitcher round\"><\/span>\n            <\/label>\n\n\n\n<p>Estas cookies nos permiten contar las visitas y las fuentes de tr\u00e1fico para que podamos medir y mejorar el rendimiento de nuestro sitio.<\/p>\n\n\n\n<p>Nos ayudan a saber qu\u00e9 p\u00e1ginas son las m\u00e1s y menos populares y a ver c\u00f3mo se mueven los visitantes por el sitio.<\/p>\n\n\n\n<p>Toda la informaci\u00f3n que recogen estas cookies es agregada y, por lo tanto, an\u00f3nima.<\/p>\n\n\n\n<p>Si no permite estas cookies, no sabremos cu\u00e1ndo ha visitado nuestro sitio y no podremos supervisar su rendimiento.<\/p>\n\n\n\n<figure class=\"wp-block-table\"><table class=\"has-fixed-layout\"><tbody><tr><td><strong>Cookie name<\/strong><\/td><td><strong>Source<\/strong><\/td><td><strong>Expiry<\/strong><\/td><td><strong>Default status<\/strong><\/td><\/tr><tr><td>_ga<\/td><td>Google analytics<\/td><td>Hasta 2 a\u00f1os<\/td><td>Utilizado por Google Analytics<\/td><\/tr><tr><td>_ga_ZJ8CRS7026<\/td><td>Google analytics<\/td><td>1 mes<\/td><td>Utilizado por Google Analytics<\/td><\/tr><tr><td>_gid<\/td><td>Google analytics<\/td><td>24 horas<\/td><td>Utilizado por Google Analytics<\/td><\/tr><\/tbody><\/table><\/figure>\n\n\n\n<p><strong>Google Analytics<\/strong><\/p>\n\n\n\n<p>Utilizamos Google Analytics, un servicio de an\u00e1lisis web proporcionado por Google, Inc. (en adelante, \u201cGoogle\u201d), para recoger informaci\u00f3n sobre c\u00f3mo nuestros visitantes utilizan y navegan por nuestro sitio.<\/p>\n\n\n\n<p>Google Analytics utiliza \u201ccookies\u201d, esto es, archivos de texto instalados en el ordenador para ayudar al sitio web a analizar c\u00f3mo los usuarios utilizan el sitio.<\/p>\n\n\n\n<p>Utilizamos esta informaci\u00f3n para analizar e informar del uso del sitio para mejorar el uso de la p\u00e1gina de inicio para los visitantes.<\/p>\n\n\n\n<p>La informaci\u00f3n generada por la cookie sobre su uso del sitio web (incluida su direcci\u00f3n IP) se transmitir\u00e1 y almacenar\u00e1 por Google en servidores en los Estados Unidos.<\/p>\n\n\n\n<p>Google utilizar\u00e1 esta informaci\u00f3n con el fin de evaluar su uso del sitio web, compilar informes sobre la actividad del sitio web para los operadores del sitio web y proporcionar otros servicios relacionados con la actividad del sitio web y el uso de Internet.<\/p>\n\n\n\n<p>Google tambi\u00e9n podr\u00e1 transferir esta informaci\u00f3n a terceros cuando as\u00ed lo exija la ley, o cuando dichos terceros traten la informaci\u00f3n en nombre de Google.<\/p>\n\n\n\n<p>Google no asociar\u00e1 su direcci\u00f3n IP a ning\u00fan otro dato que posea Google.<\/p>\n\n\n\n<p>Puede rechazar el uso de cookies seleccionando la configuraci\u00f3n pertinente en su navegador.<\/p>\n\n\n\n<p>Sin embargo, tenga en cuenta que, si lo hace, es posible que no pueda utilizar todas las funciones de este sitio web.<\/p>\n\n\n\n<p>Al utilizar este sitio web, usted da su consentimiento para el tratamiento de sus datos por parte de Google de la manera y para los fines establecidos anteriormente.<\/p>\n\n\n\n<p>Para obtener m\u00e1s informaci\u00f3n sobre c\u00f3mo Google trata sus datos, visite la Pol\u00edtica de privacidad de Google.<\/p>\n\n\n\n<p>Google Analytics recoge informaci\u00f3n de forma an\u00f3nima.<\/p>\n\n\n\n<p>Sin embargo, puede optar por no ser rastreado por Google Analytics en todos los sitios web que utilice instalando el complemento de inhabilitaci\u00f3n para navegadores de Google Analytics.<\/p>\n\n\n\n<p>Si no quiere ser rastreado por Google Analytics en ning\u00fan sitio web visite https:\/\/tools.google.com\/dlpage\/gaoptout (compatible con Chrome, Internet Explorer 8\u201311, Safari, Firefox y Opera)<\/p>\n\n\n\n<p><strong>C\u00f3mo aceptar, controlar y eliminar nuestras cookies<\/strong><\/p>\n\n\n\n<p>Algunas cookies son estrictamente necesarias para el correcto funcionamiento de este sitio web y no requieren el consentimiento del usuario, como las que garantizan que el contenido de una p\u00e1gina se cargue de forma r\u00e1pida y eficaz distribuyendo la carga de trabajo en numerosos ordenadores o aquellas que proporcionan seguridad.<\/p>\n\n\n\n<p>Otras cookies siguen siendo razonablemente necesarias o importantes, pero no son estrictamente esenciales y, por lo tanto, requieren el consentimiento del usuario.<\/p>\n\n\n\n<p>Para estas cookies (esto es, rendimiento y funcionalidad), solicitamos su consentimiento (mediante el bot\u00f3n \u201caceptar todas las cookies\u201d en nuestro banner de cookies o a trav\u00e9s de la configuraci\u00f3n de cookies de su navegador) antes de instalarlas en su dispositivo.<\/p>\n\n\n\n<p>Si no quiere dar su consentimiento o si quiere retirar su consentimiento a cualquier cookie no esencial en cualquier momento, deber\u00e1 eliminar y bloquear o deshabilitar las cookies a trav\u00e9s de la configuraci\u00f3n de su navegador.<\/p>\n\n\n\n<p>Estos ajustes suelen encontrarse en el men\u00fa de opciones o preferencias de su navegador de Internet.<\/p>\n\n\n\n<p>De lo contrario, deber\u00e1 utilizar la opci\u00f3n de \u201cayuda\u201d de su navegador de Internet para obtener m\u00e1s informaci\u00f3n o hacer clic en uno de los enlaces siguientes para ir directamente al manual del usuario de su navegador:<\/p>\n\n\n\n<p>Mozilla Firefox<\/p>\n\n\n\n<p>Google Chrome<\/p>\n\n\n\n<p>Safari<\/p>\n\n\n\n<p>Opera<\/p>\n\n\n\n<p>Internet Explorer<\/p>\n\n\n\n<p>Tenga en cuenta que deshabilitar o bloquear algunas o todas las categor\u00edas de cookies afectar\u00e1 a la funcionalidad del sitio web y puede afectar a su acceso y experiencia con nuestro sitio web y los servicios que podemos ofrecer.<\/p>\n\n\n\n<p>Cualquiera de sus preferencias de cookies se limita \u00fanicamente a este sitio web y no a otros sitios web propiedad de terceros o a cualquier otra p\u00e1gina web, que puede tener un hiperv\u00ednculo a este sitio web.<\/p>\n\n\n\n<p>Para obtener m\u00e1s informaci\u00f3n sobre las cookies utilizadas por esos sitios web, consulte el aviso de privacidad correspondiente o la pol\u00edtica de cookies de dichos sitios web.<\/p>\n\n\n\n<p><strong>Actualizaci\u00f3n de la pol\u00edtica de cookies<\/strong><\/p>\n\n\n\n<p>La pol\u00edtica de cookies de nuestro sitio web puede actualizarse peri\u00f3dicamente, por lo que recomendamos consultar este documento cada vez que acceda al sitio para estar debidamente informado sobre cualquier actualizaci\u00f3n de nuestro uso de cookies.<\/p>\n\n\n\n<p><strong>M\u00e1s informaci\u00f3n sobre cookies<\/strong><\/p>\n\n\n\n<p>Para obtener m\u00e1s informaci\u00f3n sobre las cookies instaladas a trav\u00e9s de este sitio web, p\u00f3ngase en contacto con nuestra Oficina de privacidad en: privacy@apellis.com<\/p>\n\n\n\n<p>Tambi\u00e9n puede visitor <a href=\"http:\/\/www.aboutcookies.or\">www.aboutcookies.or<\/a> o <a href=\"http:\/\/www.allaboutcookies.org\">www.allaboutcookies.org<\/a> para obtener informaci\u00f3n general sobre cookies e informaci\u00f3n completa sobre c\u00f3mo modificar la configuraci\u00f3n de cookies en una amplia variedad de navegadores y c\u00f3mo eliminar cookies de su ordenador.<\/p>\n\n\n\n<p>\u00daltima revisi\u00f3n:<\/p>\n\n\n\n<p>1 de septiembre de 2022<\/p>\n\n\n\n<p>EU-GA-2200013<\/p>\n","protected":false},"excerpt":{"rendered":"<p>Declaraci\u00f3n sobre cookies Las cookies son fragmentos de datos que un sitio web puede transferir al navegador web de un usuario. Las cookies pueden permanecer en su ordenador despu\u00e9s de salir del sitio web, pero puede eliminarlas manualmente con la mayor\u00eda de navegadores. La mayor\u00eda de navegadores web est\u00e1n preconfigurados para aceptar cookies. Algunas cookies [&hellip;]<\/p>\n","protected":false},"author":1,"featured_media":0,"parent":0,"menu_order":0,"comment_status":"closed","ping_status":"closed","template":"","meta":[],"_links":{"self":[{"href":"https:\/\/dryamd.eu\/es\/wp-json\/wp\/v2\/pages\/1597"}],"collection":[{"href":"https:\/\/dryamd.eu\/es\/wp-json\/wp\/v2\/pages"}],"about":[{"href":"https:\/\/dryamd.eu\/es\/wp-json\/wp\/v2\/types\/page"}],"author":[{"embeddable":true,"href":"https:\/\/dryamd.eu\/es\/wp-json\/wp\/v2\/users\/1"}],"replies":[{"embeddable":true,"href":"https:\/\/dryamd.eu\/es\/wp-json\/wp\/v2\/comments?post=1597"}],"version-history":[{"count":2,"href":"https:\/\/dryamd.eu\/es\/wp-json\/wp\/v2\/pages\/1597\/revisions"}],"predecessor-version":[{"id":1605,"href":"https:\/\/dryamd.eu\/es\/wp-json\/wp\/v2\/pages\/1597\/revisions\/1605"}],"wp:attachment":[{"href":"https:\/\/dryamd.eu\/es\/wp-json\/wp\/v2\/media?parent=1597"}],"curies":[{"name":"wp","href":"https:\/\/api.w.org\/{rel}","templated":true}]}}