{"id":23,"date":"2021-04-16T13:18:33","date_gmt":"2021-04-16T13:18:33","guid":{"rendered":"https:\/\/dryamd.eu\/?page_id=23"},"modified":"2022-09-05T13:19:28","modified_gmt":"2022-09-05T13:19:28","slug":"acerca-de-la-dmae","status":"publish","type":"page","link":"https:\/\/dryamd.eu\/es\/acerca-de-la-dmae\/","title":{"rendered":"Acerca de la DMAE"},"content":{"rendered":"<h1 class=\"bgcolor-seperate mt-5\"><strong>SOBRE LA DEGENERACI\u00d3N MACULAR<\/strong><br><strong>ASOCIADA A LA EDAD (DMAE)<\/strong><\/h1>\n\n\n\n<p><strong>DMAE seca y atrofia geogr\u00e1fica (AG) son t\u00e9rminos sin\u00f3nimos utilizados para describir la forma avanzada seca de la degeneraci\u00f3n macular asociada a la edad (DMAE), que es una de las principales causas de ceguera en todo el mundo.<sup>1,2<\/sup><\/strong><\/p>\n\n\n\n<p><strong>La degeneraci\u00f3n macular asociada a la edad (DMAE) es una enfermedad de la m\u00e1cula, la cual est\u00e1 localizada en la posterior del ojo y permite tener una visi\u00f3n n\u00edtida. Es una de las causas m\u00e1s comunes de p\u00e9rdida grave de visi\u00f3n en los pa\u00edses occidentales industrializados. Una cuarta parte de los europeos mayores de 60 a\u00f1os est\u00e1n afectados por la DMAE, ya sea en fase precoz, intermedia o avanzada.<sup>7<\/sup><\/strong><\/p>\n\n\n\n<h2><strong>La m\u00e1cula y lo que ocurre cuando envejece<\/strong><\/h2>\n\n\n\n<p>La m\u00e1cula es la zona de la retina con la mayor densidad de fotorreceptores. Estos son c\u00e9lulas sensibles a la luz que convierten los est\u00edmulos luminosos que llegan a la retina en se\u00f1ales el\u00e9ctricas.<sup>12<\/sup><br><br>El gran n\u00famero y la densidad de los fotorreceptores en la m\u00e1cula permiten la alta resoluci\u00f3n de esta parte especializada de la retina. Los objetos que enfocamos se proyectan all\u00ed, las se\u00f1ales de la imagen se convierten en impulsos el\u00e9ctricos y se transmiten al cerebro a trav\u00e9s del nervio \u00f3ptico.<sup>12<\/sup><\/p>\n\n\n\n<p>A lo largo de nuestra vida, la alta energ\u00eda de la luz afecta a la m\u00e1cula. La luz es procesada y transmitida por los fotorreceptores y este proceso produce residuos.<sup>11<\/sup> Estos residuos deben eliminarse a tiempo para no interrumpir el proceso de la visi\u00f3n. Sin embargo, esta carga de trabajo afecta al tejido. Con el paso de los a\u00f1os, se acumulan sustancias, como prote\u00ednas y grasa formando lo que llamamos drusas. Las drusas se desarrollan porque las c\u00e9lulas responsables de eliminarlas ya no pueden hacerlo con la suficiente rapidez. Las drusas se depositan bajo los fotorreceptores, lo que hace que se \u00e9stos se degraden y mueran con el tiempo. Cuando esto ocurre, tiene lugar la denominada Degeneraci\u00f3n Macular Asociada a la Edad (DMAE).<sup>13<\/sup><\/p>\n\n\n\n<p>La mayor\u00eda de las personas est\u00e1n afectadas por una DMAE precoz o intermedia, pero aproximadamente el 2&nbsp;% de las personas con DMAE est\u00e1n afectadas por una DMAE avanzada, que se analiza en las siguientes secciones.<\/p>\n\n\n\n<h2><strong>Existen dos formas de degeneraci\u00f3n macular avanzada asociada a la edad: seca y h\u00fameda<sup>8<\/sup><\/strong><\/h2>\n\n\n\n<a class=\"d-none\" name=\"video_advanced_amd\"><\/a>\n\n\n\n<p>Existen diversos trastornos oculares que afectan a la m\u00e1cula en la parte posterior del ojo, la regi\u00f3n central de la retina. Se denominan colectivamente \u00abdegeneraciones maculares\u00bb. Dado que esta enfermedad ocular afecta principalmente a las personas mayores de 65 a\u00f1os, tambi\u00e9n se denomina degeneraci\u00f3n macular asociada a la edad, en definitiva, DMAE.<\/p>\n\n\n\n<p>La DMAE avanzada, que incluye tanto la DMAE seca como la DMAE h\u00fameda, se considera la principal causa de ceguera en los pa\u00edses industrializados.<sup>1<\/sup><\/p>\n\n\n\n<p>Alrededor del 40&nbsp;% de los casos son DMAE avanzada <meta charset=\"utf-8\">seca, mientras que el 60&nbsp;% son DMAE h\u00fameda.<sup>7<\/sup><\/p>\n\n\n\n<p>Alrededor de 5 millones de personas en todo el mundo est\u00e1n afectadas por la forma avanzada de la DMAE seca.<sup>9<\/sup><\/p>\n\n\n\n<p>La DMAE seca y la DMAE h\u00fameda son manifestaciones diferentes de la DMAE avanzada. Un ojo con DMAE seca tambi\u00e9n puede desarrollar naturalmente DMAE h\u00fameda, y viceversa.<sup>17<\/sup><\/p>\n\n\n\n<br>\n\n\n\n<p>Siguiente v\u00eddeo: Formas avanzadas de degeneraci\u00f3n macular asociada a la edad<\/p>\n\n\n\n<figure class=\"wp-block-video\"><video controls poster=\"https:\/\/dryamd.eu\/es\/wp-content\/uploads\/sites\/5\/2022\/04\/dryAMD_Video_cover_Advanced_ES.png\" src=\"https:\/\/dryamd.eu\/es\/wp-content\/uploads\/sites\/5\/2022\/04\/dryAMD_Formas-avanzadas-de-la-AMD_ES.mp4\"><\/video><\/figure>\n\n\n\n<div class=\"wp-container-4 wp-block-columns\">\n<div class=\"wp-container-2 wp-block-column col-6\">\n<div class=\"wp-container-1 wp-block-buttons\">\n<div class=\"wp-block-button\"><a class=\"wp-block-button__link\" href=\"https:\/\/dryamd.eu\/es\/wp-content\/uploads\/sites\/5\/2022\/03\/dryAMD_Guion_de_video_Formas_avanzadas_de_DMAE.pdf\" target=\"_blank\" rel=\"noreferrer noopener\">DESCARGAR EL TEXTO DEL GUI\u00d3N DEL V\u00cdDEO \u00abFORMAS AVANZADAS DE LA DMAE\u00bb (PDF)<\/a><\/div>\n<\/div>\n<\/div>\n\n\n\n<div class=\"wp-container-3 wp-block-column col-6\"><\/div>\n<\/div>\n\n\n\n<a class=\"d-none\" name=\"video_how-vision-works\"><\/a>\n\n\n\n<p>En la retina, millones de fotorreceptores (c\u00e9lulas sensibles a la luz) y otras c\u00e9lulas nerviosas transforman los rayos de luz en impulsos el\u00e9ctricos que se env\u00edan a la corteza visual del cerebro para hacernos ver lo que vemos.<sup>12<\/sup><\/p>\n\n\n\n<p>Siguiente v\u00eddeo: C\u00f3mo funciona la visi\u00f3n<\/p>\n\n\n\n<figure class=\"wp-block-video\"><video controls poster=\"https:\/\/dryamd.eu\/es\/wp-content\/uploads\/sites\/5\/2022\/04\/dryAMD_Video_cover_HVW_ES.png\" src=\"https:\/\/dryamd.eu\/es\/wp-content\/uploads\/sites\/5\/2022\/04\/dryAMD_Como_funciona_la_vision_ES.mp4\"><\/video><\/figure>\n\n\n\n<div class=\"wp-container-8 wp-block-columns\">\n<div class=\"wp-container-6 wp-block-column col-6\">\n<div class=\"wp-container-5 wp-block-buttons\">\n<div class=\"wp-block-button\"><a class=\"wp-block-button__link\" href=\"https:\/\/dryamd.eu\/es\/wp-content\/uploads\/sites\/5\/2022\/03\/dryAMD_Guion_de_video_Como_funciona_la_vision.pdf\" target=\"_blank\" rel=\"noreferrer noopener\">DESCARGAR EL TEXTO DEL GUI\u00d3N DEL V\u00cdDEO \u00abC\u00d3MO FUNCIONA LA VISI\u00d3N\u00bb (PDF)<\/a><\/div>\n<\/div>\n<\/div>\n\n\n\n<div class=\"wp-container-7 wp-block-column col-6\"><\/div>\n<\/div>\n\n\n\n<p class=\"mt-5\"><strong>Una mirada m\u00e1s de cerca a la DMAE avanzada<\/strong> <meta charset=\"utf-8\"><strong>seca<\/strong><\/p>\n\n\n\n<p class=\"mt-5\">La caracter\u00edstica que mejor predice la posibilidad de desarrollar la DMAE avanzada seca son las drusas de gran tama\u00f1o o confluentes (que fluyen o se fusionan), ya que m\u00e1s del 95&nbsp;% de los pacientes con estas caracter\u00edsticas desarrollan DMAE avanzada seca.<sup>13<\/sup><\/p>\n\n\n\n<p>Las drusas son caracter\u00edsticas clave para los sistemas de clasificaci\u00f3n, ya que permiten clasificar la DMAE en funci\u00f3n de su presencia y gravedad.<sup>17<\/sup><\/p>\n\n\n\n<p>En la DMAE avanzada <meta charset=\"utf-8\">seca suelen aparecer primero puntos ciegos fuera del campo visual central. A medida que la enfermedad avanza, el campo de visi\u00f3n central se ve afectado, lo que finalmente conduce a la ceguera.<sup>5<\/sup> La DMAE avanzada <meta charset=\"utf-8\">seca tambi\u00e9n se denomina atrofia geogr\u00e1fica. El nombre de atrofia geogr\u00e1fica se refiere a las regiones de atrofia, los puntos ciegos, que parecen un mapa para el m\u00e9dico que los examina, de ah\u00ed este t\u00e9rmino.<sup>10<\/sup><\/p>\n\n\n\n<br>\n\n\n\n<p><strong>Las etapas de la DMAE avanzada <meta charset=\"utf-8\"><strong>seca<\/strong><\/strong> <strong>o atrofia geogr\u00e1fica<\/strong><\/p>\n\n\n\n<figure class=\"wp-block-image size-large\"><noscript><img width=\"1024\" height=\"499\" src=\"http:\/\/dryamd.eu\/es\/wp-content\/uploads\/sites\/5\/2022\/05\/ESP_Image_Disease_Progression_c_@2x-1024x499.png\" alt=\"dryAMD Las etapas de la DMAE avanzada seca o atrofia geogr\u00e1fica.\" class=\"wp-image-1581\" srcset=\"https:\/\/dryamd.eu\/es\/wp-content\/uploads\/sites\/5\/2022\/05\/ESP_Image_Disease_Progression_c_@2x-1024x499.png 1024w, https:\/\/dryamd.eu\/es\/wp-content\/uploads\/sites\/5\/2022\/05\/ESP_Image_Disease_Progression_c_@2x-300x146.png 300w, https:\/\/dryamd.eu\/es\/wp-content\/uploads\/sites\/5\/2022\/05\/ESP_Image_Disease_Progression_c_@2x-768x375.png 768w, https:\/\/dryamd.eu\/es\/wp-content\/uploads\/sites\/5\/2022\/05\/ESP_Image_Disease_Progression_c_@2x-1536x749.png 1536w, https:\/\/dryamd.eu\/es\/wp-content\/uploads\/sites\/5\/2022\/05\/ESP_Image_Disease_Progression_c_@2x.png 1714w\" sizes=\"(max-width: 1024px) 100vw, 1024px\"><\/noscript><img width=\"1024\" height=\"499\" src=\"data:image\/svg+xml,%3Csvg%20xmlns%3D%22http%3A%2F%2Fwww.w3.org%2F2000%2Fsvg%22%20viewBox%3D%220%200%201024%20499%22%3E%3C%2Fsvg%3E\" alt=\"dryAMD Las etapas de la DMAE avanzada seca o atrofia geogr\u00e1fica.\" class=\"wp-image-1581 lazyload\" srcset=\"data:image\/svg+xml,%3Csvg%20xmlns%3D%22http%3A%2F%2Fwww.w3.org%2F2000%2Fsvg%22%20viewBox%3D%220%200%201024%20499%22%3E%3C%2Fsvg%3E 1024w\" sizes=\"(max-width: 1024px) 100vw, 1024px\" data-srcset=\"https:\/\/dryamd.eu\/es\/wp-content\/uploads\/sites\/5\/2022\/05\/ESP_Image_Disease_Progression_c_@2x-1024x499.png 1024w, https:\/\/dryamd.eu\/es\/wp-content\/uploads\/sites\/5\/2022\/05\/ESP_Image_Disease_Progression_c_@2x-300x146.png 300w, https:\/\/dryamd.eu\/es\/wp-content\/uploads\/sites\/5\/2022\/05\/ESP_Image_Disease_Progression_c_@2x-768x375.png 768w, https:\/\/dryamd.eu\/es\/wp-content\/uploads\/sites\/5\/2022\/05\/ESP_Image_Disease_Progression_c_@2x-1536x749.png 1536w, https:\/\/dryamd.eu\/es\/wp-content\/uploads\/sites\/5\/2022\/05\/ESP_Image_Disease_Progression_c_@2x.png 1714w\" data-src=\"http:\/\/dryamd.eu\/es\/wp-content\/uploads\/sites\/5\/2022\/05\/ESP_Image_Disease_Progression_c_@2x-1024x499.png\"><\/figure>\n\n\n\n<p> <sub>  Copyright \u00a9 2021 Apellis Switzerland GmbH. Todos los derechos reservados.<\/sub><\/p>\n\n\n\n<br>\n\n\n\n<p>Aunque el crecimiento de la lesi\u00f3n en la DMAE avanzada <meta charset=\"utf-8\">seca puede parecer que avanza lentamente, la progresi\u00f3n de la enfermedad suele ser constante e irreversible.<sup>9<\/sup><\/p>\n\n\n\n<p class=\"my-5 info-box has-background\" style=\"background-color:#5c8e9c\"><strong>Lo que el paciente puede ver:<\/strong><br>A medida que las drusas en la retina se hacen m\u00e1s grandes y numerosas, pueden oscurecer o distorsionar la visi\u00f3n, especialmente al leer. A medida que la enfermedad empeora, las c\u00e9lulas sensibles a la luz de la m\u00e1cula acaban muriendo y pueden producirse puntos ciegos en el centro de la visi\u00f3n e incluso perderse de la visi\u00f3n central.<\/p>\n\n\n\n<p><strong>Una mirada m\u00e1s de cerca a la DMAE h\u00fameda<\/strong><\/p>\n\n\n\n<p>La DMAE h\u00fameda o neovascular es la otra forma avanzada de DMAE. La DMAE h\u00fameda es la forma m\u00e1s com\u00fan y m\u00e1s agresiva de la DMAE avanzada. Es responsable de la mayor\u00eda de las deficiencias visuales graves y la p\u00e9rdida total de la visi\u00f3n central en pacientes con DMAE avanzada.<\/p>\n\n\n\n<p class=\"mt-5\"><strong>\u00bfQu\u00e9 ocurre en la DMAE h\u00fameda?<\/strong><\/p>\n\n\n\n<p>La principal diferencia entre la DMAE seca y la DMAE h\u00fameda es c\u00f3mo afectan a la m\u00e1cula. Mientras que la DMAE seca est\u00e1 asociada con el adelgazamiento y la desecaci\u00f3n de la m\u00e1cula, en la forma h\u00fameda de la degeneraci\u00f3n macular se produce el crecimiento de vasos sangu\u00edneos anormales bajo la retina y la m\u00e1cula. Estos nuevos vasos sangu\u00edneos pueden sangrar y perder l\u00edquido, lo que hace que la m\u00e1cula se abulte o se levante de su posici\u00f3n normal, distorsionando o destruyendo la visi\u00f3n central. En estas circunstancias, la p\u00e9rdida de visi\u00f3n puede ser r\u00e1pida y grave.<\/p>\n\n\n\n<p>A diferencia de la DMAE avanzada <meta charset=\"utf-8\">seca o GA, existen tratamientos disponibles para la DMAE h\u00fameda.<\/p>\n\n\n\n<p class=\"my-5 info-box has-background\" style=\"background-color:#5c8e9c\"><strong><strong>Lo que el paciente puede ver:<\/strong><\/strong><br>Los vasos sangu\u00edneos crecen por debajo de la m\u00e1cula. Estos vasos sangu\u00edneos pueden filtrar sangre y l\u00edquido en la retina.La visi\u00f3n se distorsiona de modo que las l\u00edneas rectas parecen onduladas. Tambi\u00e9n pueden aparecer puntos ciegos y la p\u00e9rdida de la visi\u00f3n central. Con el tiempo, estos vasos sangu\u00edneos y su hemorragia pueden formar una cicatriz, lo que conduce a la p\u00e9rdida permanente de la visi\u00f3n central.<\/p>\n\n\n\n<div style=\"height:100px\" aria-hidden=\"true\" class=\"wp-block-spacer\"><\/div>\n\n\n\n<p><strong>Recursos y enlaces \u00fatiles<\/strong><\/p>\n\n\n\n<div class=\"wp-container-9 wp-block-buttons\">\n<div class=\"wp-block-button\"><a class=\"wp-block-button__link\" href=\"https:\/\/dryamd.eu\/es\/glosario\/\">GLOSARIO<\/a><\/div>\n<\/div>\n\n\n\n<p><br><\/p>\n\n\n\n<p><\/p>\n\n\n\n<p class=\"resources-title\"><\/p>\n\n\n\n<p class=\"resources-title\">Referencias:<\/p>\n\n\n\n<ol><li>Gehrs KM, et al. Ann Med. 2006;38(7):450-471.<\/li><li>Fleckenstein, M. et al. The progression of geographic atrophy secondary to age-related macular degeneration. Ophthalmology 125, 369\u2013390 (2018).<\/li><li>Sivaprasad S, et al. Ophthalmol Ther. 2019;8:115-124<\/li><li>Kaszubski P, et al. Ophthalmic Res. 2016;55(4):185-193<\/li><li>Boyer, D. S., Schmidt-Erfurth, U., Van Lookeren Campagne, M., Henry, E. C. &amp; Brittain, C. The pathophysiology of geographic atrophy secondary to age-related macular degeneration and the complement pathway as a therapeutic target. Retina 37, 819\u2013835 (2017).<\/li><li>Young, R. W. Pathophysiology of age-related macular degeneration. Surv. Ophthalmol. 31, (1987).<\/li><li>EURETINA. Retinal Diseases in Europe. PDF file. Accessed Apr. 29, 2021.<br>https:\/\/www.euretina.org\/downloads\/EURETINA_Retinal_Diseases.pdf<\/li><li>Age-Related Macular Degeneration: Facts &amp; Figures. Bright Focus Foundation. Accessed Apr. 29, 2021. https:\/\/www.brightfocus.org\/macular\/article\/age-related-macular-facts-figures<\/li><li>Wong WL, et al. Lancet Glob Health. 2014;2:e106-116.<\/li><li>What is Geographic Atrophy? Bright Focus Foundation. Accessed Apr. 29, 2021. https:\/\/www.brightfocus.org\/macular\/article\/what-geographic-atrophy<\/li><li>Ardeljan, D. &amp; Chan, C. C. Aging is not a disease: Distinguishing age-related macular degeneration from aging. Progress in Retinal and Eye Research (2013) doi:10.1016\/j.preteyeres.2013.07.003.<\/li><li>Bear, M., Connors, B. &amp; Paradiso, M. Neuroscience: Exploring the Brain (Third Edition). Library (Lond). (2006) doi:10.1007\/BF02234670.<\/li><li>Bonnel, S., Mohand-Said, S. &amp; Sahel, J. A. The aging of the retina. Exp. Gerontol. (2003) doi:10.1016\/S0531-5565(03)00093-7.<\/li><li>Pennington, K. L. &amp; DeAngelis, M. M. Epidemiology of age-related macular degeneration (AMD): associations with cardiovascular disease phenotypes and lipid factors. Eye Vis. 3, (2016).<\/li><li>Patel PJ, et al. Clin Ophthalmol. 2020;15-28<\/li><\/ol>\n\n\n\n<p>EU-GA-2100003<\/p>\n\n\n<p><!-- \/wp:columns --><\/p>","protected":false},"excerpt":{"rendered":"<p>SOBRE LA DEGENERACI\u00d3N MACULARASOCIADA A LA EDAD (DMAE) DMAE seca y atrofia geogr\u00e1fica (AG) son t\u00e9rminos sin\u00f3nimos utilizados para describir la forma avanzada seca de la degeneraci\u00f3n macular asociada a la edad (DMAE), que es una de las principales causas de ceguera en todo el mundo.1,2 La degeneraci\u00f3n macular asociada a la edad (DMAE) es [&hellip;]<\/p>\n","protected":false},"author":1,"featured_media":0,"parent":0,"menu_order":0,"comment_status":"closed","ping_status":"closed","template":"","meta":[],"_links":{"self":[{"href":"https:\/\/dryamd.eu\/es\/wp-json\/wp\/v2\/pages\/23"}],"collection":[{"href":"https:\/\/dryamd.eu\/es\/wp-json\/wp\/v2\/pages"}],"about":[{"href":"https:\/\/dryamd.eu\/es\/wp-json\/wp\/v2\/types\/page"}],"author":[{"embeddable":true,"href":"https:\/\/dryamd.eu\/es\/wp-json\/wp\/v2\/users\/1"}],"replies":[{"embeddable":true,"href":"https:\/\/dryamd.eu\/es\/wp-json\/wp\/v2\/comments?post=23"}],"version-history":[{"count":29,"href":"https:\/\/dryamd.eu\/es\/wp-json\/wp\/v2\/pages\/23\/revisions"}],"predecessor-version":[{"id":1585,"href":"https:\/\/dryamd.eu\/es\/wp-json\/wp\/v2\/pages\/23\/revisions\/1585"}],"wp:attachment":[{"href":"https:\/\/dryamd.eu\/es\/wp-json\/wp\/v2\/media?parent=23"}],"curies":[{"name":"wp","href":"https:\/\/api.w.org\/{rel}","templated":true}]}}