{"id":27,"date":"2021-04-16T13:19:11","date_gmt":"2021-04-16T13:19:11","guid":{"rendered":"https:\/\/dryamd.eu\/?page_id=27"},"modified":"2022-09-22T15:45:43","modified_gmt":"2022-09-22T15:45:43","slug":"ciencia","status":"publish","type":"page","link":"https:\/\/dryamd.eu\/es\/ciencia\/","title":{"rendered":"Ciencia"},"content":{"rendered":"<div class=\"row m-0 sience-top-box\">\n    <div class=\"col-1\"><\/div>\n    <div class=\"col-10 p-0\">\n        <p class=\"float-left\"><strong>Destinado a los profesionales de la salud fuera de los Estados Unidos<\/strong><\/p>\n        <p class=\"float-right\"><strong><a href=\"https:\/\/geographicatrophy.eu\/hcplogin\/\" target=\"_blank\" rel=\"noreferrer noopener\">Acceder a GeographicAtrophy.eu<\/a><\/strong><\/p>\n    <\/div>\n    <div class=\"col-1\"><\/div>\n<\/div>\n\n\n\n<h1 class=\"bgcolor-seperate mt-5\"><strong>LA CIENCIA DE LA DMAE SECA O ATROFIA GEOGR\u00c1FICA<\/strong><\/h1>\n\n\n\n<figure class=\"wp-block-image size-large is-style-default\"><a href=\"https:\/\/geographicatrophy.eu\/hcplogin\/\"><noscript><img width=\"1024\" height=\"126\" src=\"https:\/\/dryamd.eu\/es\/wp-content\/uploads\/sites\/5\/2022\/03\/dryAMD_HCP-Page_Baner_ES-1024x126.png\" alt=\"dryAMD Banner Geograhicatrophy.eu\" class=\"wp-image-1531\" srcset=\"https:\/\/dryamd.eu\/es\/wp-content\/uploads\/sites\/5\/2022\/03\/dryAMD_HCP-Page_Baner_ES-1024x126.png 1024w, https:\/\/dryamd.eu\/es\/wp-content\/uploads\/sites\/5\/2022\/03\/dryAMD_HCP-Page_Baner_ES-300x37.png 300w, https:\/\/dryamd.eu\/es\/wp-content\/uploads\/sites\/5\/2022\/03\/dryAMD_HCP-Page_Baner_ES-768x94.png 768w, https:\/\/dryamd.eu\/es\/wp-content\/uploads\/sites\/5\/2022\/03\/dryAMD_HCP-Page_Baner_ES-1536x189.png 1536w, https:\/\/dryamd.eu\/es\/wp-content\/uploads\/sites\/5\/2022\/03\/dryAMD_HCP-Page_Baner_ES.png 1888w\" sizes=\"(max-width: 1024px) 100vw, 1024px\"><\/noscript><img width=\"1024\" height=\"126\" src=\"data:image\/svg+xml,%3Csvg%20xmlns%3D%22http%3A%2F%2Fwww.w3.org%2F2000%2Fsvg%22%20viewBox%3D%220%200%201024%20126%22%3E%3C%2Fsvg%3E\" alt=\"dryAMD Banner Geograhicatrophy.eu\" class=\"wp-image-1531 lazyload\" srcset=\"data:image\/svg+xml,%3Csvg%20xmlns%3D%22http%3A%2F%2Fwww.w3.org%2F2000%2Fsvg%22%20viewBox%3D%220%200%201024%20126%22%3E%3C%2Fsvg%3E 1024w\" sizes=\"(max-width: 1024px) 100vw, 1024px\" data-srcset=\"https:\/\/dryamd.eu\/es\/wp-content\/uploads\/sites\/5\/2022\/03\/dryAMD_HCP-Page_Baner_ES-1024x126.png 1024w, https:\/\/dryamd.eu\/es\/wp-content\/uploads\/sites\/5\/2022\/03\/dryAMD_HCP-Page_Baner_ES-300x37.png 300w, https:\/\/dryamd.eu\/es\/wp-content\/uploads\/sites\/5\/2022\/03\/dryAMD_HCP-Page_Baner_ES-768x94.png 768w, https:\/\/dryamd.eu\/es\/wp-content\/uploads\/sites\/5\/2022\/03\/dryAMD_HCP-Page_Baner_ES-1536x189.png 1536w, https:\/\/dryamd.eu\/es\/wp-content\/uploads\/sites\/5\/2022\/03\/dryAMD_HCP-Page_Baner_ES.png 1888w\" data-src=\"https:\/\/dryamd.eu\/es\/wp-content\/uploads\/sites\/5\/2022\/03\/dryAMD_HCP-Page_Baner_ES-1024x126.png\"><\/a><\/figure>\n\n\n\n<h2>Entender el sistema del complemento<\/h2>\n\n\n\n<p>En esta secci\u00f3n ofrecemos un resumen del sistema del complemento. El siguiente gr\u00e1fico resume las consecuencias de la sobreactivaci\u00f3n del complemento en la atrofia geogr\u00e1fica.<\/p>\n\n\n\n<div style=\"height:100px\" aria-hidden=\"true\" class=\"wp-block-spacer\"><\/div>\n\n\n\n<figure class=\"wp-block-image size-large\"><noscript><img width=\"1024\" height=\"1022\" src=\"https:\/\/dryamd.eu\/es\/wp-content\/uploads\/sites\/5\/2022\/03\/ES_graphic_cascade_@2x-1024x1022.png\" alt=\"dryAMD.eu Ilustraci\u00f3n del sistema del complemento.\" class=\"wp-image-1428\" srcset=\"https:\/\/dryamd.eu\/es\/wp-content\/uploads\/sites\/5\/2022\/03\/ES_graphic_cascade_@2x-1024x1022.png 1024w, https:\/\/dryamd.eu\/es\/wp-content\/uploads\/sites\/5\/2022\/03\/ES_graphic_cascade_@2x-300x300.png 300w, https:\/\/dryamd.eu\/es\/wp-content\/uploads\/sites\/5\/2022\/03\/ES_graphic_cascade_@2x-150x150.png 150w, https:\/\/dryamd.eu\/es\/wp-content\/uploads\/sites\/5\/2022\/03\/ES_graphic_cascade_@2x-768x766.png 768w, https:\/\/dryamd.eu\/es\/wp-content\/uploads\/sites\/5\/2022\/03\/ES_graphic_cascade_@2x-1536x1533.png 1536w, https:\/\/dryamd.eu\/es\/wp-content\/uploads\/sites\/5\/2022\/03\/ES_graphic_cascade_@2x.png 1932w\" sizes=\"(max-width: 1024px) 100vw, 1024px\"><\/noscript><img width=\"1024\" height=\"1022\" src=\"data:image\/svg+xml,%3Csvg%20xmlns%3D%22http%3A%2F%2Fwww.w3.org%2F2000%2Fsvg%22%20viewBox%3D%220%200%201024%201022%22%3E%3C%2Fsvg%3E\" alt=\"dryAMD.eu Ilustraci\u00f3n del sistema del complemento.\" class=\"wp-image-1428 lazyload\" srcset=\"data:image\/svg+xml,%3Csvg%20xmlns%3D%22http%3A%2F%2Fwww.w3.org%2F2000%2Fsvg%22%20viewBox%3D%220%200%201024%201022%22%3E%3C%2Fsvg%3E 1024w\" sizes=\"(max-width: 1024px) 100vw, 1024px\" data-srcset=\"https:\/\/dryamd.eu\/es\/wp-content\/uploads\/sites\/5\/2022\/03\/ES_graphic_cascade_@2x-1024x1022.png 1024w, https:\/\/dryamd.eu\/es\/wp-content\/uploads\/sites\/5\/2022\/03\/ES_graphic_cascade_@2x-300x300.png 300w, https:\/\/dryamd.eu\/es\/wp-content\/uploads\/sites\/5\/2022\/03\/ES_graphic_cascade_@2x-150x150.png 150w, https:\/\/dryamd.eu\/es\/wp-content\/uploads\/sites\/5\/2022\/03\/ES_graphic_cascade_@2x-768x766.png 768w, https:\/\/dryamd.eu\/es\/wp-content\/uploads\/sites\/5\/2022\/03\/ES_graphic_cascade_@2x-1536x1533.png 1536w, https:\/\/dryamd.eu\/es\/wp-content\/uploads\/sites\/5\/2022\/03\/ES_graphic_cascade_@2x.png 1932w\" data-src=\"https:\/\/dryamd.eu\/es\/wp-content\/uploads\/sites\/5\/2022\/03\/ES_graphic_cascade_@2x-1024x1022.png\"><figcaption>La imagen no refleja todas las prote\u00ednas de la cascada del complemento<\/figcaption><\/figure>\n\n\n\n<div style=\"height:100px\" aria-hidden=\"true\" class=\"wp-block-spacer\"><\/div>\n\n\n\n<h2>MM\u00e1s informaci\u00f3n sobre el sistema del complemento<\/h2>\n\n\n\n<p>Una serie de tres v\u00eddeos explicar\u00e1n el sistema del complemento, la prote\u00edna C3, que es esencial para activar el sistema del complemento, la degeneraci\u00f3n macular asociada a la edad, as\u00ed como el impacto en la retina. El primer v\u00eddeo presenta el sistema del complemento. Est\u00e9 atento nuevos v\u00eddeos en esta secci\u00f3n, que se actualizar\u00e1 continuamente.<\/p>\n\n\n\n<div style=\"height:50px\" aria-hidden=\"true\" class=\"wp-block-spacer\"><\/div>\n\n\n\n<figure class=\"wp-block-video\"><video controls poster=\"https:\/\/dryamd.eu\/es\/wp-content\/uploads\/sites\/5\/2022\/04\/dryAMD_Video_cover_C3-1_ES.png\" src=\"https:\/\/dryamd.eu\/es\/wp-content\/uploads\/sites\/5\/2021\/06\/dryAMD_C3-Part1_video_HD.mp4\"><\/video><\/figure>\n\n\n\n<div style=\"height:100px\" aria-hidden=\"true\" class=\"wp-block-spacer\"><\/div>\n\n\n\n<h2>Ensayos cl\u00ednicos<\/h2>\n\n\n\n<p>Haga clic en los enlaces que aparecen a continuaci\u00f3n para obtener m\u00e1s informaci\u00f3n sobre nuestros ensayos cl\u00ednicos sobre la atrofia geogr\u00e1fica en curso.<\/p>\n\n\n\n<div class=\"wp-container-1 wp-block-buttons\">\n<div class=\"wp-block-button\"><a class=\"wp-block-button__link\" href=\"https:\/\/clinicaltrials.gov\/ct2\/show\/NCT03525600\" target=\"_blank\" rel=\"noreferrer noopener\">DERBY<\/a><\/div>\n<\/div>\n\n\n\n<div class=\"wp-container-2 wp-block-buttons\">\n<div class=\"wp-block-button\"><a class=\"wp-block-button__link\" href=\"https:\/\/clinicaltrials.gov\/ct2\/show\/NCT03525613\" target=\"_blank\" rel=\"noreferrer noopener\">OAKS<\/a><\/div>\n<\/div>\n\n\n\n<div style=\"height:100px\" aria-hidden=\"true\" class=\"wp-block-spacer\"><\/div>\n\n\n\n<h2>Reg\u00edstrese para descargar informaci\u00f3n educativa sobre atrofia geogr\u00e1fica<\/h2>\n\n\n\n<p>Hemos preparado un PDF descargable con fines educativos que incluye datos y cifras sobre la atrofia geogr\u00e1fica. La presentaci\u00f3n en PDF informa sobre la patog\u00e9nesis, la progresi\u00f3n de la enfermedad y el impacto que esta tiene. Utilice el siguiente formulario para recibir una copia del material educativo.<\/p>\n\n\n\n<figure class=\"wp-block-image size-large is-resized\"><noscript><img src=\"https:\/\/dryamd.eu\/es\/wp-content\/uploads\/sites\/5\/2021\/05\/20210420_HCP_Download_dryAMD_fin.jpg\" alt=\"dryAMD.eu Vista previa de la presentaci\u00f3n en PDF.\" class=\"wp-image-664\" width=\"440\" height=\"247\" srcset=\"https:\/\/dryamd.eu\/es\/wp-content\/uploads\/sites\/5\/2021\/05\/20210420_HCP_Download_dryAMD_fin.jpg 1024w, https:\/\/dryamd.eu\/es\/wp-content\/uploads\/sites\/5\/2021\/05\/20210420_HCP_Download_dryAMD_fin-300x169.jpg 300w, https:\/\/dryamd.eu\/es\/wp-content\/uploads\/sites\/5\/2021\/05\/20210420_HCP_Download_dryAMD_fin-768x432.jpg 768w\" sizes=\"(max-width: 440px) 100vw, 440px\"><\/noscript><img src=\"data:image\/svg+xml,%3Csvg%20xmlns%3D%22http%3A%2F%2Fwww.w3.org%2F2000%2Fsvg%22%20viewBox%3D%220%200%20440%20247%22%3E%3C%2Fsvg%3E\" alt=\"dryAMD.eu Vista previa de la presentaci\u00f3n en PDF.\" class=\"wp-image-664 lazyload\" width=\"440\" height=\"247\" srcset=\"data:image\/svg+xml,%3Csvg%20xmlns%3D%22http%3A%2F%2Fwww.w3.org%2F2000%2Fsvg%22%20viewBox%3D%220%200%20440%20247%22%3E%3C%2Fsvg%3E 440w\" sizes=\"(max-width: 440px) 100vw, 440px\" data-srcset=\"https:\/\/dryamd.eu\/es\/wp-content\/uploads\/sites\/5\/2021\/05\/20210420_HCP_Download_dryAMD_fin.jpg 1024w, https:\/\/dryamd.eu\/es\/wp-content\/uploads\/sites\/5\/2021\/05\/20210420_HCP_Download_dryAMD_fin-300x169.jpg 300w, https:\/\/dryamd.eu\/es\/wp-content\/uploads\/sites\/5\/2021\/05\/20210420_HCP_Download_dryAMD_fin-768x432.jpg 768w\" data-src=\"https:\/\/dryamd.eu\/es\/wp-content\/uploads\/sites\/5\/2021\/05\/20210420_HCP_Download_dryAMD_fin.jpg\"><\/figure>\n\n\n<!-- HTML Forms v1.3.23 - https:\/\/wordpress.org\/plugins\/html-forms\/ --><form method=\"post\" class=\"hf-form hf-form-76 \" data-id=\"76\" data-title=\"Science - Contact Form\" data-slug=\"science-contact-form\" data-message-success=\"Gracias por su env\u00edo. En breve recibir\u00e1 el enlace al PDF. Por favor, compruebe su carpeta de correo no deseado.\" data-message-invalid-email=\"Por favor, introduzca una direcci\u00f3n de correo electr\u00f3nico v\u00e1lida.\" data-message-required-field-missing=\"Por favor, rellene los campos obligatorios.\" data-message-error=\"Oops. Se ha producido un error. \"><input type=\"hidden\" name=\"_hf_form_id\" value=\"76\"><div style=\"display: none;\"><input type=\"text\" name=\"_hf_h76\" value><\/div><div class=\"hf-fields-wrap\"><script src=\"https:\/\/www.google.com\/recaptcha\/api.js\"><\/script>\n\n<!-- Modal -->\n<div class=\"modal fade\" id=\"exampleModal\" tabindex=\"-1\" role=\"dialog\" aria-labelledby=\"exampleModalLabel\" aria-hidden=\"true\">\n  <div class=\"modal-dialog modal-dialog-centered\" role=\"document\">\n    <div class=\"modal-content\">\n      <div class=\"modal-header\">\n        <h5 class=\"modal-title\" id=\"exampleModalLabel\">Confirmaci\u00f3n<\/h5>\n      <\/div>\n      <div class=\"modal-body\">\n        Destinado \u00fanicamente a los profesionales de la salud.\n      <\/div>\n      <div class=\"modal-footer\">\n        <button type=\"button\" class=\"btn btn-secondary\" data-target=\"#exampleModal\" data-dismiss=\"modal\">Comprendo<\/button>\n      <\/div>\n    <\/div>\n  <\/div>\n<\/div>\n\n<div class=\"mb-3\">\n   <input placeholder=\"Email*\" type=\"email\" class=\"form-control\" required name=\"email\" id=\"email\" aria-describedby=\"emailHelp\">\n<\/div>\n<div class=\"mb-3\">\n   <select class=\"form-select\" required id=\"subject\" name=\"subject\">\n      <option selected>Elija el asunto*<\/option>\n      <option value=\"download_GA_deck\">Atrofia Geogr\u00e1fica &#8211; Mazo para descargar<\/option>\n   <\/select>\n<\/div>\n<div class=\"my-5\">\n   <div class=\"form-check\">\n      <input class=\"form-check-input\" required type=\"radio\" name=\"professional\" id=\"professional1\">\n      <label class=\"form-check-label\" for=\"flexRadioDefault1\">\n      Soy un profesional de la salud\n      <\/label>\n   <\/div>\n   <div class=\"form-check\">\n      <input data-toggle=\"modal\" data-target=\"#exampleModal\" class=\"form-check-input\" required type=\"radio\" name=\"professional\" id=\"professional2\">\n      <label class=\"form-check-label\" for=\"flexRadioDefault2\">\n      No soy un profesional de la salud\n      <\/label>\n   <\/div>\n<\/div>\n<div class=\"mb-3 py-2\">\n   <p class=\"form-check-label\">\n      Aviso de privacidad y consentimiento\n      <br><br>\n      Entiendo que estoy dando permiso a Apellis y sus afiliados para almacenar y utilizar la informaci\u00f3n personal proporcionada en este formulario de registro. Entiendo que la informaci\u00f3n que estoy proporcionando puede ser utilizada por Apellis para proporcionarme informaci\u00f3n y servicios relacionados con la atrofia geogr\u00e1fica. Al enviar este formulario, doy mi consentimiento para estos usos y confirmo que he le\u00eddo y acepto los t\u00e9rminos y condiciones, el consentimiento y la declaraci\u00f3n de privacidad de Apellis <a href=\"https:\/\/dryamd.eu\/es\/declaracion-legal\/\" target=\"_blank\" rel=\"noopener\">T\u00e9rminos &amp; condiciones<\/a>, Consentimiento y <a href=\"https:\/\/dryamd.eu\/es\/declaracion-de-privacidad\/\" target=\"_blank\" rel=\"noopener\">Declaraci\u00f3n de privacidad<\/a>.\n   <\/p>\n<\/div>\n<div class=\"mb-3\">\n   <div class=\"form-check\">\n      <input name=\"allow\" required class=\"form-check-input\" type=\"checkbox\" value=\"1\" id=\"flexCheckDefault\">\n      <label class=\"form-check-label\" for=\"flexCheckDefault\">\n      <strong>\n        Permito que Apellis y sus afiliados me env\u00eden actualizaciones sobre eventos educativos y otra informaci\u00f3n cient\u00edfica\n      <\/strong>  \n      <\/label>\n   <\/div>\n<\/div>\n<div class=\"my-4 text-right\">\n   <button class=\"g-recaptcha\" data-sitekey=\"6LeVNrEaAAAAAFsCCQ5cqBQfyJfRwIXdVj_7tEee\" data-callback=\"onSubmit\" data-action=\"submit\">ENVIAR<\/button>\n<\/div>\n\n<input id=\"btnSubmit\" type=\"submit\" value=\"send\" class=\"d-none\">\n\n<input type=\"hidden\" name=\"recaptcha_token\" id=\"recaptcha_token\">\n<script>\n   function onSubmit(token) {\n     if ( token ) {\n\t     $('#recaptcha_token').val(token);\n\t\t $('#btnSubmit').click();\n     }\n   }\n  $('[data-toggle=\"modal\"]').click(function(){\n    const target = $(this).attr(\"data-target\");\n    console.log(\"target:\",target);\n    $(target).modal('show');\n  });\n  $('[data-dismiss=\"modal\"]').click(function(){\n    const target = $(this).attr(\"data-target\");\n    console.log(\"target:\",target);\n    $(target).modal('hide');\n  });\n  \n<\/script><noscript>Please enable JavaScript for this form to work.<\/noscript><\/div><\/form><!-- \/ HTML Forms -->\n\n\n<p class=\"resources-title\">Referencias:<\/p>\n\n\n\n<ol><li>Ricklin D, et al. Immunol Rev. 2016;274(1):33-58.<\/li><li>Mastellos DC, et al. Trends Immunol. 2017;38(6):383-394.<\/li><li>Katschke KJ Jr, et al. Sci Rep. 2018;8(1):13055.<\/li><li>Heesterbeek TJ, et al. Invest Ophthalmol Vis Sci. 2020;61(3):18.<\/li><li>Seddon JM, et al. Nat Genet. 2013;45:1366-1370.<\/li><li>Yates JRW, et al. N Engl J Med. 2007;357(6):553-561.<\/li><li>Smailhodzic D, et al. Ophthalmology. 2012;119(2):339-346.<\/li><li>Merle NS, et al. Front Immunol. 2015;6:262.<\/li><\/ol>\n\n\n\n<p><\/p>\n\n\n\n<p>EU-GA-2100003<\/p>\n","protected":false},"excerpt":{"rendered":"<p>Destinado a los profesionales de la salud fuera de los Estados Unidos Acceder a GeographicAtrophy.eu LA CIENCIA DE LA DMAE SECA O ATROFIA GEOGR\u00c1FICA Entender el sistema del complemento En esta secci\u00f3n ofrecemos un resumen del sistema del complemento. El siguiente gr\u00e1fico resume las consecuencias de la sobreactivaci\u00f3n del complemento en la atrofia geogr\u00e1fica. MM\u00e1s [&hellip;]<\/p>\n","protected":false},"author":1,"featured_media":0,"parent":0,"menu_order":0,"comment_status":"closed","ping_status":"closed","template":"","meta":[],"_links":{"self":[{"href":"https:\/\/dryamd.eu\/es\/wp-json\/wp\/v2\/pages\/27"}],"collection":[{"href":"https:\/\/dryamd.eu\/es\/wp-json\/wp\/v2\/pages"}],"about":[{"href":"https:\/\/dryamd.eu\/es\/wp-json\/wp\/v2\/types\/page"}],"author":[{"embeddable":true,"href":"https:\/\/dryamd.eu\/es\/wp-json\/wp\/v2\/users\/1"}],"replies":[{"embeddable":true,"href":"https:\/\/dryamd.eu\/es\/wp-json\/wp\/v2\/comments?post=27"}],"version-history":[{"count":20,"href":"https:\/\/dryamd.eu\/es\/wp-json\/wp\/v2\/pages\/27\/revisions"}],"predecessor-version":[{"id":1586,"href":"https:\/\/dryamd.eu\/es\/wp-json\/wp\/v2\/pages\/27\/revisions\/1586"}],"wp:attachment":[{"href":"https:\/\/dryamd.eu\/es\/wp-json\/wp\/v2\/media?parent=27"}],"curies":[{"name":"wp","href":"https:\/\/api.w.org\/{rel}","templated":true}]}}