{"id":139,"date":"2021-04-22T08:52:40","date_gmt":"2021-04-22T08:52:40","guid":{"rendered":"https:\/\/dryamd.eu\/?page_id=139"},"modified":"2022-05-12T15:22:03","modified_gmt":"2022-05-12T15:22:03","slug":"plan-du-site","status":"publish","type":"page","link":"https:\/\/dryamd.eu\/fr\/plan-du-site\/","title":{"rendered":"Plan du site"},"content":{"rendered":"\n<h1 class=\"bgcolor-seperate mt-5\"><strong>Plan du site<\/strong><\/h1>\n\n\n\n<p><\/p>\n\n\n\n<p><strong>Navigation principale<\/strong><\/p>\n\n\n\n<p><a href=\"https:\/\/dryamd.eu\/\" title=\"Home\"><strong>Page d&rsquo;accueil de la DMLA s\u00e8che avanc\u00e9e<\/strong><\/a><\/p>\n\n\n\n<p>Pr\u00e9sentation du site Web destin\u00e9 aux personnes touch\u00e9es par la DMLA s\u00e8che avanc\u00e9e ou l&rsquo;atrophie g\u00e9ographique.<\/p>\n\n\n\n<p><a href=\"https:\/\/dryamd.eu\/age-related-macular-degeneration\/\" title=\"About age-related AMD\"><strong>Page&nbsp;: \u00c0 propos de la d\u00e9g\u00e9n\u00e9rescence maculaire li\u00e9e \u00e0 l&rsquo;\u00e2ge<\/strong><\/a><\/p>\n\n\n\n<p>Trouvez des informations sur les formes avanc\u00e9es de la d\u00e9g\u00e9n\u00e9rescence maculaire li\u00e9e \u00e0 l&rsquo;\u00e2ge &#8211; DMLA s\u00e8che et DMLA humide.<\/p>\n\n\n\n<p><a href=\"https:\/\/dryamd.eu\/living-with-ga\/\" title=\"Living with GA\"><strong>Page&nbsp;: Vivre avec l&rsquo;atrophie de la g\u00e9ographie<\/strong><\/a><\/p>\n\n\n\n<p>T\u00e9l\u00e9chargez l&rsquo;infographie en diff\u00e9rentes versions pour les personnes vivant avec une c\u00e9cit\u00e9 sur la DMLA s\u00e8che avanc\u00e9e.<\/p>\n\n\n\n<p><a href=\"https:\/\/dryamd.eu\/the-science\/\" title=\"Science of GA\"><strong>Page&nbsp;: La science de l&rsquo;atrophie de la g\u00e9ographie<\/strong><\/a><\/p>\n\n\n\n<p>Voir les vid\u00e9os et trouver des informations plus approfondies sur la DMLA s\u00e8che avanc\u00e9e et la recherche de traitements possibles.<\/p>\n\n\n\n<p><\/p>\n\n\n\n<p>    <\/p>\n\n\n\n<div style=\"height:100px\" aria-hidden=\"true\" class=\"wp-block-spacer\"><\/div>\n\n\n\n<p>    <\/p>\n\n\n\n<p><strong>Soutien \u00e0 la navigation<\/strong><\/p>\n\n\n\n<p><a href=\"https:\/\/dryamd.eu\/sitemap\/\" title=\"Sitemap\">Plan du site<\/a><\/p>\n\n\n\n<p><a href=\"https:\/\/dryamd.eu\/glossary\/\" title=\"Glossary\">Glossaire<\/a><\/p>\n\n\n\n<p><a href=\"https:\/\/dryamd.eu\/imprint\/\" title=\"Imprint\">Impression<\/a><\/p>\n\n\n\n<p><a href=\"https:\/\/dryamd.eu\/legal-statement\/\" title=\"Legal Statement\">D\u00e9claration l\u00e9gale<\/a><\/p>\n\n\n\n<p><a href=\"https:\/\/dryamd.eu\/privacy-statement\/\">D\u00e9claration de confidentialit\u00e9<\/a><\/p>\n\n\n\n<div style=\"height:100px\" aria-hidden=\"true\" class=\"wp-block-spacer\"><\/div>\n\n\n\n<p>EU-GA-2100004<\/p>\n","protected":false},"excerpt":{"rendered":"<p>Plan du site Navigation principale Page d&rsquo;accueil de la DMLA s\u00e8che avanc\u00e9e Pr\u00e9sentation du site Web destin\u00e9 aux personnes touch\u00e9es par la DMLA s\u00e8che avanc\u00e9e ou l&rsquo;atrophie g\u00e9ographique. Page&nbsp;: \u00c0 propos de la d\u00e9g\u00e9n\u00e9rescence maculaire li\u00e9e \u00e0 l&rsquo;\u00e2ge Trouvez des informations sur les formes avanc\u00e9es de la d\u00e9g\u00e9n\u00e9rescence maculaire li\u00e9e \u00e0 l&rsquo;\u00e2ge &#8211; DMLA s\u00e8che [&hellip;]<\/p>\n","protected":false},"author":1,"featured_media":0,"parent":0,"menu_order":0,"comment_status":"closed","ping_status":"closed","template":"","meta":[],"_links":{"self":[{"href":"https:\/\/dryamd.eu\/fr\/wp-json\/wp\/v2\/pages\/139"}],"collection":[{"href":"https:\/\/dryamd.eu\/fr\/wp-json\/wp\/v2\/pages"}],"about":[{"href":"https:\/\/dryamd.eu\/fr\/wp-json\/wp\/v2\/types\/page"}],"author":[{"embeddable":true,"href":"https:\/\/dryamd.eu\/fr\/wp-json\/wp\/v2\/users\/1"}],"replies":[{"embeddable":true,"href":"https:\/\/dryamd.eu\/fr\/wp-json\/wp\/v2\/comments?post=139"}],"version-history":[{"count":3,"href":"https:\/\/dryamd.eu\/fr\/wp-json\/wp\/v2\/pages\/139\/revisions"}],"predecessor-version":[{"id":1575,"href":"https:\/\/dryamd.eu\/fr\/wp-json\/wp\/v2\/pages\/139\/revisions\/1575"}],"wp:attachment":[{"href":"https:\/\/dryamd.eu\/fr\/wp-json\/wp\/v2\/media?parent=139"}],"curies":[{"name":"wp","href":"https:\/\/api.w.org\/{rel}","templated":true}]}}