{"id":141,"date":"2021-04-22T08:53:29","date_gmt":"2021-04-22T08:53:29","guid":{"rendered":"https:\/\/dryamd.eu\/?page_id=141"},"modified":"2023-05-16T15:25:41","modified_gmt":"2023-05-16T15:25:41","slug":"declaration-legale","status":"publish","type":"page","link":"https:\/\/dryamd.eu\/fr\/declaration-legale\/","title":{"rendered":"D\u00e9claration L\u00e9gale"},"content":{"rendered":"\n<h1 class=\"bgcolor-seperate mt-5\"><strong>D\u00c9CLARATION L\u00c9GALE<\/strong><\/h1>\n\n\n\n<p><strong>Apellis International GmbH<\/strong><\/p>\n\n\n\n<p>Bienvenue sur le site Web dryamd.eu (\u00ab dryamd.eu \u00bb).<\/p>\n\n\n\n<p>Ce site Web est d\u00e9tenu et contr\u00f4l\u00e9 par Apellis (\u00ab Apellis \u00bb) International GmbH, sise Z\u00e4hlerweg 10, 6300 Zug, Suisse.<\/p>\n\n\n\n<p>Vous pouvez utiliser ce site Web, \u00e0 condition de respecter ces conditions g\u00e9n\u00e9rales d\u2019utilisation.<\/p>\n\n\n\n<p>Apellis respecte la vie priv\u00e9e des utilisateurs de ce site Web.<\/p>\n\n\n\n<p>Par cons\u00e9quent, veuillez \u00e9galement lire notre D\u00e9claration de confidentialit\u00e9, qui pr\u00e9sente les pratiques d\u2019Apellis en mati\u00e8re de collecte et d\u2019utilisation de vos informations personnelles, et d\u2019autres politiques qui r\u00e9gissent d\u2019autres parties de ce site Web.<\/p>\n\n\n\n<p><strong>Nature des informations<\/strong><\/p>\n\n\n\n<p>Apellis a cr\u00e9\u00e9 et met \u00e0 disposition ce site Web \u00e0 des fins p\u00e9dagogiques et d\u2019information g\u00e9n\u00e9rale uniquement.<\/p>\n\n\n\n<p>Ce site Web ne fournit pas de conseils m\u00e9dicaux.<\/p>\n\n\n\n<p>Les informations fournies ne remplacent pas la consultation d\u2019un m\u00e9decin.<\/p>\n\n\n\n<p>Vous ne devez pas utiliser les informations contenues dans ce document pour diagnostiquer une maladie ou un probl\u00e8me de sant\u00e9, ou pour prescrire ou utiliser un m\u00e9dicament pr\u00e9sent\u00e9 sur le site.<\/p>\n\n\n\n<p>Les personnes qui ont besoin d\u2019un diagnostic ou d\u2019un traitement, ou qui ont des questions sp\u00e9cifiques li\u00e9es \u00e0 leur \u00e9tat de sant\u00e9 ou \u00e0 leur traitement, sont invit\u00e9es \u00e0 consulter un professionnel de sant\u00e9.<\/p>\n\n\n\n<p>Les informations fournies sur le site Web peuvent contenir des r\u00e9f\u00e9rences directes ou indirectes aux produits, programmes ou services d\u2019Apellis, qui peuvent ne pas \u00eatre disponibles dans certains pays ou r\u00e9gions et qui peuvent \u00eatre soumis \u00e0 diff\u00e9rentes r\u00e9glementations et conditions d\u2019utilisation en fonction du pays.<\/p>\n\n\n\n<p>En ins\u00e9rant ces r\u00e9f\u00e9rences, l\u2019intention d\u2019Apellis n\u2019est pas de vendre ces produits, programmes ou services.<\/p>\n\n\n\n<p>Les informations pr\u00e9sent\u00e9es sur ce site Web sont ou \u00e9taient \u00e0 jour \u00e0 la date de la \u00ab Derni\u00e8re mise \u00e0 jour \u00bb indiqu\u00e9e sur chaque page.<\/p>\n\n\n\n<p>Apellis peut apporter des am\u00e9liorations et\/ou des modifications \u00e0 ce site Web \u00e0 tout moment.<\/p>\n\n\n\n<p>Bien qu\u2019Apellis s\u2019efforce de mettre \u00e0 jour p\u00e9riodiquement les informations sur ce site Web, les informations, contenus et services fournis sur ou via ce site Web peuvent occasionnellement \u00eatre inexacts, incomplets ou obsol\u00e8tes ou contenir des erreurs typographiques.<\/p>\n\n\n\n<p>Apellis exclut express\u00e9ment toute obligation de mettre \u00e0 jour les informations contenues sur ce site Web, et Apellis ne saurait \u00eatre tenu responsable de l\u2019absence de mise \u00e0 jour ou de r\u00e9vision de ces informations, suite \u00e0 de nouvelles informations, des \u00e9v\u00e9nements ou circonstances futurs ou autre.<\/p>\n\n\n\n<p>Il vous appartient de v\u00e9rifier toute information contenue dans ce site Web avant de vous y fier.<\/p>\n\n\n\n<p><strong>Liens<\/strong><\/p>\n\n\n\n<p>Ce site Web peut contenir des liens vers des sites Web exploit\u00e9s par d\u2019autres parties.<\/p>\n\n\n\n<p>Les sites Web li\u00e9s ne sont pas sous le contr\u00f4le d\u2019Apellis, et Apellis n\u2019est pas responsable du contenu disponible sur tout autre site Web li\u00e9 \u00e0 ce site Web.<\/p>\n\n\n\n<p>Ces liens n\u2019impliquent pas l\u2019approbation par Apellis du contenu de tout autre site Web, et Apellis d\u00e9cline toute responsabilit\u00e9 concernant votre acc\u00e8s \u00e0 ces sites Web li\u00e9s.<\/p>\n\n\n\n<p>Apellis fournit des liens vers d\u2019autres sites Web \u00e0 titre de commodit\u00e9 pour les utilisateurs, l\u2019acc\u00e8s \u00e0 tout autre site Web li\u00e9 se faisant \u00e0 vos risques.<\/p>\n\n\n\n<p>Nous d\u00e9clinons toute responsabilit\u00e9 \u00e0 l\u2019\u00e9gard des sites Web externes et de leur contenu qui renvoient \u00e0 notre site Web ou qui sont accessibles via des liens figurant sur ce site Web.<\/p>\n\n\n\n<p><strong>Limitation de responsabilit\u00e9 et exclusion de garantie<\/strong><\/p>\n\n\n\n<p>Vous utilisez ce site Web et son contenu \u00e0 vos risques et p\u00e9rils.<\/p>\n\n\n\n<p>Des modifications peuvent \u00eatre et seront apport\u00e9es \u00e0 ce site Web et \u00e0 son contenu \u00e0 tout moment.<\/p>\n\n\n\n<p>Il vous appartient de surveiller ces modifications.<\/p>\n\n\n\n<p>L\u2019acc\u00e8s au contenu pourrait ne pas \u00eatre appropri\u00e9 pour certaines personnes ou dans certains pays.<\/p>\n\n\n\n<p>Si vous acc\u00e9dez \u00e0 ce site Web, vous le faites \u00e0 vos risques et p\u00e9rils et \u00eates tenu de respecter les lois de votre pays.<\/p>\n\n\n\n<p>Dans la mesure o\u00f9 la loi l\u2019autorise, nous excluons toute responsabilit\u00e9 pour toute erreur ou omission et les cons\u00e9quences de l\u2019utilisation des informations ou du site Web.<\/p>\n\n\n\n<p>Apellis ne garantit pas que le site Web fonctionnera sans erreur ou que ce site Web et son serveur sont exempts de virus informatiques et d\u2019autres \u00e9l\u00e9ments nuisibles.<\/p>\n\n\n\n<p>Si votre utilisation de ce site Web n\u00e9cessite la maintenance ou le remplacement d\u2019\u00e9quipement ou de donn\u00e9es, Apellis ne prendra pas en charge ces frais.<\/p>\n\n\n\n<p>Ce site Web et son contenu sont fournis \u00ab en l\u2019\u00e9tat \u00bb sans aucune garantie explicite ou implicite.<\/p>\n\n\n\n<p>Sous r\u00e9serve du droit applicable, Apellis et ses fournisseurs excluent toute garantie explicite ou implicite, y compris la garantie de qualit\u00e9 marchande, d\u2019absence de contrefa\u00e7on des droits de tiers et d\u2019ad\u00e9quation \u00e0 un usage particulier.<\/p>\n\n\n\n<p>Apellis et ses fournisseurs ne donnent aucune garantie quant \u00e0 l\u2019exactitude, la fiabilit\u00e9, l\u2019exhaustivit\u00e9 ou l\u2019actualit\u00e9 des contenus, services, logiciels, textes, graphiques et liens ou quant aux r\u00e9sultats esp\u00e9r\u00e9s en utilisant ce site Web.<\/p>\n\n\n\n<p>Certains pays interdisent l\u2019exclusion de certaines garanties.<\/p>\n\n\n\n<p>Par cons\u00e9quent, l\u2019exclusion ci-dessus pourrait ne pas s\u2019appliquer \u00e0 vous.<\/p>\n\n\n\n<p>Apellis, ses filiales, fournisseurs, ou tout tiers mentionn\u00e9 sur ce site Web ou impliqu\u00e9 dans la cr\u00e9ation, la production ou la mise \u00e0 disposition de ce site Web ne sauraient en aucun cas \u00eatre tenus responsables pour quelque dommage que ce soit (y compris, sans limitation, les dommages accessoires et cons\u00e9cutifs, un manque \u00e0 gagner, ou des dommages r\u00e9sultant de la perte de donn\u00e9es ou d\u2019une interruption des activit\u00e9s) r\u00e9sultant de l\u2019acc\u00e8s \u00e0 ce site Web, son contenu ou tout site li\u00e9, de leur utilisation ou de l\u2019incapacit\u00e9 \u00e0 les utiliser, que ce soit en vertu d\u2019une garantie, d\u2019un contrat, d\u2019une responsabilit\u00e9 d\u00e9lictuelle, ou de tout autre fondement juridique, et qu\u2019Apellis ait \u00e9t\u00e9 inform\u00e9 ou non de la possibilit\u00e9 de tels dommages. La responsabilit\u00e9 totale d\u2019Apellis envers-vous pour tous les pr\u00e9judices et recours (que ce soit en vertu d\u2019une responsabilit\u00e9 contractuelle, d\u00e9lictuelle, y compris, sans limitation, une n\u00e9gligence, ou autre) ne saurait en aucun cas d\u00e9passer le montant que vous avez pay\u00e9, le cas \u00e9ch\u00e9ant, pour acc\u00e9der \u00e0 ce site Web.<\/p>\n\n\n\n<p><strong>Droits d\u2019auteur et Marques d\u00e9pos\u00e9es<\/strong><\/p>\n\n\n\n<p>Ce site Web, ainsi que les informations qu\u2019il contient, sont la propri\u00e9t\u00e9 d\u2019Apellis et de ses soci\u00e9t\u00e9s affili\u00e9es et conc\u00e9dants de licence, et sont prot\u00e9g\u00e9s contre toute copie et diffusion non autoris\u00e9es par la l\u00e9gislation des \u00c9tats-Unis sur le droit d\u2019auteur, les conventions internationales et autres lois sur la propri\u00e9t\u00e9 intellectuelle.<\/p>\n\n\n\n<p>Les marques et logos apparaissant sur ce site Web sont des marques d\u2019Apellis, sauf indication contraire.<\/p>\n\n\n\n<p>Aucune mention sur ce site Web ne saurait \u00eatre interpr\u00e9t\u00e9e comme accordant une licence ou un droit sur des marques, logos ou autres droits de propri\u00e9t\u00e9 intellectuelle.<\/p>\n\n\n\n<p>Tous les droits sont r\u00e9serv\u00e9s aux propri\u00e9taires de chaque marque de commerce, marque de service, logo ou autre propri\u00e9t\u00e9 intellectuelle, sauf indication contraire dans le pr\u00e9sent avis.<\/p>\n\n\n\n<p>Il est interdit de faire r\u00e9f\u00e9rence \u00e0 notre nom ou au logo Apellis avec des liens sur des canaux num\u00e9riques ou autrement sans l\u2019accord \u00e9crit pr\u00e9alable d\u2019Apellis.<\/p>\n\n\n\n<p>La mention suivante doit appara\u00eetre sur toutes les copies autoris\u00e9es de tout ou partie du contenu du site :<\/p>\n\n\n\n<p>\u00ab COPYRIGHT Apellis Pharmaceuticals, Inc. 2021.<\/p>\n\n\n\n<p>ALL RIGHTS RESERVED. \u00bb<\/p>\n\n\n\n<p>I<strong>ndemnisation<\/strong><\/p>\n\n\n\n<p>Vous vous engagez \u00e0 d\u00e9fendre, indemniser et d\u00e9gager de toute responsabilit\u00e9 Apellis en cas de r\u00e9clamations, actions ou pr\u00e9tentions, y compris, sans limitation, les frais juridiques et comptables raisonnables, d\u00e9coulant ou r\u00e9sultant de votre violation des pr\u00e9sentes conditions g\u00e9n\u00e9rales d\u2019utilisation ou de votre acc\u00e8s \u00e0 ce site Web ou son contenu, de votre utilisation ou mauvaise utilisation de ce site Web ou de son contenu.<\/p>\n\n\n\n<p>Apellis vous informera de toute r\u00e9clamation, proc\u00e8s ou proc\u00e9dure de ce type.<\/p>\n\n\n\n<p>Apellis se r\u00e9serve le droit d\u2019assumer la d\u00e9fense et le contr\u00f4le exclusifs de toute affaire, qui est soumise \u00e0 une indemnisation en vertu du pr\u00e9sent article.<\/p>\n\n\n\n<p>Dans ce cas, vous vous engagez \u00e0 coop\u00e9rer \u00e0 toute demande raisonnable d\u2019assistance d\u2019Apellis pour la d\u00e9fense de cette affaire.<\/p>\n\n\n\n<p><strong>D\u00e9clarations prospectives<\/strong><\/p>\n\n\n\n<p>Ce site Web contient des d\u00e9clarations pr\u00e9visionnelles au sens du Private Securities Litigation Reform Act de 1995, tel que modifi\u00e9, y compris des d\u00e9clarations sur nos attentes, plans, perspectives, objectifs et strat\u00e9gies futurs.<\/p>\n\n\n\n<p>Sans limiter ce qui pr\u00e9c\u00e8de, les termes \u00ab peut \u00bb, \u00ab pourrait \u00bb, \u00ab devrait \u00bb, \u00ab compte \u00bb, \u00ab pr\u00e9voie \u00bb, \u00ab anticipe \u00bb, \u00ab a l\u2019intention de \u00bb, \u00ab pense \u00bb, \u00ab estime \u00bb, \u00ab pr\u00e9dit \u00bb, \u00ab projette \u00bb, \u00ab potentiel \u00bb, \u00ab continue \u00bb, \u00ab cible \u00bb et autres expressions similaires sont destin\u00e9s \u00e0 identifier des d\u00e9clarations prospectives, bien que les d\u00e9clarations prospectives ne contiennent pas toutes ces termes d\u2019identification.<\/p>\n\n\n\n<p>Il existe un certain nombre de risques connus et inconnus, d\u2019incertitudes et d\u2019autres facteurs importants qui pourraient rendre les r\u00e9sultats et performances r\u00e9els d\u2019Apellis tr\u00e8s diff\u00e9rents de ceux exprim\u00e9s ou sous-entendus par des d\u00e9clarations prospectives.<\/p>\n\n\n\n<p>Ces risques et incertitudes comprennent, entre autres, les risques et incertitudes li\u00e9s au calendrier et aux r\u00e9sultats de tout essai clinique et \u00e9tude pr\u00e9clinique en cours ou pr\u00e9vu, y compris l\u2019analyse ult\u00e9rieure de donn\u00e9es existantes et de nouvelles donn\u00e9es issues d\u2019\u00e9tudes en cours et futures, les progr\u00e8s d\u2019Apellis dans de multiples projets en phase de d\u00e9marrage, le contenu et le calendrier des d\u00e9cisions prises par la Food and Drug Administration des \u00c9tats-Unis (l\u2019Agence f\u00e9d\u00e9rale am\u00e9ricaine des produits alimentaires et m\u00e9dicamenteux) et d\u2019autres autorit\u00e9s r\u00e9glementaires, les comit\u00e9s d\u2019examen d\u2019\u00e9tude dans les centres d\u2019essais cliniques et les organismes d\u2019examen des publications, la capacit\u00e9 d\u2019Apellis \u00e0 obtenir et \u00e0 conserver les agr\u00e9ments r\u00e9glementaires obligatoires et \u00e0 recruter des patients pour ses essais cliniques en cours ou pr\u00e9vus, la capacit\u00e9 d\u2019Apellis \u00e0 obtenir, conserver et faire respecter des brevets et autres protections de propri\u00e9t\u00e9 intellectuelle pour tous les produits candidats qu\u2019il d\u00e9veloppe, et la capacit\u00e9 d\u2019Apellis \u00e0 maintenir des collaborations cl\u00e9s et \u00e0 assurer la r\u00e9ussite de ces collaborations, ainsi que d\u2019autres risques \u00e9num\u00e9r\u00e9s sous \u00ab Facteurs de risque \u00bb dans le rapport annuel d\u2019Apellis, ses rapports trimestriels et autres d\u00e9p\u00f4ts qu\u2019il effectue de temps \u00e0 autre aupr\u00e8s de la Commission&nbsp; \u00ab Securities and Exchange Commission \u00bb, tous ces documents \u00e9tant accessibles sur ce site Web et sur www.sec.gov.<\/p>\n\n\n\n<p>Apellis n\u2019a aucune obligation de mettre \u00e0 jour les d\u00e9clarations prospectives apparaissant sur ce site Web suite \u00e0 de nouvelles informations, \u00e0 des \u00e9v\u00e9nements ou circonstances futurs ou autre.<\/p>\n\n\n\n<p>Aucune des informations contenues dans ce site Web n\u2019est destin\u00e9e \u00e0 \u00eatre incorpor\u00e9e, et ne saurait \u00eatre r\u00e9put\u00e9e incorpor\u00e9e dans les d\u00e9p\u00f4ts d\u2019Apellis aupr\u00e8s de la Commission \u00ab Securities and Exchange Commission \u00bb.<\/p>\n\n\n\n<p><strong>Droit applicable<\/strong><\/p>\n\n\n\n<p>Les pr\u00e9sentes conditions g\u00e9n\u00e9rales d\u2019utilisation sont r\u00e9gies par le droit suisse, \u00e0 l\u2019exclusion de ses principes de conflit de lois.<\/p>\n\n\n\n<p>Toute action en justice ou proc\u00e9dure li\u00e9e aux pr\u00e9sentes conditions g\u00e9n\u00e9rales d\u2019utilisation ou \u00e0 votre utilisation de ce site Web (y compris toute information qu\u2019il contient) devra \u00eatre port\u00e9e exclusivement devant les tribunaux de Zoug, et toutes les parties renoncent \u00e0 invoquer une quelconque exception d\u2019incomp\u00e9tence personnelle ou territoriale de ces tribunaux.<\/p>\n\n\n\n<p><strong>Clauses diverses<\/strong><\/p>\n\n\n\n<p>Si une clause des pr\u00e9sentes conditions g\u00e9n\u00e9rales d\u2019utilisation \u00e9tait jug\u00e9e nulle par un tribunal comp\u00e9tent, la nullit\u00e9 de ladite clause n\u2019affecterait pas la validit\u00e9 des clauses restantes des pr\u00e9sentes conditions g\u00e9n\u00e9rales d\u2019utilisation, qui resteraient en vigueur et de plein effet.<\/p>\n\n\n\n<p>Le fait qu\u2019Apellis n\u2019applique pas ou ne fasse pas appliquer une clause du contrat ne saurait \u00eatre interpr\u00e9t\u00e9 comme une renonciation \u00e0 cette clause ou \u00e0 toute autre clause des pr\u00e9sentes conditions g\u00e9n\u00e9rales d\u2019utilisation.<\/p>\n\n\n\n<p>Pour \u00eatre opposable \u00e0 Apellis, une renonciation doit \u00eatre faite par \u00e9crit. Aucune renonciation ne rev\u00eatant pas la forme \u00e9crite ne saurait \u00eatre interpr\u00e9t\u00e9e comme une renonciation dans tout autre cas ou ult\u00e9rieurement.<\/p>\n\n\n\n<p>Sauf convention expresse entre Apellis et vous, les pr\u00e9sentes conditions g\u00e9n\u00e9rales d\u2019utilisation (ainsi que la D\u00e9claration de confidentialit\u00e9) constituent l\u2019int\u00e9gralit\u00e9 de l\u2019accord entre vous et Apellis concernant l\u2019objet des pr\u00e9sentes, et elles remplacent tous les accords ant\u00e9rieurs ou actuels, \u00e9crits ou oraux, conclus entre les parties concernant l\u2019objet.<\/p>\n\n\n\n<p>Les titres des sections sont fournis uniquement par souci de commodit\u00e9 et ne sauraient affecter l\u2019interpr\u00e9tation des pr\u00e9sentes.<\/p>\n\n\n\n<p>Les pr\u00e9sentes conditions g\u00e9n\u00e9rales d\u2019utilisation prendront effet au b\u00e9n\u00e9fice de nos successeurs, ayants droit, titulaires de licence et sous-licenci\u00e9s.<\/p>\n\n\n\n<p><strong>Votre acceptation des pr\u00e9sentes Conditions g\u00e9n\u00e9rales d\u2019utilisation<\/strong><\/p>\n\n\n\n<p>Veuillez prendre quelques minutes pour lire attentivement ces conditions g\u00e9n\u00e9rales d\u2019utilisation.<\/p>\n\n\n\n<p>En acc\u00e9dant \u00e0 ce site Web et en l\u2019utilisant, vous acceptez d\u2019\u00eatre li\u00e9 par ces conditions g\u00e9n\u00e9rales d\u2019utilisation et de les respecter.<\/p>\n\n\n\n<p>Si vous n\u2019acceptez pas d\u2019\u00eatre li\u00e9 par les pr\u00e9sentes conditions g\u00e9n\u00e9rales d\u2019utilisation et de les respecter, vous ne pouvez pas acc\u00e9der au contenu de ce site Web, ni l\u2019utiliser ou le t\u00e9l\u00e9charger.<\/p>\n\n\n\n<p><strong>Les pr\u00e9sentes Conditions g\u00e9n\u00e9rales d\u2019utilisation peuvent changer<\/strong><\/p>\n\n\n\n<p>Apellis se r\u00e9serve le droit de mettre \u00e0 jour ou de modifier les pr\u00e9sentes conditions g\u00e9n\u00e9rales d\u2019utilisation \u00e0 tout moment sans pr\u00e9avis.<\/p>\n\n\n\n<p>En continuant d\u2019utiliser ce site Web suite \u00e0 une telle modification, vous acceptez d\u2019\u00eatre li\u00e9 par les conditions g\u00e9n\u00e9rales d\u2019utilisation modifi\u00e9es et de les respecter.<\/p>\n\n\n\n<p>Par cons\u00e9quent, Apellis vous encourage \u00e0 consulter ces conditions g\u00e9n\u00e9rales d\u2019utilisation chaque fois que vous utilisez ce site Web.<\/p>\n\n\n\n<p>Ces conditions g\u00e9n\u00e9rales d\u2019utilisation ont \u00e9t\u00e9 r\u00e9vis\u00e9es pour la derni\u00e8re fois le 1 septembre 2022.<\/p>\n\n\n\n<p>EU-GA-2200013<\/p>\n","protected":false},"excerpt":{"rendered":"<p>D\u00c9CLARATION L\u00c9GALE Apellis International GmbH Bienvenue sur le site Web dryamd.eu (\u00ab dryamd.eu \u00bb). Ce site Web est d\u00e9tenu et contr\u00f4l\u00e9 par Apellis (\u00ab Apellis \u00bb) International GmbH, sise Z\u00e4hlerweg 10, 6300 Zug, Suisse. Vous pouvez utiliser ce site Web, \u00e0 condition de respecter ces conditions g\u00e9n\u00e9rales d\u2019utilisation. Apellis respecte la vie priv\u00e9e des utilisateurs [&hellip;]<\/p>\n","protected":false},"author":1,"featured_media":0,"parent":0,"menu_order":0,"comment_status":"closed","ping_status":"closed","template":"","meta":[],"_links":{"self":[{"href":"https:\/\/dryamd.eu\/fr\/wp-json\/wp\/v2\/pages\/141"}],"collection":[{"href":"https:\/\/dryamd.eu\/fr\/wp-json\/wp\/v2\/pages"}],"about":[{"href":"https:\/\/dryamd.eu\/fr\/wp-json\/wp\/v2\/types\/page"}],"author":[{"embeddable":true,"href":"https:\/\/dryamd.eu\/fr\/wp-json\/wp\/v2\/users\/1"}],"replies":[{"embeddable":true,"href":"https:\/\/dryamd.eu\/fr\/wp-json\/wp\/v2\/comments?post=141"}],"version-history":[{"count":6,"href":"https:\/\/dryamd.eu\/fr\/wp-json\/wp\/v2\/pages\/141\/revisions"}],"predecessor-version":[{"id":1635,"href":"https:\/\/dryamd.eu\/fr\/wp-json\/wp\/v2\/pages\/141\/revisions\/1635"}],"wp:attachment":[{"href":"https:\/\/dryamd.eu\/fr\/wp-json\/wp\/v2\/media?parent=141"}],"curies":[{"name":"wp","href":"https:\/\/api.w.org\/{rel}","templated":true}]}}