{"id":143,"date":"2021-04-22T08:53:43","date_gmt":"2021-04-22T08:53:43","guid":{"rendered":"https:\/\/dryamd.eu\/?page_id=143"},"modified":"2023-05-16T15:25:50","modified_gmt":"2023-05-16T15:25:50","slug":"declaration-de-confidentialite","status":"publish","type":"page","link":"https:\/\/dryamd.eu\/fr\/declaration-de-confidentialite\/","title":{"rendered":"D\u00e9claration de confidentialit\u00e9"},"content":{"rendered":"\n<h1 class=\"bgcolor-seperate mt-5\"><strong>D\u00c9CLARATION DE CONFIDENTIALIT\u00c9<\/strong><\/h1>\n\n\n\n<p><strong>Apellis International GmbH<\/strong>\u00a0<\/p>\n\n\n\n<p>Date: 1 septembre 2022<\/p>\n\n\n\n<p>Apellis International GmbH, ayant son si\u00e8ge social \u00e0 Z\u00e4hlerweg 10, 6300 Zug, Suisse (\u00ab nous \u00bb, \u00ab notre \u00bb et \u00ab nos \u00bb), reconna\u00eet en tant que responsable du traitement des donn\u00e9es de ce site Web, l\u2019importance de votre vie priv\u00e9e et s\u2019engage \u00e0 la respecter et \u00e0 la prot\u00e9ger.<\/p>\n\n\n\n<p>La pr\u00e9sente D\u00e9claration de confidentialit\u00e9 s\u2019applique \u00e0 la collecte et \u00e0 l\u2019utilisation d\u2019informations personnelles par le biais de notre site Web dryamd.eu (le \u00ab Site \u00bb) et de nos interactions commerciales hors ligne avec vous.<\/p>\n\n\n\n<p><strong>Les finalit\u00e9s pour lesquelles nous collectons des donn\u00e9es \u00e0 caract\u00e8re personnel et notre base juridique<\/strong><\/p>\n\n\n\n<p>Le tableau ci-dessous d\u00e9crit au cas par cas les cat\u00e9gories de donn\u00e9es \u00e0 caract\u00e8re personnel que nous collectons et traitons, la source de la collecte, la base juridique du traitement, la dur\u00e9e de conservation des donn\u00e9es et les destinataires de vos donn\u00e9es \u00e0 caract\u00e8re personnel.<\/p>\n\n\n\n<p><strong>Pour vous fournir les informations que vous demandez par le formulaire en ligne<\/strong><\/p>\n\n\n\n<p>Le Site peut collecter des informations sur vos visites qui pourraient permettre de vous identifier, sans que vous ne soumettiez activement ces informations.<\/p>\n\n\n\n<p>Des informations non nominatives peuvent \u00eatre collect\u00e9es \u00e0 l\u2019aide de diff\u00e9rentes technologies, telles que les cookies.<\/p>\n\n\n\n<p>Les cookies sont de petits fichiers texte qui sont plac\u00e9s sur le disque dur de votre ordinateur par des sites Web que vous visitez.<\/p>\n\n\n\n<p>Pour en savoir plus sur les cookies, y compris savoir quels cookies ont \u00e9t\u00e9 plac\u00e9s sur votre ordinateur et comment les g\u00e9rer et les supprimer, consultez la section suivante \u00ab D\u00e9claration relative aux cookies \u00bb.<\/p>\n\n\n\n<p><strong>Vous concernant, nous collectons les donn\u00e9es \u00e0 caract\u00e8re personnel suivantes :<\/strong><\/p>\n\n\n\n<p>Vos informations personnelles :<\/p>\n\n\n\n<p>adresse e-mail (*)<\/p>\n\n\n\n<p>Pr\u00e9nom et nom<\/p>\n\n\n\n<p>Pays<\/p>\n\n\n\n<p>\u00c9tablissement<\/p>\n\n\n\n<p>Adresse IP<\/p>\n\n\n\n<p>Votre parcours\/profil d\u2019utilisateur (*) : (p. ex. PS, non PS)<\/p>\n\n\n\n<p>Objet (*).<\/p>\n\n\n\n<p>La non-fourniture des donn\u00e9es \u00e0 caract\u00e8re personnel marqu\u00e9es d\u2019un (*) emp\u00eache Apellis de r\u00e9pondre correctement \u00e0 votre demande ou requ\u00eate.<\/p>\n\n\n\n<p><strong>Nous collectons ces donn\u00e9es aupr\u00e8s de:<\/strong><\/p>\n\n\n\n<p>Vous.<\/p>\n\n\n\n<p><strong>Nous nous fondons sur la base juridique suivante conform\u00e9ment au RGPD<\/strong> :<\/p>\n\n\n\n<p>Votre consentement.<\/p>\n\n\n\n<p><strong>Nous conservons vos donn\u00e9es \u00e0 caract\u00e8re personnel pendant :<\/strong><\/p>\n\n\n\n<p>La dur\u00e9e de la prestation des services.<\/p>\n\n\n\n<p><strong>Nous partageons vos donn\u00e9es \u00e0 caract\u00e8re personnel avec :<\/strong><\/p>\n\n\n\n<p>Des filiales\/soci\u00e9t\u00e9s affili\u00e9es et sous-traitants tiers tels que des soci\u00e9t\u00e9s de services informatiques et d\u2019h\u00e9bergement de sites Web, des fournisseurs d\u2019acc\u00e8s (Internet).<\/p>\n\n\n\n<p><strong>Vos droits<\/strong><\/p>\n\n\n\n<p>Vous pouvez acc\u00e9der \u00e0 toutes les informations personnelles que nous collectons en ligne.<\/p>\n\n\n\n<p>Vous pouvez \u00e9galement demander la suppression de vos donn\u00e9es \u00e0 caract\u00e8re personnel, sauf si les lois et r\u00e8glements applicables nous obligent \u00e0 stocker vos donn\u00e9es \u00e0 caract\u00e8re personnel.<\/p>\n\n\n\n<p>Vous pouvez demander \u00e0 recevoir des informations sur les donn\u00e9es que nous stockons\/traitons \u00e0 votre sujet.<\/p>\n\n\n\n<p>En outre, vous avez le droit de faire bloquer ou supprimer des donn\u00e9es \u00e0 caract\u00e8re personnel, de vous opposer au traitement de vos donn\u00e9es, de faire corriger toute donn\u00e9e inexacte et de faire transf\u00e9rer vos donn\u00e9es \u00e0 un tiers.<\/p>\n\n\n\n<p>Vous pouvez corriger les erreurs factuelles dans vos informations personnelles identifiables en nous envoyant un courriel qui montre de mani\u00e8re convaincante l\u2019erreur.<\/p>\n\n\n\n<p>Vous avez \u00e9galement le droit de demander la correction de donn\u00e9es \u00e0 caract\u00e8re personnel erron\u00e9es.<\/p>\n\n\n\n<p>Pour prot\u00e9ger votre vie priv\u00e9e et votre s\u00e9curit\u00e9, nous prendrons \u00e9galement des mesures appropri\u00e9es pour v\u00e9rifier votre identit\u00e9 avant d\u2019apporter des corrections.<\/p>\n\n\n\n<p>Si vous avez d\u2019autres questions ou pr\u00e9occupations concernant cette d\u00e9claration de confidentialit\u00e9 ou si vous souhaitez que vos donn\u00e9es soient supprim\u00e9es de notre base de donn\u00e9es, veuillez envoyer un courriel \u00e0 privacy@apellis.com.<\/p>\n\n\n\n<p>Vous avez \u00e9galement le droit d\u2019introduire une r\u00e9clamation aupr\u00e8s d\u2019une autorit\u00e9 de contr\u00f4le, s\u2019il y a lieu.<\/p>\n\n\n\n<p>Une liste des autorit\u00e9s de contr\u00f4le de l\u2019Union europ\u00e9enne est disponible ici : https:\/\/edpb.europa.eu\/about-edpb\/board\/members_en.<\/p>\n\n\n\n<p>Nous pouvons mettre \u00e0 jour ou modifier cette d\u00e9claration \u00e0 tout moment en publiant la d\u00e9claration modifi\u00e9e sur le Site.<\/p>\n\n\n\n<p><strong>Transferts internationaux de donn\u00e9es<\/strong><\/p>\n\n\n\n<p>Apellis utilise des serveurs et d\u2019autres installations de stockage situ\u00e9s aux \u00c9tats-Unis et dans l\u2019UE.<\/p>\n\n\n\n<p>Apellis est susceptible de transf\u00e9rer des informations personnelles en dehors de son pays d\u2019origine aux fins et de la mani\u00e8re stipul\u00e9s dans la pr\u00e9sente d\u00e9claration de confidentialit\u00e9, y compris pour le traitement et le stockage par des prestataires de services et des soci\u00e9t\u00e9s affili\u00e9es en lien avec ces finalit\u00e9s.<\/p>\n\n\n\n<p>Dans tous les cas, Apellis prend des mesures appropri\u00e9es pour prot\u00e9ger votre vie priv\u00e9e.<\/p>\n\n\n\n<p>Ces mesures comprennent, notamment, la mise en \u0153uvre de contr\u00f4les de confidentialit\u00e9, de s\u00e9curit\u00e9 et contractuels, ainsi que les mesures indiqu\u00e9es dans la pr\u00e9sente d\u00e9claration de confidentialit\u00e9, comme l\u2019impose le droit applicable.<\/p>\n\n\n\n<p>Apellis s\u2019efforce d\u2019obtenir de ses prestataires de services et de ses soci\u00e9t\u00e9s affili\u00e9es l\u2019assurance qu\u2019ils prot\u00e9geront les informations personnelles conform\u00e9ment \u00e0 la pr\u00e9sente d\u00e9claration de confidentialit\u00e9.<\/p>\n\n\n\n<p>Les assurances appropri\u00e9es qui peuvent \u00eatre fournies par des prestataires de services et des soci\u00e9t\u00e9s affili\u00e9es comprennent notamment une obligation contractuelle d\u2019assurer au moins le m\u00eame niveau de protection que celui requis par les principes de confidentialit\u00e9 d\u2019Apellis \u00e9nonc\u00e9s dans la pr\u00e9sente d\u00e9claration de confidentialit\u00e9.<\/p>\n\n\n\n<p>Si Apellis apprend qu\u2019un prestataire de services ou une soci\u00e9t\u00e9 affili\u00e9e utilise ou divulgue des informations personnelles d\u2019une mani\u00e8re contraire \u00e0 la pr\u00e9sente d\u00e9claration de confidentialit\u00e9, Apellis prendra les mesures appropri\u00e9es pour emp\u00eacher ou arr\u00eater l\u2019utilisation ou la divulgation.<\/p>\n\n\n\n<p><strong>S\u00e9curit\u00e9 de vos informations personnelles<\/strong><\/p>\n\n\n\n<p>La s\u00e9curit\u00e9 de vos informations personnelles est importante pour nous.<\/p>\n\n\n\n<p>Nous mettons en \u0153uvre des mesures ad\u00e9quates, y compris des garanties techniques, administratives et physiques, pour prot\u00e9ger les informations personnelles qui nous sont soumises contre la perte, l\u2019utilisation abusive et l\u2019acc\u00e8s, la divulgation, l\u2019alt\u00e9ration et la destruction non autoris\u00e9s.<\/p>\n\n\n\n<p>Ces mesures peuvent inclure, notamment, le chiffrage des communications via SSL, le chiffrage des informations durant leur stockage, des pare-feu, des contr\u00f4les d\u2019acc\u00e8s, la s\u00e9paration des fonctions et autres protocoles de s\u00e9curit\u00e9 similaires.<\/p>\n\n\n\n<p>Cependant, aucun m\u00e9canisme de s\u00e9curit\u00e9 ou mode de transmission de donn\u00e9es sur Internet n\u2019est enti\u00e8rement s\u00fbre.<\/p>\n\n\n\n<p>Vous devez toujours faire preuve de prudence lorsque vous transmettez des informations personnelles par Internet.<\/p>\n\n\n\n<p><strong>Suppl\u00e9ment UE<\/strong><\/p>\n\n\n\n<p>Pour les personnes r\u00e9sidant dans l\u2019Espace \u00e9conomique europ\u00e9en, en Suisse ou au Royaume-Uni, le pr\u00e9sent Suppl\u00e9ment peut s\u2019appliquer en plus de ce qui pr\u00e9c\u00e8de.<\/p>\n\n\n\n<p>Vos informations personnelles peuvent \u00eatre transf\u00e9r\u00e9es \u00e0 des entit\u00e9s situ\u00e9es en dehors de l\u2019Espace \u00e9conomique europ\u00e9en, de la Suisse ou du Royaume-Uni, y compris des entit\u00e9s situ\u00e9es aux \u00c9tats-Unis, pour un traitement aux fins susmentionn\u00e9es.<\/p>\n\n\n\n<p>Apellis mettra en \u0153uvre des mesures contractuelles appropri\u00e9es pour s\u2019assurer que les soci\u00e9t\u00e9s Apellis concern\u00e9es et les tiers en dehors de l\u2019Espace \u00e9conomique europ\u00e9en, de la Suisse ou du Royaume-Uni assurent un niveau ad\u00e9quat de protection de vos informations personnelles, comme indiqu\u00e9 dans la pr\u00e9sente d\u00e9claration de confidentialit\u00e9 et comme l\u2019impose le droit applicable.<\/p>\n\n\n\n<p>Pour le traitement des informations personnelles dans l\u2019Espace \u00e9conomique europ\u00e9en, en Suisse ou au Royaume-Uni, Apellis a d\u00e9sign\u00e9 un d\u00e9l\u00e9gu\u00e9 \u00e0 la protection des donn\u00e9es charg\u00e9 de veiller \u00e0 ce que nous respections le droit europ\u00e9en en mati\u00e8re de protection des donn\u00e9es, que vous pouvez contacter \u00e0 l\u2019adresse privacy@apellis.comen cas de questions ou de pr\u00e9occupations concernant le traitement de vos informations personnelles.<\/p>\n\n\n\n<p>Si le traitement de vos Informations Personnelles par Apellis est couvert par le droit de l\u2019UE et du Royaume-Uni, vous pouvez \u00e9galement faire la demande d\u2019une r\u00e9clamation aupr\u00e8s de l\u2019autorit\u00e9 de contr\u00f4le en charge de la protection des donn\u00e9es dans votre pays de r\u00e9sidence.<\/p>\n\n\n\n<p>Vous trouverez les coordonn\u00e9es de l\u2019autorit\u00e9 de contr\u00f4le concern\u00e9e sur http:\/\/ec.europa.eu\/justice\/data-protection\/bodies\/authorities\/index_en.htm.<\/p>\n\n\n\n<p><strong>Contactez-nous<\/strong><\/p>\n\n\n\n<p>Avant d\u2019envoyer un courriel, prenez note de ce qui suit :<\/p>\n\n\n\n<p>NE faites PAS de signalement de pharmacovigilance, par exemple concernant des effets secondaires, par courriel \u00e0 l\u2019adresse info@apellis.com.<\/p>\n\n\n\n<p>Si vous \u00eates un patient, veuillez contacter votre m\u00e9decin en cas d\u2019effets ind\u00e9sirables.<\/p>\n\n\n\n<p>Veuillez prendre en compte la d\u00e9claration de protection des donn\u00e9es de pharmacovigilance si vous signalez des \u00e9v\u00e9nements li\u00e9s \u00e0 la s\u00e9curit\u00e9 des m\u00e9dicaments.<\/p>\n\n\n\n<p>Si vous avez des questions concernant la pr\u00e9sente D\u00e9claration de confidentialit\u00e9 ou des pr\u00e9occupations concernant la mani\u00e8re dont Apellis traite vos informations personnelles, ou si vous avez besoin d\u2019aide pour g\u00e9rer vos choix en mati\u00e8re de confidentialit\u00e9, veuillez nous contacter \u00e0 l\u2019adresse suivante :<\/p>\n\n\n\n<p><strong>Apellis International GmbH<\/strong><\/p>\n\n\n\n<p>Z\u00e4hlerweg 10, 6300 Zoug<\/p>\n\n\n\n<p>Suisse CH-6302<\/p>\n\n\n\n<p>E-mail : info@apellis.com<\/p>\n\n\n\n<p>Notre d\u00e9l\u00e9gu\u00e9 \u00e0 la protection des donn\u00e9es peut \u00eatre contact\u00e9 \u00e0 l\u2019adresse suivante :<\/p>\n\n\n\n<p>E-mail : privacy@apellis.com<\/p>\n\n\n\n<p>Notre repr\u00e9sentant pour la confidentialit\u00e9 des donn\u00e9es dans l\u2019UE peut \u00eatre contact\u00e9 \u00e0 l\u2019adresse suivante :<\/p>\n\n\n\n<p>ALG Manousakis Law Firm,<\/p>\n\n\n\n<p>16, Laodikias Str., Ath\u00e8nes,<\/p>\n\n\n\n<p>P.O. 11528, Gr\u00e8ce<\/p>\n\n\n\n<p>E-mail : dataprivacy@alg.gr<\/p>\n\n\n\n<p>EU-GA-2200013<\/p>\n","protected":false},"excerpt":{"rendered":"<p>D\u00c9CLARATION DE CONFIDENTIALIT\u00c9 Apellis International GmbH\u00a0 Date: 1 septembre 2022 Apellis International GmbH, ayant son si\u00e8ge social \u00e0 Z\u00e4hlerweg 10, 6300 Zug, Suisse (\u00ab nous \u00bb, \u00ab notre \u00bb et \u00ab nos \u00bb), reconna\u00eet en tant que responsable du traitement des donn\u00e9es de ce site Web, l\u2019importance de votre vie priv\u00e9e et s\u2019engage \u00e0 la [&hellip;]<\/p>\n","protected":false},"author":1,"featured_media":0,"parent":0,"menu_order":0,"comment_status":"closed","ping_status":"closed","template":"","meta":[],"_links":{"self":[{"href":"https:\/\/dryamd.eu\/fr\/wp-json\/wp\/v2\/pages\/143"}],"collection":[{"href":"https:\/\/dryamd.eu\/fr\/wp-json\/wp\/v2\/pages"}],"about":[{"href":"https:\/\/dryamd.eu\/fr\/wp-json\/wp\/v2\/types\/page"}],"author":[{"embeddable":true,"href":"https:\/\/dryamd.eu\/fr\/wp-json\/wp\/v2\/users\/1"}],"replies":[{"embeddable":true,"href":"https:\/\/dryamd.eu\/fr\/wp-json\/wp\/v2\/comments?post=143"}],"version-history":[{"count":8,"href":"https:\/\/dryamd.eu\/fr\/wp-json\/wp\/v2\/pages\/143\/revisions"}],"predecessor-version":[{"id":1636,"href":"https:\/\/dryamd.eu\/fr\/wp-json\/wp\/v2\/pages\/143\/revisions\/1636"}],"wp:attachment":[{"href":"https:\/\/dryamd.eu\/fr\/wp-json\/wp\/v2\/media?parent=143"}],"curies":[{"name":"wp","href":"https:\/\/api.w.org\/{rel}","templated":true}]}}