{"id":1620,"date":"2022-11-24T16:28:50","date_gmt":"2022-11-24T16:28:50","guid":{"rendered":"https:\/\/dryamd.eu\/fr\/?page_id=1620"},"modified":"2022-11-24T16:29:15","modified_gmt":"2022-11-24T16:29:15","slug":"declaration-relative-aux-cookies","status":"publish","type":"page","link":"https:\/\/dryamd.eu\/fr\/declaration-relative-aux-cookies\/","title":{"rendered":"D\u00e9claration relative aux cookies"},"content":{"rendered":"\n<h1>D\u00e9claration relative aux cookies<\/h1>\n\n\n\n<p>Les cookies sont des donn\u00e9es qu\u2019un site Web peut transf\u00e9rer vers le navigateur Web d\u2019un utilisateur.<\/p>\n\n\n\n<p>Les cookies restent sur votre ordinateur apr\u00e8s que vous avez quitt\u00e9 le site Web, mais vous pouvez les supprimer manuellement dans la plupart des navigateurs.<\/p>\n\n\n\n<p>La plupart des navigateurs Web sont configur\u00e9s par d\u00e9faut pour accepter les cookies.<\/p>\n\n\n\n<p>Certains cookies stockent des donn\u00e9es uniquement pendant la dur\u00e9e de votre pr\u00e9sence sur le site Web.<\/p>\n\n\n\n<p>Ces cookies sont appel\u00e9s cookies de session et ne sont pas conserv\u00e9s sur votre ordinateur une fois que vous avez quitt\u00e9 le site Web.<\/p>\n\n\n\n<p>Si vous pr\u00e9f\u00e9rez ne pas recevoir de cookies, vous pouvez modifier les param\u00e8tres de votre navigateur Web pour refuser les cookies ou \u00eatre averti lorsque des cookies sont utilis\u00e9s.<\/p>\n\n\n\n<p>La plupart des \u00e9l\u00e9ments de ce site continueront de fonctionner si vous d\u00e9sactivez les cookies dans les param\u00e8tres de votre navigateur Web.<\/p>\n\n\n\n<p>Lorsque vous visitez ce Site, si votre navigateur utilise les param\u00e8tres standard et accepte les cookies, vous consentez \u00e0 ce que les cookies de ce site soient stock\u00e9s sur votre ordinateur.<\/p>\n\n\n\n<p>Si vous ne souhaitez pas que ces cookies soient stock\u00e9s, vous pouvez les d\u00e9sactiver dans les param\u00e8tres de votre navigateur.<\/p>\n\n\n\n<p>Les cookies suivants sont utilis\u00e9s sur le Site.<\/p>\n\n\n\n<p>Par d\u00e9faut, tous les cookies autoris\u00e9s sont stock\u00e9s pendant un an.<\/p>\n\n\n\n<p><strong>Diff\u00e9rents types de cookies<\/strong><\/p>\n\n\n\n<p><strong>Les cookies de session et persistants<\/strong><\/p>\n\n\n\n<p>Les cookies peuvent expirer \u00e0 la fin d\u2019une session de navigateur (\u00e0 partir du moment o\u00f9 un utilisateur ouvre la fen\u00eatre du navigateur jusqu\u2019au moment o\u00f9 il quitte le navigateur) ou ils peuvent \u00eatre stock\u00e9s pendant des dur\u00e9es plus longues.<\/p>\n\n\n\n<p><strong>Les cookies de session<\/strong> \u2013 permettent aux sites Web de lier les actions d\u2019un utilisateur pendant une session de navigation.<\/p>\n\n\n\n<p>Ils peuvent \u00eatre utilis\u00e9s \u00e0 diff\u00e9rentes fins, comme m\u00e9moriser le contenu du panier d\u2019un utilisateur sur un site.<\/p>\n\n\n\n<p>Ces cookies de session expirent \u00e0 la fin d\u2019une session de navigation.<\/p>\n\n\n\n<p>L\u2019utilisation des cookies de session (qui, dans tous les cas, ne sont pas stock\u00e9s de mani\u00e8re permanente sur l\u2019ordinateur de l\u2019utilisateur et sont supprim\u00e9s automatiquement d\u00e8s la fermeture du navigateur) est strictement limit\u00e9e \u00e0 la finalit\u00e9 du transfert des donn\u00e9es (compos\u00e9es de num\u00e9ros al\u00e9atoires cr\u00e9\u00e9s par le serveur) identifiant la session sp\u00e9cifique et n\u00e9cessaire pour permettre une navigation s\u00fbre et efficace sur le site Web.<\/p>\n\n\n\n<p>Les cookies de session utilis\u00e9s sur ce site Web \u00e9vitent l\u2019utilisation de toute autre m\u00e9thode informatique qui pourrait compromettre la confidentialit\u00e9 de la navigation des utilisateurs sur le Web.<\/p>\n\n\n\n<p><strong>Les cookies persistants<\/strong> \u2013 sont stock\u00e9s sur l\u2019appareil d\u2019un utilisateur entre deux sessions de navigateur, permettant de m\u00e9moriser les pr\u00e9f\u00e9rences ou les actions de l\u2019utilisateur sur un site (ou dans certains cas, sur diff\u00e9rents sites Web).<\/p>\n\n\n\n<p>Les cookies persistants peuvent \u00eatre utilis\u00e9s \u00e0 diff\u00e9rentes fins, notamment pour m\u00e9moriser les pr\u00e9f\u00e9rences et les choix des utilisateurs lorsqu\u2019ils utilisent un site.<\/p>\n\n\n\n<p><strong>Les cookies propri\u00e9taires et tiers<\/strong>\u2013 un cookie est \u00ab propri\u00e9taire \u00bb ou \u00ab tiers \u00bb en fonction du site Web ou du domaine qui place le cookie.<\/p>\n\n\n\n<p>En gros, les cookies propri\u00e9taires sont des cookies plac\u00e9s par un site Web que l\u2019utilisateur visite (le site Web affich\u00e9 dans la fen\u00eatre URL).<\/p>\n\n\n\n<p>Les cookies tiers sont des cookies provenant d\u2019un domaine diff\u00e9rent du domaine du site Web que l\u2019utilisateur visite \u2013 nous les utilisons pour nos activit\u00e9s publicitaires et marketing.<\/p>\n\n\n\n<p><strong>Les cookies que nous utilisons<\/strong><\/p>\n\n\n\n<p>Lorsque vous visitez un site Web, Apellis utilise des cookies pour am\u00e9liorer votre exp\u00e9rience, pour prot\u00e9ger vos informations, ainsi que pour d\u00e9velopper des statistiques agr\u00e9g\u00e9es sur les donn\u00e9es collect\u00e9es pour diff\u00e9rentes raisons.<\/p>\n\n\n\n<p>Plus pr\u00e9cis\u00e9ment, nous utilisons des cookies et d\u2019autres technologies de suivi aux fins suivantes :<\/p>\n\n\n\n<p><strong>Les cookies strictement n\u00e9cessaires<\/strong><\/p>\n\n\n\n<p>Ces cookies sont n\u00e9cessaires au fonctionnement du site Web et ne peuvent pas \u00eatre d\u00e9sactiv\u00e9s dans nos syst\u00e8mes.<\/p>\n\n\n\n<p>En g\u00e9n\u00e9ral, ils sont plac\u00e9s uniquement en r\u00e9ponse aux actions que vous effectuez et qui correspondent \u00e0 une demande de services, comme la d\u00e9finition de vos pr\u00e9f\u00e9rences en mati\u00e8re de confidentialit\u00e9 ou le remplissage de formulaires.<\/p>\n\n\n\n<p>Vous pouvez configurer votre navigateur pour qu\u2019il bloque ces cookies ou vous alerte de l\u2019envoi de ces cookies, mais dans ce cas, certaines parties du site ne fonctionneront pas.<\/p>\n\n\n\n<p>Ces cookies ne stockent aucune information personnelle.<\/p>\n\n\n\n<figure class=\"wp-block-table\"><table class=\"has-fixed-layout\"><tbody><tr><td><strong>Cookie name<\/strong><\/td><td><strong>Source<\/strong><\/td><td><strong>Expiry<\/strong><\/td><td><strong>Default status<\/strong><\/td><\/tr><tr><td>cookieBanner<\/td><td>Site Web<\/td><td>1 an<\/td><td>Ce cookie est utilis\u00e9 pour stocker l&rsquo;autorisation d&rsquo;utilisation des cookies<\/td><\/tr><tr><td>-disable-{ID<\/td><td>Site Web<\/td><td>1 an<\/td><td>G\u00e8re Google Analytics<\/td><\/tr><\/tbody><\/table><\/figure>\n\n\n\n<p><strong>Optional cookies<\/strong><\/p>\n\n\n\n<p><strong>Functional cookies<\/strong><\/p>\n\n\n\n<label class=\"switch\" id=\"gaswitcher\">\n                <input type=\"checkbox\">\n                <span class=\"sliderSwitcher round\"><\/span>\n            <\/label>\n\n\n\n<p>Ces cookies permettent au site Web d\u2019offrir des fonctionnalit\u00e9s et une personnalisation am\u00e9lior\u00e9e.<\/p>\n\n\n\n<p>Ils peuvent \u00eatre plac\u00e9s par nous-m\u00eames ou par des prestataires tiers dont les services ont \u00e9t\u00e9 int\u00e9gr\u00e9s dans nos pages.<\/p>\n\n\n\n<p>Si vous n\u2019autorisez pas ces cookies, tout ou partie de ces services pourraient ne pas fonctionner correctement.<\/p>\n\n\n\n<figure class=\"wp-block-table\"><table class=\"has-fixed-layout\"><tbody><tr><td><strong>Cookie name<\/strong><\/td><td><strong>Source<\/strong><\/td><td><strong>Expiry<\/strong><\/td><td><strong>Default status<\/strong><\/td><\/tr><tr><td>PHPSESSID<\/td><td>WordPress<\/td><td>1 an<\/td><td>Utilis\u00e9 par WordPress<\/td><\/tr><tr><td>csrf_token<\/td><td>WordPress<\/td><td>24 houres<\/td><td>Used par WordPress<\/td><\/tr><\/tbody><\/table><\/figure>\n\n\n\n<p><strong>Performance cookies<\/strong><\/p>\n\n\n\n<label class=\"switch\" id=\"gaswitcher\">\n                <input type=\"checkbox\">\n                <span class=\"sliderSwitcher round\"><\/span>\n            <\/label>\n\n\n\n<p>Ces cookies nous permettent de compter les visites et les sources de trafic afin de pouvoir mesurer et am\u00e9liorer les performances de notre site.<\/p>\n\n\n\n<p>Ils nous aident \u00e0 identifier les pages les plus consult\u00e9es et les moins consult\u00e9es, et \u00e0 suivre la navigation des visiteurs sur le site.<\/p>\n\n\n\n<p>Toutes les informations que ces cookies collectent sont agr\u00e9g\u00e9es et donc anonymes.<\/p>\n\n\n\n<p>Si vous n\u2019autorisez pas ces cookies, nous ne saurons pas quand vous avez visit\u00e9 notre site et ne pourrons pas surveiller sa performance.<\/p>\n\n\n\n<figure class=\"wp-block-table\"><table class=\"has-fixed-layout\"><tbody><tr><td><strong>Cookie name<\/strong><\/td><td><strong>Source<\/strong><\/td><td><strong>Expiry<\/strong><\/td><td><strong>Default status<\/strong><\/td><\/tr><tr><td>_ga<\/td><td>Google analytics<\/td><td>Jusqu&rsquo; \u00e0 2 ans<\/td><td>Utilis\u00e9 par Google Analytics<\/td><\/tr><tr><td>_ga_ZJ8CRS7026<\/td><td>Google analytics<\/td><td>1 month<\/td><td>Utilis\u00e9 par Google Analytics<\/td><\/tr><tr><td>_gid<\/td><td>Google analytics<\/td><td>24 hours<\/td><td>Utilis\u00e9 par Google Analytics<\/td><\/tr><\/tbody><\/table><\/figure>\n\n\n\n<p><strong>Google Analytics<\/strong><\/p>\n\n\n\n<p>Nous utilisons Google Analytics, un service d\u2019analyse Web fourni par Google, Inc. (\u00ab Google \u00bb), pour recueillir des informations sur la mani\u00e8re dont nos visiteurs utilisent notre site et naviguent sur notre site.<\/p>\n\n\n\n<p>Google Analytics utilise des \u00ab cookies \u00bb, qui sont des fichiers texte plac\u00e9s sur votre ordinateur, pour aider le site Web \u00e0 analyser la navigation des utilisateurs sur le site.<\/p>\n\n\n\n<p>Nous utilisons ces informations pour \u00e9tablir des rapports sur l\u2019utilisation du site et l\u2019analyser afin d\u2019am\u00e9liorer l\u2019utilisation de la page d\u2019accueil pour les visiteurs.<\/p>\n\n\n\n<p>Les informations recueillies par le cookie concernant votre utilisation du site Web (y compris votre adresse IP) seront transmises et stock\u00e9es par Google sur des serveurs aux \u00c9tats-Unis.<\/p>\n\n\n\n<p>Google utilisera ces informations afin d\u2019\u00e9valuer votre utilisation du site Web, de compiler des rapports sur l\u2019activit\u00e9 de ce dernier pour ses exploitants et de fournir d\u2019autres services relatifs \u00e0 l\u2019activit\u00e9 du site Web et \u00e0 l\u2019utilisation d\u2019Internet.<\/p>\n\n\n\n<p>Google pourrait \u00e9galement transf\u00e9rer ces informations \u00e0 des tiers si la loi le lui impose, ou lorsque ces tiers traitent les informations pour le compte de Google.<\/p>\n\n\n\n<p>Google n\u2019associera pas votre adresse IP \u00e0 d\u2019autres donn\u00e9es d\u00e9tenues par Google.<\/p>\n\n\n\n<p>Vous pouvez refuser l\u2019utilisation des cookies en s\u00e9lectionnant les param\u00e8tres appropri\u00e9s dans votre navigateur.<\/p>\n\n\n\n<p>Notez toutefois que si vous le faites, vous ne pourrez peut-\u00eatre pas utiliser toutes les fonctionnalit\u00e9s de ce site Web.<\/p>\n\n\n\n<p>En utilisant ce site Web, vous consentez au traitement des donn\u00e9es vous concernant par Google de la mani\u00e8re et aux fins \u00e9nonc\u00e9es ci-dessus.<\/p>\n\n\n\n<p>Pour en savoir plus sur la mani\u00e8re dont Google traite vos donn\u00e9es, veuillez consulter les R\u00e8gles de confidentialit\u00e9 de Google.<\/p>\n\n\n\n<p>Google Analytics collecte des informations de mani\u00e8re anonyme.<\/p>\n\n\n\n<p>Cependant, vous pouvez emp\u00eacher le suivi par Google Analytics sur tous les sites Web que vous utilisez en installant le Module compl\u00e9mentaire de navigateur pour la d\u00e9sactivation de Google Analytics disponible sur https:\/\/tools.google.com\/dlpage\/gaoptout (compatible avec Chrome, Internet Explorer 8\u201311, Safari, Firefox et Opera)<\/p>\n\n\n\n<p><strong>Comment accepter, g\u00e9rer et supprimer nos cookies<\/strong><\/p>\n\n\n\n<p>Certains cookies sont strictement n\u00e9cessaires au bon fonctionnement de ce site Web et ne n\u00e9cessitent pas le consentement de l\u2019utilisateur, par exemple ceux qui permettent le chargement rapide du contenu d\u2019une page en r\u00e9partissant la charge entre de nombreux ordinateurs ou bien ceux qui assurent la s\u00e9curit\u00e9.<\/p>\n\n\n\n<p>D\u2019autres cookies restent raisonnablement n\u00e9cessaires ou importants, mais ils ne sont pas strictement essentiels et n\u00e9cessitent donc le consentement de l\u2019utilisateur.<\/p>\n\n\n\n<p>Pour ces cookies (c.-\u00e0-d. cookies de performance et de fonctionnalit\u00e9), nous demandons votre consentement (en cliquant sur le bouton \u00ab Accepter tous les cookies \u00bb dans notre banni\u00e8re de cookies ou via les param\u00e8tres de cookies de votre navigateur) avant de les placer sur votre appareil.<\/p>\n\n\n\n<p>Si vous ne souhaitez pas donner votre consentement ou si \u00e0 tout moment vous souhaitez retirer votre consentement \u00e0 tout cookie non essentiel, vous devrez supprimer, bloquer ou d\u00e9sactiver les cookies dans les param\u00e8tres de votre navigateur.<\/p>\n\n\n\n<p>Ces param\u00e8tres se trouvent g\u00e9n\u00e9ralement dans le menu \u00ab options \u00bb ou \u00ab pr\u00e9f\u00e9rences \u00bb de votre navigateur Internet.<\/p>\n\n\n\n<p>Sinon, vous devez utiliser l\u2019option \u00ab Aide \u00bb de votre navigateur Internet pour plus d\u2019informations ou vous pouvez cliquer sur l\u2019un des liens ci-dessous pour acc\u00e9der directement au guide d\u2019utilisation de votre navigateur :<\/p>\n\n\n\n<p>Mozilla Firefox<\/p>\n\n\n\n<p>Google Chrome<\/p>\n\n\n\n<p>Safari<\/p>\n\n\n\n<p>Opera<\/p>\n\n\n\n<p>Internet Explorer<\/p>\n\n\n\n<p>Notez toutefois que la d\u00e9sactivation ou le blocage de certaines ou de toutes les cat\u00e9gories de cookies nuira au fonctionnement du site Web et pourrait impacter votre acc\u00e8s et votre exp\u00e9rience avec notre site Web et les services que nous pouvons offrir.<\/p>\n\n\n\n<p>Toutes vos pr\u00e9f\u00e9rences en mati\u00e8re de cookies sont limit\u00e9es \u00e0 ce site Web uniquement, et ne s\u2019appliquent pas \u00e0 d\u2019autres sites Web appartenant \u00e0 des tiers ou \u00e0 d\u2019autres pages Web qui peuvent contenir des liens hypertexte conduisant \u00e0 ce site Web.<\/p>\n\n\n\n<p>Pour en savoir plus sur les cookies utilis\u00e9s par ces sites Web, veuillez consulter l\u2019avis de confidentialit\u00e9 ou la politique relative aux cookies de ces sites Web.<\/p>\n\n\n\n<p><strong>Mise \u00e0 jour de la politique relative aux cookies<\/strong><\/p>\n\n\n\n<p>La politique relative aux cookies de notre site Web peut \u00eatre mise \u00e0 jour p\u00e9riodiquement, par cons\u00e9quent vous \u00eates invit\u00e9 \u00e0 la consulter chaque fois que vous acc\u00e9dez au site, afin d\u2019\u00eatre d\u00fbment inform\u00e9 de tout changement dans notre utilisation des cookies.<\/p>\n\n\n\n<p><strong>En savoir plus sur les cookies<\/strong><\/p>\n\n\n\n<p>Pour en savoir plus sur les cookies plac\u00e9s via ce site Web, vous pouvez contacter notre Bureau de la confidentialit\u00e9 \u00e0 l\u2019adresse : privacy@apellis.com<\/p>\n\n\n\n<p>Vous pouvez \u00e9galement consulter www.aboutcookies.org ou www.allaboutcookies.org, qui contiennent des informations g\u00e9n\u00e9rales sur les cookies et des informations compl\u00e8tes sur la mani\u00e8re de modifier les param\u00e8tres des cookies dans diff\u00e9rents navigateurs, et sur la mani\u00e8re de supprimer les cookies de votre ordinateur.<\/p>\n\n\n\n<p>Derni\u00e8re r\u00e9vision :<\/p>\n\n\n\n<p>1 septembre 2022<\/p>\n\n\n\n<p>EU-GA-2200013<\/p>\n","protected":false},"excerpt":{"rendered":"<p>D\u00e9claration relative aux cookies Les cookies sont des donn\u00e9es qu\u2019un site Web peut transf\u00e9rer vers le navigateur Web d\u2019un utilisateur. Les cookies restent sur votre ordinateur apr\u00e8s que vous avez quitt\u00e9 le site Web, mais vous pouvez les supprimer manuellement dans la plupart des navigateurs. La plupart des navigateurs Web sont configur\u00e9s par d\u00e9faut pour [&hellip;]<\/p>\n","protected":false},"author":1,"featured_media":0,"parent":0,"menu_order":0,"comment_status":"closed","ping_status":"closed","template":"","meta":[],"_links":{"self":[{"href":"https:\/\/dryamd.eu\/fr\/wp-json\/wp\/v2\/pages\/1620"}],"collection":[{"href":"https:\/\/dryamd.eu\/fr\/wp-json\/wp\/v2\/pages"}],"about":[{"href":"https:\/\/dryamd.eu\/fr\/wp-json\/wp\/v2\/types\/page"}],"author":[{"embeddable":true,"href":"https:\/\/dryamd.eu\/fr\/wp-json\/wp\/v2\/users\/1"}],"replies":[{"embeddable":true,"href":"https:\/\/dryamd.eu\/fr\/wp-json\/wp\/v2\/comments?post=1620"}],"version-history":[{"count":2,"href":"https:\/\/dryamd.eu\/fr\/wp-json\/wp\/v2\/pages\/1620\/revisions"}],"predecessor-version":[{"id":1628,"href":"https:\/\/dryamd.eu\/fr\/wp-json\/wp\/v2\/pages\/1620\/revisions\/1628"}],"wp:attachment":[{"href":"https:\/\/dryamd.eu\/fr\/wp-json\/wp\/v2\/media?parent=1620"}],"curies":[{"name":"wp","href":"https:\/\/api.w.org\/{rel}","templated":true}]}}