{"id":209,"date":"2021-04-29T13:50:51","date_gmt":"2021-04-29T13:50:51","guid":{"rendered":"https:\/\/dryamd.eu\/?page_id=209"},"modified":"2022-05-12T15:20:57","modified_gmt":"2022-05-12T15:20:57","slug":"glossaire","status":"publish","type":"page","link":"https:\/\/dryamd.eu\/fr\/glossaire\/","title":{"rendered":"Glossaire"},"content":{"rendered":"\n<h1 class=\"bgcolor-seperate mt-5\"><strong>GLOSSAIRE<\/strong><\/h1>\n\n\n\n<p><strong>Acuit\u00e9 visuelle \u00e0 faible luminosit\u00e9 (LLVA)<\/strong><\/p>\n\n\n\n<p>Un test d&rsquo;acuit\u00e9 visuelle \u00e0 faible luminosit\u00e9 (LLVA) est utilis\u00e9 pour mesurer la fonction visuelle \u00e0 faible luminosit\u00e9. Les patients atteints de DMLA avanc\u00e9e ont tendance \u00e0 avoir une mauvaise acuit\u00e9 visuelle en cas de faible luminosit\u00e9.<sup>3<\/sup><\/p>\n\n\n\n<p><strong>Atrophie<\/strong><\/p>\n\n\n\n<p>Tissu corporel ou organe qui d\u00e9p\u00e9rit, notamment en raison de la d\u00e9g\u00e9n\u00e9rescence des cellules.<sup>14<\/sup><\/p>\n\n\n\n<p><strong>Cam\u00e9ra de fond d&rsquo;\u0153il<\/strong><\/p>\n\n\n\n<p>La cam\u00e9ra du fond d&rsquo;\u0153il est un syst\u00e8me d&rsquo;imagerie num\u00e9rique qui capture l&rsquo;autofluorescence \u00e0 l&rsquo;aide d&rsquo;un seul flash de lumi\u00e8re. Les cam\u00e9ras du fond de l&rsquo;\u0153il peuvent capturer des images en couleur et monochromes de la r\u00e9tine.<sup>8<\/sup><\/p>\n\n\n\n<p><strong>Cellules bipolaires<\/strong><\/p>\n\n\n\n<p>Les cellules bipolaires sont responsables de la transmission des impulsions \u00e9lectriques des photor\u00e9cepteurs aux cellules ganglionnaires, horizontales et amacrines.<sup>1<\/sup><\/p>\n\n\n\n<p><strong>Cellules ganglionnaires<\/strong><\/p>\n\n\n\n<p>Les cellules ganglionnaires re\u00e7oivent les impulsions \u00e9lectriques des cellules bipolaires et les transmettent au cerveau. Il est important de noter que les cellules ganglionnaires sont la seule source de sortie de la r\u00e9tine.<sup>1<\/sup><\/p>\n\n\n\n<p><strong>Choro\u00efde<\/strong><\/p>\n\n\n\n<p>La choro\u00efde est le seul fournisseur d&rsquo;oxyg\u00e8ne et de nutriments aux couches externes de la r\u00e9tine et constitue la principale voie d&rsquo;\u00e9limination des d\u00e9chets de la r\u00e9tine. \u00c9tant donn\u00e9 le taux m\u00e9tabolique \u00e9lev\u00e9 des photor\u00e9cepteurs, le plus \u00e9lev\u00e9 de toutes les cellules du corps, la choro\u00efde est l&rsquo;un des tissus les plus vascularis\u00e9s du corps.<sup>17<\/sup><\/p>\n\n\n\n<p><strong>Corn\u00e9e<\/strong><\/p>\n\n\n\n<p>La corn\u00e9e est la surface externe transparente de l&rsquo;\u0153il qui recouvre l&rsquo;iris et la pupille. La corn\u00e9e est responsable de la majeure partie de la r\u00e9fraction n\u00e9cessaire pour focaliser la lumi\u00e8re entrante sur la r\u00e9tine.<sup>9<\/sup><\/p>\n\n\n\n<p><strong>D\u00e9g\u00e9n\u00e9rescence maculaire li\u00e9e \u00e0 l&rsquo;\u00e2ge (DMLA)<\/strong><\/p>\n\n\n\n<p>La d\u00e9g\u00e9n\u00e9rescence maculaire li\u00e9e \u00e0 l&rsquo;\u00e2ge (DMLA) est une maladie d\u00e9g\u00e9n\u00e9rative qui affecte la r\u00e9gion maculaire de la r\u00e9tine et entra\u00eene une perte progressive et irr\u00e9versible de la vision.<sup>3<\/sup><\/p>\n\n\n\n<p><meta charset=\"utf-8\"><strong>DMLA atrophique<\/strong><\/p>\n\n\n\n<p><meta charset=\"utf-8\">Geographic Atrophy is a term used to describe the advanced form of dry age-related macular degeneration (AMD). G\u00e9ographie L&rsquo;atrophie est un terme utilis\u00e9 pour d\u00e9crire la forme avanc\u00e9e de la d\u00e9g\u00e9n\u00e9rescence maculaire li\u00e9e \u00e0 l&rsquo;\u00e2ge (DMLA) s\u00e8che. On l&rsquo;appelle Atrophie G\u00e9ographique car la zone de d\u00e9g\u00e9n\u00e9rescence affect\u00e9e ressemble \u00e0 une carte pour l&rsquo;ophtalmologiste.<sup>12<\/sup><\/p>\n\n\n\n<p><strong>Drusen<\/strong><\/p>\n\n\n\n<p>Les drusen sont de petits d\u00e9p\u00f4ts jaunes de prot\u00e9ines grasses (lipides) qui s&rsquo;accumulent sous la r\u00e9tine. Ils constituent une caract\u00e9ristique essentielle des syst\u00e8mes de classification utilis\u00e9s pour classer le stade et la gravit\u00e9 de la DMLA.<sup>13<\/sup><\/p>\n\n\n\n<p><strong>\u00c9pith\u00e9lium pigment\u00e9 r\u00e9tinien (EPR)<\/strong><\/p>\n\n\n\n<p>L&rsquo;\u00e9pith\u00e9lium pigment\u00e9 r\u00e9tinien (EPR) est une couche unique de cellules situ\u00e9e dans la couche externe de la r\u00e9tine. L&rsquo;EPR joue un r\u00f4le essentiel dans le maintien de la fonction visuelle.<sup>9<\/sup><\/p>\n\n\n\n<p><strong>Essais initiaux<\/strong><\/p>\n\n\n\n<p>L&rsquo;\u00e9valuation initiale d&rsquo;un patient pour \u00e9valuer sa vision et rechercher des signes ou des sympt\u00f4mes d&rsquo;une maladie oculaire, y compris la DMLA.<sup>4<\/sup><\/p>\n\n\n\n<p><strong>Examen du fond d&rsquo;\u0153il<\/strong><\/p>\n\n\n\n<p>L&rsquo;examen du fond de l&rsquo;\u0153il est syst\u00e9matiquement effectu\u00e9 dans le cadre d&rsquo;un examen oculaire pour \u00e9valuer la sant\u00e9 globale de la r\u00e9tine, car de nombreuses caract\u00e9ristiques de la DMLA sont visibles \u00e0 l&rsquo;examen du fond de l&rsquo;\u0153il.<sup>1<\/sup><\/p>\n\n\n\n<p><strong>Fond de l&rsquo;\u0153il<\/strong><\/p>\n\n\n\n<p>Le fond de l&rsquo;\u0153il est la surface int\u00e9rieure et post\u00e9rieure de l&rsquo;\u0153il. Elle est compos\u00e9e de la r\u00e9tine, de la macula, du disque optique, de la fov\u00e9a et des vaisseaux sanguins.<sup>15<\/sup><\/p>\n\n\n\n<p><strong>Fov\u00e9a<\/strong><\/p>\n\n\n\n<p>La fov\u00e9a est la partie situ\u00e9e au centre de la macula. Il s&rsquo;agit de la zone o\u00f9 l&rsquo;acuit\u00e9 visuelle de l&rsquo;\u0153il est la plus \u00e9lev\u00e9e.<sup>9<\/sup><\/p>\n\n\n\n<p><strong>Grille d&rsquo;Amsler<\/strong><\/p>\n\n\n\n<p>La grille d&rsquo;Amsler est un dispositif utilis\u00e9 pour d\u00e9pister la DMLA. Les patients fixent d&rsquo;un \u0153il \u00e0 la fois le petit point au centre de la grille pour \u00e9valuer les d\u00e9ficiences du champ visuel et de la d\u00e9tection des lignes.<sup>4<\/sup><\/p>\n\n\n\n<p><strong>Humeur vitr\u00e9e<\/strong><\/p>\n\n\n\n<p>La scl\u00e9rotique forme les tissus fibreux \u00e9pais qui constituent la couche externe blanche de l&rsquo;\u0153il. Il est compos\u00e9 de fibres de collag\u00e8ne et d&rsquo;\u00e9lastine qui agissent comme un tissu de soutien prot\u00e9geant des d\u00e9bris et des infections, tout en fournissant une structure \u00e0 l&rsquo;\u0153il.<sup>9<\/sup><\/p>\n\n\n\n<p><strong>Iris &amp; Pupille<\/strong><\/p>\n\n\n\n<p>L&rsquo;iris r\u00e9gule la quantit\u00e9 de lumi\u00e8re qui entre dans l&rsquo;\u0153il en resserrant ou en \u00e9largissant la pupille.<sup>9<\/sup><\/p>\n\n\n\n<p><strong>Le nerf optique<\/strong><\/p>\n\n\n\n<p>Le nerf optique est constitu\u00e9 d&rsquo;un faisceau de fibres nerveuses qui est responsable de la transmission des informations visuelles de la r\u00e9tine au cerveau.<sup>9<\/sup><\/p>\n\n\n\n<p><strong>Macula<\/strong><\/p>\n\n\n\n<p>La macula est une petite zone pigment\u00e9e situ\u00e9e au centre de la r\u00e9tine qui est responsable de la vision centrale et de la perception des couleurs.<sup>9<\/sup><\/p>\n\n\n\n<p><strong>Meilleure acuit\u00e9 visuelle corrig\u00e9e (BCVA)<\/strong><\/p>\n\n\n\n<p>Le test de la meilleure acuit\u00e9 visuelle corrig\u00e9e (BVCA) est utilis\u00e9 pour d\u00e9terminer l&rsquo;acuit\u00e9 visuelle fov\u00e9ale (ou centrale).<sup>7<\/sup><\/p>\n\n\n\n<p><strong>Microperim\u00e9trie<\/strong><\/p>\n\n\n\n<p>La microp\u00e9rim\u00e9trie est un test du champ visuel qui permet de cartographier spatialement la fonction des photor\u00e9cepteurs dans la macula.<sup>6<\/sup><\/p>\n\n\n\n<p><strong>N\u00e9ovascularisation choro\u00efdienne<\/strong><\/p>\n\n\n\n<p>Ce terme d\u00e9crit la croissance de nouveaux vaisseaux sanguins qui partent de la choro\u00efde \u00e0 travers une rupture de la membrane de Bruch pour atteindre l&rsquo;\u00e9pith\u00e9lium pigmentaire sous-r\u00e9tinien ou l&rsquo;espace sous-r\u00e9tinien. La n\u00e9ovascularisation choro\u00efdienne est une cause majeure de perte de vision.<sup>16<\/sup><\/p>\n\n\n\n<p><strong>Objectif<\/strong><\/p>\n\n\n\n<p>Le cristallin est une structure transparente situ\u00e9e derri\u00e8re l&rsquo;iris et la pupille qui contribue, en plus de la corn\u00e9e, \u00e0 r\u00e9fracter la lumi\u00e8re sur la r\u00e9tine. La lentille fournit la puissance de mise au point gr\u00e2ce \u00e0 un processus appel\u00e9 accommodation.<sup>9<\/sup><\/p>\n\n\n\n<p><strong>Ophtalmoscopie<\/strong><\/p>\n\n\n\n<p>L&rsquo;ophtalmoscopie, ou fundoscopie, est utilis\u00e9e pour examiner le fond de l&rsquo;\u0153il et est souvent r\u00e9alis\u00e9e dans le cadre d&rsquo;un examen oculaire de routine.<sup>4<\/sup><\/p>\n\n\n\n<p><strong>Photor\u00e9cepteurs<\/strong><\/p>\n\n\n\n<p>Les photor\u00e9cepteurs sont des cellules sensorielles sp\u00e9ciales qui convertissent la lumi\u00e8re en impulsions \u00e9lectriques.<sup>1<\/sup><\/p>\n\n\n\n<p><strong>R\u00e9tine<\/strong><\/p>\n\n\n\n<p>La r\u00e9tine est une fine couche de tissu situ\u00e9e \u00e0 l&rsquo;arri\u00e8re de l&rsquo;\u0153il. La r\u00e9tine convertit la lumi\u00e8re en impulsions \u00e9lectriques qui sont envoy\u00e9es au cerveau et trait\u00e9es pour cr\u00e9er la vision.<sup>9<\/sup><\/p>\n\n\n\n<p><strong>Scl\u00e9rotique<\/strong><\/p>\n\n\n\n<p>La scl\u00e9rotique forme les tissus fibreux \u00e9pais qui constituent la couche externe blanche de l&rsquo;\u0153il. Il est compos\u00e9 de fibres de collag\u00e8ne et d&rsquo;\u00e9lastine qui agissent comme un tissu de soutien prot\u00e9geant des d\u00e9bris et des infections, tout en fournissant une structure \u00e0 l&rsquo;\u0153il.<sup>9<\/sup><\/p>\n\n\n\n<p><strong>Syst\u00e8me de compl\u00e9ment<\/strong><\/p>\n\n\n\n<p>Le syst\u00e8me du compl\u00e9ment (ou cascade du compl\u00e9ment) est un r\u00e9seau biologique complexe qui constitue un \u00e9l\u00e9ment majeur du syst\u00e8me immunitaire inn\u00e9. C&rsquo;est l&rsquo;une des premi\u00e8res lignes de d\u00e9fense contre les agents pathog\u00e8nes envahissants.<sup>11<\/sup><\/p>\n\n\n\n<p><strong>Syst\u00e8me immunitaire<\/strong><\/p>\n\n\n\n<p>Le syst\u00e8me immunitaire est un r\u00e9seau complexe d&rsquo;organes, de cellules et de prot\u00e9ines qui travaillent ensemble pour prot\u00e9ger l&rsquo;organisme.<sup>5<\/sup><\/p>\n\n\n\n<p><strong>Syst\u00e8me immunitaire adaptatif<\/strong><\/p>\n\n\n\n<p>La r\u00e9ponse immunitaire adaptative est la deuxi\u00e8me ligne de d\u00e9fense apr\u00e8s le syst\u00e8me immunitaire inn\u00e9 et d\u00e9truit les agents pathog\u00e8nes envahissants en produisant une r\u00e9ponse sp\u00e9cifique. Cependant, la r\u00e9ponse immunitaire adaptative prend de quelques jours \u00e0 quelques semaines pour se d\u00e9velopper.<sup>10<\/sup><\/p>\n\n\n\n<p><strong>Syst\u00e8me immunitaire inn\u00e9<\/strong><\/p>\n\n\n\n<p>Le syst\u00e8me immunitaire inn\u00e9 est compos\u00e9 de barri\u00e8res physiques, de barri\u00e8res chimiques et de r\u00e9ponses immunitaires cellulaires qui travaillent ensemble pour prot\u00e9ger l&rsquo;organisme.<sup>10<\/sup><\/p>\n\n\n\n<p><strong>Tests de diagnostic<\/strong><\/p>\n\n\n\n<p>Les tests d&rsquo;imagerie diagnostique sont utilis\u00e9s pour examiner la pr\u00e9sence et les caract\u00e9ristiques des traits de la DMLA chez un patient.<sup>4<\/sup><\/p>\n\n\n\n<p><strong>Tomographie par coh\u00e9rence optique (OCT)<\/strong><\/p>\n\n\n\n<p>La tomographie par coh\u00e9rence optique (OCT) est un examen qui utilise de grandes longueurs d&rsquo;onde de lumi\u00e8re pour prendre rapidement des images en coupe de la r\u00e9tine et des structures environnantes. L&rsquo;OCT permet de visualiser en 2D et en 3D chacune des couches distinctes de la r\u00e9tine afin de mesurer l&rsquo;\u00e9paisseur de la r\u00e9tine. L&rsquo;\u00e9paisseur de la r\u00e9tine peut \u00eatre utilis\u00e9e pour identifier les zones d&rsquo;atrophie et surveiller la progression.<sup>18<\/sup><\/p>\n\n\n\n<p><br><br>R\u00e9f\u00e9rences:<\/p>\n\n\n\n<ol type=\"1\"><li>Bear, M., Connors, B. &amp; Paradiso, M. Neuroscience: Exploring the Brain (Third Edition). Library (Lond). (2006) doi:10.1007\/BF02234670.<\/li><li>Mitchell, P., Liew, G., Gopinath, B. &amp; Wong, T. Y. Age-related macular degeneration. <a href=\"http:\/\/www.thelancet.comvol\">www.thelancet.comvol<\/a>. 392 <a href=\"http:\/\/www.thelancet.com\">www.thelancet.com<\/a> (2018).<\/li><li>Fleckenstein, M. et al.The progression of geographic atrophy secondary to age-related macular degeneration. Ophthalmology125, 369\u2013390 (2018).<\/li><li>American&nbsp; Academy&nbsp; of&nbsp; Ophthalmology. Age-Related&nbsp; Macular&nbsp; Degeneration&nbsp; Preferred Practice Pattern. (2019).<\/li><li>Sattler, S. The role of the immune system beyond the fight against infection. in Advances in Experimental Medicine and Biology vol. 1003 3\u201314 (Springer New York LLC, 2017).\u00a0\u00bb<\/li><li>Csaky,&nbsp; K.&nbsp; G. et&nbsp; al.Microperimetry&nbsp; for&nbsp; geographic&nbsp; atrophy&nbsp; secondary&nbsp; to&nbsp; age-related macular degeneration. Surv. Ophthalmol.64, 353\u2013364 (2019).<\/li><li>Lakshminarayanan, V. Visual acuity. in Handbook of Visual Display Technologyvol. 1 93\u201399 (Springer Berlin Heidelberg, 2012).<\/li><li>Yung, M., Klufas, M. A. &amp; Sarraf, D. Clinical applications of fundus autofluorescence in retinal disease. International Journal of Retina and Vitreous vol. 2 (2016).<\/li><li>Remington, L. A. Aqueous and Vitreous Humors. in Clinical Anatomy and Physiology ofthe Visual System 109\u2013122 (Elsevier Health Sciences, 2012). doi:10.1016\/b978-1-4377-1926-0.10006-2.\u00a0\u00bb<\/li><li>Janeway, C. J., Travers, P., Walport, M. &amp; Al., E. Immunobiology: The Immune System in Health and Disease. 5th Edition. (2001).\u00a0\u00bb Immune System in Health and Disease. 5th edition. (Garland Science, 2001).\u00a0\u00bb<\/li><li>Merle, N. S., Noe, R., Halbwachs-Mecarelli, L., Fremeaux-Bacchi, V. &amp; Roumenina, L. T. Complement system part II: Role in immunity. Frontiers in Immunologyvol. 6 (2015).<\/li><li>What is Geographic Atrophy? Bright Focus Foundation. Accessed Apr. 29, 2021. &nbsp;https:\/\/www.brightfocus.org\/macular\/article\/what-geographic-atrophy<\/li><li>Bonnel, S., Mohand-Said, S. &amp; Sahel, J. A. The aging of the retina. Exp. Gerontol. (2003) doi:10.1016\/S0531-5565(03)00093-7.<\/li><li>Ambati, J. &amp; Fowler, B. J. Mechanisms of age-related macular degeneration. Neuron vol. 75 26\u201339 (2012).<\/li><li>American&nbsp; Academy&nbsp; of&nbsp; Ophthalmology. Fundus. Accessed Apr. 29, 2021. https:\/\/www.aao.org\/eye-health\/anatomy\/fundus<\/li><li>Elshatory, Y. Age-related macular degeneration. https:\/\/eyewiki.aao.org\/Agerelated_macular_degeneration#cite_note-34 (2019).<\/li><li>Holz, F. G. et al. Efficacy and safety of lampalizumab for geographic atrophy due to age-related macular degeneration: Chroma and spectri phase 3 randomized clinical trials. JAMA Ophthalmol. 136, 666\u2013677 (2018).<\/li><li>Holz, F. G. et al. Imaging protocols in clinical studies in advanced age-related macular degeneration: recommendations from classification of atrophy consensus Meetings. Ophthalmology 124, 464\u2013478 (2017).<\/li><\/ol>\n\n\n\n<p><br><\/p>\n\n\n\n<p><\/p>\n","protected":false},"excerpt":{"rendered":"<p>GLOSSAIRE Acuit\u00e9 visuelle \u00e0 faible luminosit\u00e9 (LLVA) Un test d&rsquo;acuit\u00e9 visuelle \u00e0 faible luminosit\u00e9 (LLVA) est utilis\u00e9 pour mesurer la fonction visuelle \u00e0 faible luminosit\u00e9. Les patients atteints de DMLA avanc\u00e9e ont tendance \u00e0 avoir une mauvaise acuit\u00e9 visuelle en cas de faible luminosit\u00e9.3 Atrophie Tissu corporel ou organe qui d\u00e9p\u00e9rit, notamment en raison de [&hellip;]<\/p>\n","protected":false},"author":1,"featured_media":0,"parent":0,"menu_order":0,"comment_status":"closed","ping_status":"closed","template":"","meta":[],"_links":{"self":[{"href":"https:\/\/dryamd.eu\/fr\/wp-json\/wp\/v2\/pages\/209"}],"collection":[{"href":"https:\/\/dryamd.eu\/fr\/wp-json\/wp\/v2\/pages"}],"about":[{"href":"https:\/\/dryamd.eu\/fr\/wp-json\/wp\/v2\/types\/page"}],"author":[{"embeddable":true,"href":"https:\/\/dryamd.eu\/fr\/wp-json\/wp\/v2\/users\/1"}],"replies":[{"embeddable":true,"href":"https:\/\/dryamd.eu\/fr\/wp-json\/wp\/v2\/comments?post=209"}],"version-history":[{"count":4,"href":"https:\/\/dryamd.eu\/fr\/wp-json\/wp\/v2\/pages\/209\/revisions"}],"predecessor-version":[{"id":1492,"href":"https:\/\/dryamd.eu\/fr\/wp-json\/wp\/v2\/pages\/209\/revisions\/1492"}],"wp:attachment":[{"href":"https:\/\/dryamd.eu\/fr\/wp-json\/wp\/v2\/media?parent=209"}],"curies":[{"name":"wp","href":"https:\/\/api.w.org\/{rel}","templated":true}]}}