{"id":384,"date":"2021-05-03T06:45:54","date_gmt":"2021-05-03T06:45:54","guid":{"rendered":"https:\/\/dryamd.eu\/?page_id=384"},"modified":"2023-05-16T15:25:36","modified_gmt":"2023-05-16T15:25:36","slug":"mentions-legales","status":"publish","type":"page","link":"https:\/\/dryamd.eu\/fr\/mentions-legales\/","title":{"rendered":"Mentions L\u00e9gales"},"content":{"rendered":"\n<h1 class=\"bgcolor-seperate mt-5\"><strong>MENTIONS L\u00c9GALES<\/strong><br><\/h1>\n\n\n\n<p>Publi\u00e9 par\u00a0:<br>Apellis International GmbH<br>Z\u00e4hlerweg 10 <br>CH-6300 Zoug<br>Suisse<\/p>\n\n\n\n<p>Num\u00e9ro d&rsquo;entreprise&nbsp;: CHE-200.662.403<br>E-mail: Les demandes de renseignements peuvent<br>\u00eatre envoy\u00e9es \u00e0&nbsp;:&nbsp;<a href=\"mailto:info@apellis.com\">info@apellis.com<\/a><\/p>\n\n\n\n<p>      <\/p>\n\n\n\n<p>EU-GA-2100004<\/p>\n","protected":false},"excerpt":{"rendered":"<p>MENTIONS L\u00c9GALES Publi\u00e9 par\u00a0:Apellis International GmbHZ\u00e4hlerweg 10 CH-6300 ZougSuisse Num\u00e9ro d&rsquo;entreprise&nbsp;: CHE-200.662.403E-mail: Les demandes de renseignements peuvent\u00eatre envoy\u00e9es \u00e0&nbsp;:&nbsp;info@apellis.com EU-GA-2100004<\/p>\n","protected":false},"author":1,"featured_media":0,"parent":0,"menu_order":0,"comment_status":"closed","ping_status":"closed","template":"","meta":[],"_links":{"self":[{"href":"https:\/\/dryamd.eu\/fr\/wp-json\/wp\/v2\/pages\/384"}],"collection":[{"href":"https:\/\/dryamd.eu\/fr\/wp-json\/wp\/v2\/pages"}],"about":[{"href":"https:\/\/dryamd.eu\/fr\/wp-json\/wp\/v2\/types\/page"}],"author":[{"embeddable":true,"href":"https:\/\/dryamd.eu\/fr\/wp-json\/wp\/v2\/users\/1"}],"replies":[{"embeddable":true,"href":"https:\/\/dryamd.eu\/fr\/wp-json\/wp\/v2\/comments?post=384"}],"version-history":[{"count":3,"href":"https:\/\/dryamd.eu\/fr\/wp-json\/wp\/v2\/pages\/384\/revisions"}],"predecessor-version":[{"id":1634,"href":"https:\/\/dryamd.eu\/fr\/wp-json\/wp\/v2\/pages\/384\/revisions\/1634"}],"wp:attachment":[{"href":"https:\/\/dryamd.eu\/fr\/wp-json\/wp\/v2\/media?parent=384"}],"curies":[{"name":"wp","href":"https:\/\/api.w.org\/{rel}","templated":true}]}}