{"id":209,"date":"2021-04-29T13:50:51","date_gmt":"2021-04-29T13:50:51","guid":{"rendered":"https:\/\/dryamd.eu\/?page_id=209"},"modified":"2022-05-12T15:25:37","modified_gmt":"2022-05-12T15:25:37","slug":"glossario","status":"publish","type":"page","link":"https:\/\/dryamd.eu\/it\/glossario\/","title":{"rendered":"Glossario"},"content":{"rendered":"\n<h1 class=\"bgcolor-seperate mt-5\"><strong>GLOSSARIO<\/strong><\/h1>\n\n\n\n<p><strong>Acutezza visiva a bassa luminosit\u00e0 (LLVA)<\/strong><\/p>\n\n\n\n<p>Il test di acutezza visiva a bassa luminosit\u00e0 (LLVA) serve a misurare la funzionalit\u00e0 visiva in condizioni di scarsa luminosit\u00e0. I pazienti con AMD avanzata tendono ad avere una scarsa acutezza visiva in condizioni di scarsa illuminazione.<sup>3<\/sup><\/p>\n\n\n\n<p><strong>Atrofia<\/strong><\/p>\n\n\n\n<p>Tessuto corporeo od organo che deperisce, soprattutto a causa della degenerazione delle cellule.<sup>14<\/sup><\/p>\n\n\n\n<p><strong>Atrofia geografica (GA)<\/strong><\/p>\n\n\n\n<p>Il termine \u201catrofia geografica\u201d \u00e8 usato per definire la forma avanzata di degenerazione maculare secca legata all&#8217;et\u00e0 (AMD). Si chiama cos\u00ec perch\u00e9 l&#8217;area di degenerazione colpita assomiglia a una mappa.<sup>12<\/sup><\/p>\n\n\n\n<p><strong>Cellule bipolari<\/strong><\/p>\n\n\n\n<p>Le cellule bipolari sono responsabili della trasmissione degli impulsi elettrici dai fotorecettori alle cellule gangliari, orizzontali e amacrine.<sup>1<\/sup><\/p>\n\n\n\n<p><strong>Cellule gangliari<\/strong><\/p>\n\n\n\n<p>Le cellule gangliari ricevono gli impulsi elettrici dalle cellule bipolari e li trasmettono al cervello. Importante: le cellule gangliari sono l&#8217;unica fonte di informazioni dalla retina.<sup>1<\/sup><\/p>\n\n\n\n<p><strong>Cornea<\/strong><\/p>\n\n\n\n<p>La cornea \u00e8 la superficie esterna trasparente dell&#8217;occhio che copre l&#8217;iride e la pupilla. La cornea \u00e8 responsabile della maggior parte della rifrazione necessaria per mettere a fuoco la luce in arrivo sulla retina.<sup>9<\/sup><\/p>\n\n\n\n<p><strong>Coroide<\/strong><\/p>\n\n\n\n<p>La coroide \u00e8 l&#8217;unico fornitore di ossigeno e nutrienti agli strati esterni della retina ed \u00e8 la via principale attraverso la quale i rifiuti vengono eliminati dalla retina. Dato l&#8217;alto tasso metabolico dei fotorecettori, il pi\u00f9 alto di qualsiasi cellula del corpo, la coroide \u00e8 uno dei tessuti pi\u00f9 vascolarizzati del corpo.<sup>17<\/sup><\/p>\n\n\n\n<p><strong>Cristallino<\/strong><\/p>\n\n\n\n<p>Il cristallino \u00e8 una struttura trasparente situata dietro l&#8217;iride e la pupilla che, insieme alla cornea, aiuta a rifrangere la luce sulla retina. Il cristallino fornisce il potere di messa a fuoco attraverso un processo chiamato accomodamento.<sup>9<\/sup><\/p>\n\n\n\n<p><strong>Degenerazione maculare legata all&#8217;et\u00e0 (AMD)<\/strong><\/p>\n\n\n\n<p>La degenerazione maculare legata all&#8217;et\u00e0 (AMD) \u00e8 una malattia degenerativa che colpisce la regione maculare della retina, causando una perdita progressiva e irreversibile della vista.<sup>3<\/sup><\/p>\n\n\n\n<p><strong>Drusen<\/strong><\/p>\n\n\n\n<p>Le drusen sono piccoli depositi gialli di proteine grasse (lipidi) che si accumulano sotto la retina. Sono una caratteristica chiave dei sistemi di classificazione dello stadio e della gravit\u00e0 dell\u2019AMD.<sup>13<\/sup><\/p>\n\n\n\n<p><strong>Epitelio pigmentato retinico (RPE)<\/strong><\/p>\n\n\n\n<p>L&#8217;epitelio pigmentato retinico (RPE) \u00e8 un singolo strato di cellule nello strato esterno della retina. Svolge un ruolo cruciale nel mantenimento della funzione visiva.<sup>9<\/sup><\/p>\n\n\n\n<p><strong>Esame del fondo oculare<\/strong><\/p>\n\n\n\n<p>L&#8217;esame del fundus viene eseguito di routine nell\u2019ambito di una visita oculistica per valutare la salute generale della retina, poich\u00e9 con questa tecnica sono visibili molte caratteristiche dell\u2019AMD.<sup>1<\/sup><\/p>\n\n\n\n<p><strong>Fotorecettori<\/strong><\/p>\n\n\n\n<p>I fotorecettori sono speciali cellule sensoriali che convertono la luce in impulsi elettrici.<sup>1<\/sup><\/p>\n\n\n\n<p><strong>Fovea<\/strong><\/p>\n\n\n\n<p>La fovea \u00e8 la parte al centro della macula. \u00c8 l&#8217;area con la pi\u00f9 alta acutezza visiva dell\u2019occhio.<sup>9<\/sup><\/p>\n\n\n\n<p><strong>Fundus<\/strong><\/p>\n\n\n\n<p>Il fundus o fondo oculare \u00e8 la superficie interna e posteriore dell&#8217;occhio. \u00c8 composta da retina, macula, disco ottico, fovea e vasi sanguigni.<sup>15<\/sup><\/p>\n\n\n\n<p><strong>Fundus camera<\/strong><\/p>\n\n\n\n<p>La fundus camera \u00e8 un sistema di imaging digitale che cattura l&#8217;autofluorescenza usando un singolo flash di luce. La fundus camera puo&#8217;catturare immagini della retina sia a colori che monocromatiche.<sup>8<\/sup><\/p>\n\n\n\n<p><strong>Griglia di Amsler<\/strong><\/p>\n\n\n\n<p>La griglia di Amsler \u00e8 un dispositivo utilizzato per lo screening dell&#8217;AMD. I pazienti fissano con un occhio alla volta il piccolo punto al centro della griglia per valutare i danni al campo visivo e nel rilevamento delle linee.<sup>4<\/sup><\/p>\n\n\n\n<p><strong>Iride e pupilla<\/strong><\/p>\n\n\n\n<p>L&#8217;iride regola la quantit\u00e0 di luce che entra nell&#8217;occhio restringendo o espandendo la pupilla.<sup>9<\/sup><\/p>\n\n\n\n<p><strong>Macula<\/strong><\/p>\n\n\n\n<p>La macula \u00e8 una piccola area pigmentata al centro della retina che \u00e8 responsabile della visione centrale e della percezione dei colori.<sup>9<\/sup><\/p>\n\n\n\n<p><strong>Massima acutezza visiva corretta (BCVA)<\/strong><\/p>\n\n\n\n<p>I<meta charset=\"utf-8\">l test della massima acutezza visiva corretta (BVCA) \u00e8 usato per determinare l&#8217;acuit\u00e0 visiva foveale (o centrale).<sup>7<\/sup><\/p>\n\n\n\n<p><strong><meta charset=\"utf-8\"><strong>Microperimetria<\/strong><\/strong><\/p>\n\n\n\n<p><meta charset=\"utf-8\">La microperimetria \u00e8 un test del campo visivo che viene utilizzato per mappare la funzionalita&#8217;dei fotorecettori nella macula.<sup>6<\/sup><\/p>\n\n\n\n<p><strong>Neovascolarizzazione coroideale<\/strong><\/p>\n\n\n\n<p>Questo termine descrive la crescita di nuovi vasi sanguigni che hanno origine dalla coroide attraverso una rottura della membrana di Bruch nell&#8217;epitelio pigmentato sottoretinico o nello spazio sottoretinico. La neovascolarizzazione coroideale \u00e8 una delle principali cause di perdita della vista.<sup>16<\/sup><\/p>\n\n\n\n<p><strong>Nervo ottico<\/strong><\/p>\n\n\n\n<p>Il nervo ottico consiste in un fascio di fibre nervose che \u00e8 responsabile della trasmissione delle informazioni visive dalla retina al cervello.<sup>9<\/sup><\/p>\n\n\n\n<p><strong>Oftalmoscopia<\/strong><\/p>\n\n\n\n<p>L&#8217;oftalmoscopia, o fondoscopia, \u00e8 usata per esaminare il fondo oculare ed \u00e8 spesso eseguita nel quadro di un esame oculistico di routine.<sup>4<\/sup><\/p>\n\n\n\n<p><strong>Retina<\/strong><\/p>\n\n\n\n<p>La retina \u00e8 un sottile strato di tessuto nella parte posteriore dell&#8217;occhio. La retina converte la luce in impulsi elettrici che vengono inviati al cervello ed elaborati per creare la visione.<sup>9<\/sup><\/p>\n\n\n\n<p><strong>Sclera<\/strong><\/p>\n\n\n\n<p>La sclera forma gli spessi tessuti fibrosi che costituiscono lo strato esterno bianco dell&#8217;occhio. \u00c8 composto da fibre di collagene ed elastina che funzionano come un tessuto di supporto che protegge dai detriti e dalle infezioni oltre a fornire struttura all\u2019occhio.<sup>9<\/sup><\/p>\n\n\n\n<p><strong>Sistema del complemento<\/strong><\/p>\n\n\n\n<p>Il sistema del complemento (o cascata del complemento) \u00e8 una complessa rete biologica che \u00e8 una componente importante del sistema immunitario innato. \u00c8 una delle prime linee di difesa contro gli agenti patogeni invasori.<sup>11<\/sup><\/p>\n\n\n\n<p><strong>Sistema immunitario<\/strong><\/p>\n\n\n\n<p>Il sistema immunitario \u00e8 una complessa rete di organi, cellule e proteine che lavorano insieme per proteggere il corpo.<sup>5<\/sup><\/p>\n\n\n\n<p><strong>Sistema immunitario adattivo<\/strong><\/p>\n\n\n\n<p>La risposta immunitaria adattativa \u00e8 la seconda linea di difesa dopo il sistema immunitario innato e distrugge gli agenti patogeni invasori producendo una risposta specifica. Tuttavia, la risposta immunitaria adattativa richiede da diversi giorni a settimane per svilupparsi.<sup>10<\/sup><\/p>\n\n\n\n<p><strong>Sistema immunitario innato<\/strong><\/p>\n\n\n\n<p>Il sistema immunitario innato \u00e8 composto da barriere fisiche, barriere chimiche e risposte immunitarie cellulari che lavorano insieme per proteggere il corpo.<sup>10<\/sup><\/p>\n\n\n\n<p><strong>Test diagnostici<\/strong><\/p>\n\n\n\n<p>I test di diagnostica per immagini sono utilizzati per esaminare la presenza e le caratteristiche dell\u2019AMD in un paziente.<sup>4<\/sup><\/p>\n\n\n\n<p><strong>Test iniziale<\/strong><\/p>\n\n\n\n<p>Esame iniziale di un paziente per valutare la sua visione e cercare segni o sintomi di una malattia dell&#8217;occhio, ad esempio l\u2019AMD.<sup>4<\/sup><\/p>\n\n\n\n<p><strong>Tomografia a coerenza ottica (OCT)<\/strong><\/p>\n\n\n\n<p>La tomografia a coerenza ottica (OCT) \u00e8 un test che utilizza lunghe lunghezze d&#8217;onda della luce per catturare rapidamente immagini trasversali della retina e delle strutture circostanti. L&#8217;OCT permette la visualizzazione in 2D e 3D di ciascuno dei diversi strati della retina per misurarne lo spessore. Lo spessore retinico pu\u00f2 essere usato per identificare le aree di atrofia e monitorare la progressione.<sup>18<\/sup><\/p>\n\n\n\n<p><strong>Umore vitreo<\/strong><\/p>\n\n\n\n<p>L&#8217;umor vitreo comprende una grande porzione del bulbo oculare. \u00c8 una sostanza chiara simile a un gel che occupa lo spazio dietro la lente e davanti alla retina nella parte posteriore dell&#8217;occhio.<sup>9<\/sup><\/p>\n\n\n\n<p><br><br><br>Bibliografia<\/p>\n\n\n\n<ol type=\"1\"><li>Bear, M., Connors, B. &amp; Paradiso, M. Neuroscience: Exploring the Brain (Third Edition). Library (Lond). (2006) doi:10.1007\/BF02234670.<\/li><li>Mitchell, P., Liew, G., Gopinath, B. &amp; Wong, T. Y. Age-related macular degeneration. <a href=\"http:\/\/www.thelancet.comvol\">www.thelancet.comvol<\/a>. 392 <a href=\"http:\/\/www.thelancet.com\">www.thelancet.com<\/a> (2018).<\/li><li>Fleckenstein, M. et al.The progression of geographic atrophy secondary to age-related macular degeneration. Ophthalmology125, 369\u2013390 (2018).<\/li><li>American&nbsp; Academy&nbsp; of&nbsp; Ophthalmology. Age-Related&nbsp; Macular&nbsp; Degeneration&nbsp; Preferred Practice Pattern. (2019).<\/li><li>Sattler, S. The role of the immune system beyond the fight against infection. in Advances in Experimental Medicine and Biology vol. 1003 3\u201314 (Springer New York LLC, 2017).&#8221;<\/li><li>Csaky,&nbsp; K.&nbsp; G. et&nbsp; al.Microperimetry&nbsp; for&nbsp; geographic&nbsp; atrophy&nbsp; secondary&nbsp; to&nbsp; age-related macular degeneration. Surv. Ophthalmol.64, 353\u2013364 (2019).<\/li><li>Lakshminarayanan, V. Visual acuity. in Handbook of Visual Display Technologyvol. 1 93\u201399 (Springer Berlin Heidelberg, 2012).<\/li><li>Yung, M., Klufas, M. A. &amp; Sarraf, D. Clinical applications of fundus autofluorescence in retinal disease. International Journal of Retina and Vitreous vol. 2 (2016).<\/li><li>Remington, L. A. Aqueous and Vitreous Humors. in Clinical Anatomy and Physiology ofthe Visual System 109\u2013122 (Elsevier Health Sciences, 2012). doi:10.1016\/b978-1-4377-1926-0.10006-2.&#8221;<\/li><li>Janeway, C. J., Travers, P., Walport, M. &amp; Al., E. Immunobiology: The Immune System in Health and Disease. 5th Edition. (2001).&#8221; Immune System in Health and Disease. 5th edition. (Garland Science, 2001).&#8221;<\/li><li>Merle, N. S., Noe, R., Halbwachs-Mecarelli, L., Fremeaux-Bacchi, V. &amp; Roumenina, L. T. Complement system part II: Role in immunity. Frontiers in Immunologyvol. 6 (2015).<\/li><li>What is Geographic Atrophy? Bright Focus Foundation. Accessed Apr. 29, 2021. &nbsp;https:\/\/www.brightfocus.org\/macular\/article\/what-geographic-atrophy<\/li><li>Bonnel, S., Mohand-Said, S. &amp; Sahel, J. A. The aging of the retina. Exp. Gerontol. (2003) doi:10.1016\/S0531-5565(03)00093-7.<\/li><li>Ambati, J. &amp; Fowler, B. J. Mechanisms of age-related macular degeneration. Neuron vol. 75 26\u201339 (2012).<\/li><li>American&nbsp; Academy&nbsp; of&nbsp; Ophthalmology. Fundus. Accessed Apr. 29, 2021. https:\/\/www.aao.org\/eye-health\/anatomy\/fundus<\/li><li>Elshatory, Y. Age-related macular degeneration. https:\/\/eyewiki.aao.org\/Agerelated_macular_degeneration#cite_note-34 (2019).<\/li><li>Holz, F. G. et al. Efficacy and safety of lampalizumab for geographic atrophy due to age-related macular degeneration: Chroma and spectri phase 3 randomized clinical trials. JAMA Ophthalmol. 136, 666\u2013677 (2018).<\/li><li>Holz, F. G. et al. Imaging protocols in clinical studies in advanced age-related macular degeneration: recommendations from classification of atrophy consensus Meetings. Ophthalmology 124, 464\u2013478 (2017).<\/li><\/ol>\n\n\n\n<p><br><\/p>\n\n\n\n<p><\/p>\n","protected":false},"excerpt":{"rendered":"<p>GLOSSARIO Acutezza visiva a bassa luminosit\u00e0 (LLVA) Il test di acutezza visiva a bassa luminosit\u00e0 (LLVA) serve a misurare la funzionalit\u00e0 visiva in condizioni di scarsa luminosit\u00e0. I pazienti con AMD avanzata tendono ad avere una scarsa acutezza visiva in condizioni di scarsa illuminazione.3 Atrofia Tessuto corporeo od organo che deperisce, soprattutto a causa della [&hellip;]<\/p>\n","protected":false},"author":1,"featured_media":0,"parent":0,"menu_order":0,"comment_status":"closed","ping_status":"closed","template":"","meta":[],"_links":{"self":[{"href":"https:\/\/dryamd.eu\/it\/wp-json\/wp\/v2\/pages\/209"}],"collection":[{"href":"https:\/\/dryamd.eu\/it\/wp-json\/wp\/v2\/pages"}],"about":[{"href":"https:\/\/dryamd.eu\/it\/wp-json\/wp\/v2\/types\/page"}],"author":[{"embeddable":true,"href":"https:\/\/dryamd.eu\/it\/wp-json\/wp\/v2\/users\/1"}],"replies":[{"embeddable":true,"href":"https:\/\/dryamd.eu\/it\/wp-json\/wp\/v2\/comments?post=209"}],"version-history":[{"count":11,"href":"https:\/\/dryamd.eu\/it\/wp-json\/wp\/v2\/pages\/209\/revisions"}],"predecessor-version":[{"id":1554,"href":"https:\/\/dryamd.eu\/it\/wp-json\/wp\/v2\/pages\/209\/revisions\/1554"}],"wp:attachment":[{"href":"https:\/\/dryamd.eu\/it\/wp-json\/wp\/v2\/media?parent=209"}],"curies":[{"name":"wp","href":"https:\/\/api.w.org\/{rel}","templated":true}]}}